{"id":8041,"date":"2024-11-29T16:26:01","date_gmt":"2024-11-29T14:26:01","guid":{"rendered":"http:\/\/new.divani.ro\/?post_type=product&#038;p=8041"},"modified":"2025-02-17T15:44:56","modified_gmt":"2025-02-17T13:44:56","slug":"canapea-soft","status":"publish","type":"product","link":"https:\/\/new.divani.ro\/en\/product\/canapea-soft\/","title":{"rendered":"Canapea Soft"},"content":{"rendered":"<p><strong>Canapeaua Soft<\/strong> este o pies\u0103 de mobilier elegant\u0103 \u0219i practic\u0103, perfect\u0103 pentru orice spa\u021biu modern. Designul s\u0103u minimalist \u0219i materialele de calitate superioar\u0103 fac din acest model o alegere ideal\u0103 pentru confort \u0219i func\u021bionalitate.<\/p>\n","protected":false},"excerpt":{"rendered":"<p><strong>Canapeaua Soft<\/strong> este o pies\u0103 de mobilier elegant\u0103 \u0219i practic\u0103, perfect\u0103 pentru orice spa\u021biu modern. Designul s\u0103u minimalist \u0219i materialele de calitate superioar\u0103 fac din acest model o alegere ideal\u0103 pentru confort \u0219i func\u021bionalitate.<\/p>\n<h4>Caracteristici cheie:<\/h4>\n<ul>\n<li><strong>Dimensiuni:<\/strong> 220 cm x 100 cm.<\/li>\n<li><strong>Spa\u021biu de dormit:<\/strong> 200 cm x 140 cm \u2013 generos \u0219i confortabil pentru odihn\u0103.<\/li>\n<li><strong>Material tapi\u021berie:<\/strong> Eco Lounge Shark, un material premium, rezistent \u0219i u\u0219or de \u00eentre\u021binut.<\/li>\n<li><strong>Func\u021bionalitate:<\/strong> Echipat\u0103 cu un spa\u021biu de depozitare \u00eenc\u0103p\u0103tor, ideal pentru locuin\u021be mici.<\/li>\n<\/ul>\n<p>Canapeaua Soft este o alegere versatil\u0103 pentru living, dormitor sau birou. Pernele sale moi \u0219i spa\u021biul extins pentru dormit asigur\u0103 confort maxim at\u00e2t pentru relaxare, c\u00e2t \u0219i pentru somn. Culoarea sa neutr\u0103 permite integrarea facil\u0103 \u00een orice tip de design interior, iar construc\u021bia solid\u0103 garanteaz\u0103 o utilizare \u00eendelungat\u0103.<\/p>\n","protected":false},"featured_media":8051,"template":"","meta":{"_acf_changed":false,"inline_featured_image":false},"product_brand":[],"product_cat":[15],"product_tag":[],"class_list":{"0":"post-8041","1":"product","2":"type-product","3":"status-publish","4":"has-post-thumbnail","6":"product_cat-canapele","8":"first","9":"instock","10":"shipping-taxable","11":"purchasable","12":"product-type-simple"},"acf":[],"yoast_head":"<!-- This site is optimized with the Yoast SEO Premium plugin v23.2 (Yoast SEO v27.2) - https:\/\/yoast.com\/product\/yoast-seo-premium-wordpress\/ -->\n<title>Canapea Soft \ufe0f<\/title>\n<meta name=\"description\" content=\"Canapeaua Soft este o pies\u0103 de mobilier elegant\u0103 \u0219i practic\u0103, perfect\u0103 pentru orice spa\u021biu modern. Designul s\u0103u minimalist \u0219i materialele de calitate superioar\u0103 fac din acest model o alegere ideal\u0103 pentru confort \u0219i func\u021bionalitate.\" \/>\n<meta name=\"robots\" content=\"noindex, follow, max-snippet:-1, max-image-preview:large, max-video-preview:-1\" \/>\n<meta property=\"og:locale\" content=\"en_US\" \/>\n<meta property=\"og:type\" content=\"article\" \/>\n<meta property=\"og:title\" content=\"Canapea Soft\" \/>\n<meta property=\"og:description\" content=\"Canapeaua Soft este o pies\u0103 de mobilier elegant\u0103 \u0219i practic\u0103, perfect\u0103 pentru orice spa\u021biu modern. Designul s\u0103u minimalist \u0219i materialele de calitate superioar\u0103 fac din acest model o alegere ideal\u0103 pentru confort \u0219i func\u021bionalitate.\" \/>\n<meta property=\"og:url\" content=\"https:\/\/new.divani.ro\/en\/product\/canapea-soft\/\" \/>\n<meta property=\"og:site_name\" content=\"DI&#039;VANI\" \/>\n<meta property=\"article:modified_time\" content=\"2025-02-17T13:44:56+00:00\" \/>\n<meta property=\"og:image\" content=\"https:\/\/new.divani.ro\/wp-content\/uploads\/2024\/11\/soft4.jpg\" \/>\n\t<meta property=\"og:image:width\" content=\"2000\" \/>\n\t<meta property=\"og:image:height\" content=\"1333\" \/>\n\t<meta property=\"og:image:type\" content=\"image\/jpeg\" \/>\n<meta name=\"twitter:card\" content=\"summary_large_image\" \/>\n<meta name=\"twitter:label1\" content=\"Price\" \/>\n\t<meta name=\"twitter:data1\" content=\"27 000&nbsp;MDL\" \/>\n\t<meta name=\"twitter:label2\" content=\"Availability\" \/>\n\t<meta name=\"twitter:data2\" content=\"In stock\" \/>\n<script type=\"application\/ld+json\" class=\"yoast-schema-graph\">{\"@context\":\"https:\/\/schema.org\",\"@graph\":[{\"@type\":\"WebPage\",\"@id\":\"https:\/\/new.divani.ro\/en\/product\/canapea-soft\/\",\"url\":\"https:\/\/new.divani.ro\/en\/product\/canapea-soft\/\",\"name\":\"Canapea Soft \ufe0f\",\"isPartOf\":{\"@id\":\"https:\/\/new.divani.ro\/en\/#website\"},\"primaryImageOfPage\":{\"@id\":\"https:\/\/new.divani.ro\/en\/product\/canapea-soft\/#primaryimage\"},\"image\":{\"@id\":\"https:\/\/new.divani.ro\/en\/product\/canapea-soft\/#primaryimage\"},\"thumbnailUrl\":\"https:\/\/new.divani.ro\/wp-content\/uploads\/2024\/11\/soft4.jpg\",\"datePublished\":\"2024-11-29T14:26:01+00:00\",\"dateModified\":\"2025-02-17T13:44:56+00:00\",\"description\":\"Canapeaua Soft este o pies\u0103 de mobilier elegant\u0103 \u0219i practic\u0103, perfect\u0103 pentru orice spa\u021biu modern. Designul s\u0103u minimalist \u0219i materialele de calitate superioar\u0103 fac din acest model o alegere ideal\u0103 pentru confort \u0219i func\u021bionalitate.\",\"breadcrumb\":{\"@id\":\"https:\/\/new.divani.ro\/en\/product\/canapea-soft\/#breadcrumb\"},\"inLanguage\":\"en-US\",\"potentialAction\":[{\"@type\":\"ReadAction\",\"target\":[\"https:\/\/new.divani.ro\/en\/product\/canapea-soft\/\"]}]},{\"@type\":\"ImageObject\",\"inLanguage\":\"en-US\",\"@id\":\"https:\/\/new.divani.ro\/en\/product\/canapea-soft\/#primaryimage\",\"url\":\"https:\/\/new.divani.ro\/wp-content\/uploads\/2024\/11\/soft4.jpg\",\"contentUrl\":\"https:\/\/new.divani.ro\/wp-content\/uploads\/2024\/11\/soft4.jpg\",\"width\":2000,\"height\":1333},{\"@type\":\"BreadcrumbList\",\"@id\":\"https:\/\/new.divani.ro\/en\/product\/canapea-soft\/#breadcrumb\",\"itemListElement\":[{\"@type\":\"ListItem\",\"position\":1,\"name\":\"Home\",\"item\":\"https:\/\/new.divani.ro\/en\/\"},{\"@type\":\"ListItem\",\"position\":2,\"name\":\"Catalog\",\"item\":\"https:\/\/new.divani.ro\/magazin\/\"},{\"@type\":\"ListItem\",\"position\":3,\"name\":\"Sofas\",\"item\":\"https:\/\/new.divani.ro\/en\/product-category\/sofas\/\"},{\"@type\":\"ListItem\",\"position\":4,\"name\":\"Canapea Soft\"}]},{\"@type\":\"WebSite\",\"@id\":\"https:\/\/new.divani.ro\/en\/#website\",\"url\":\"https:\/\/new.divani.ro\/en\/\",\"name\":\"DI'VANI\",\"description\":\"\",\"publisher\":{\"@id\":\"https:\/\/new.divani.ro\/en\/#organization\"},\"potentialAction\":[{\"@type\":\"SearchAction\",\"target\":{\"@type\":\"EntryPoint\",\"urlTemplate\":\"https:\/\/new.divani.ro\/en\/?s={search_term_string}\"},\"query-input\":{\"@type\":\"PropertyValueSpecification\",\"valueRequired\":true,\"valueName\":\"search_term_string\"}}],\"inLanguage\":\"en-US\"},{\"@type\":\"Organization\",\"@id\":\"https:\/\/new.divani.ro\/en\/#organization\",\"name\":\"DI'VANI\",\"url\":\"https:\/\/new.divani.ro\/en\/\",\"logo\":{\"@type\":\"ImageObject\",\"inLanguage\":\"en-US\",\"@id\":\"https:\/\/new.divani.ro\/en\/#\/schema\/logo\/image\/\",\"url\":\"https:\/\/new.divani.ro\/wp-content\/uploads\/2024\/04\/divanilogo.svg\",\"contentUrl\":\"https:\/\/new.divani.ro\/wp-content\/uploads\/2024\/04\/divanilogo.svg\",\"width\":1715,\"height\":634,\"caption\":\"DI'VANI\"},\"image\":{\"@id\":\"https:\/\/new.divani.ro\/en\/#\/schema\/logo\/image\/\"}}]}<\/script>\n<meta property=\"product:price:amount\" content=\"27000\" \/>\n<meta property=\"product:price:currency\" content=\"MDL\" \/>\n<meta property=\"og:availability\" content=\"instock\" \/>\n<meta property=\"product:availability\" content=\"instock\" \/>\n<meta property=\"product:condition\" content=\"new\" \/>\n<!-- \/ Yoast SEO Premium plugin. -->","yoast_head_json":{"title":"Canapea Soft \ufe0f","description":"Canapeaua Soft este o pies\u0103 de mobilier elegant\u0103 \u0219i practic\u0103, perfect\u0103 pentru orice spa\u021biu modern. Designul s\u0103u minimalist \u0219i materialele de calitate superioar\u0103 fac din acest model o alegere ideal\u0103 pentru confort \u0219i func\u021bionalitate.","robots":{"index":"noindex","follow":"follow","max-snippet":"max-snippet:-1","max-image-preview":"max-image-preview:large","max-video-preview":"max-video-preview:-1"},"og_locale":"en_US","og_type":"article","og_title":"Canapea Soft","og_description":"Canapeaua Soft este o pies\u0103 de mobilier elegant\u0103 \u0219i practic\u0103, perfect\u0103 pentru orice spa\u021biu modern. Designul s\u0103u minimalist \u0219i materialele de calitate superioar\u0103 fac din acest model o alegere ideal\u0103 pentru confort \u0219i func\u021bionalitate.","og_url":"https:\/\/new.divani.ro\/en\/product\/canapea-soft\/","og_site_name":"DI&#039;VANI","article_modified_time":"2025-02-17T13:44:56+00:00","og_image":[{"width":2000,"height":1333,"url":"https:\/\/new.divani.ro\/wp-content\/uploads\/2024\/11\/soft4.jpg","type":"image\/jpeg"}],"twitter_card":"summary_large_image","twitter_misc":{"Price":"27 000&nbsp;MDL","Availability":"In stock"},"schema":{"@context":"https:\/\/schema.org","@graph":[{"@type":"WebPage","@id":"https:\/\/new.divani.ro\/en\/product\/canapea-soft\/","url":"https:\/\/new.divani.ro\/en\/product\/canapea-soft\/","name":"Canapea Soft \ufe0f","isPartOf":{"@id":"https:\/\/new.divani.ro\/en\/#website"},"primaryImageOfPage":{"@id":"https:\/\/new.divani.ro\/en\/product\/canapea-soft\/#primaryimage"},"image":{"@id":"https:\/\/new.divani.ro\/en\/product\/canapea-soft\/#primaryimage"},"thumbnailUrl":"https:\/\/new.divani.ro\/wp-content\/uploads\/2024\/11\/soft4.jpg","datePublished":"2024-11-29T14:26:01+00:00","dateModified":"2025-02-17T13:44:56+00:00","description":"Canapeaua Soft este o pies\u0103 de mobilier elegant\u0103 \u0219i practic\u0103, perfect\u0103 pentru orice spa\u021biu modern. Designul s\u0103u minimalist \u0219i materialele de calitate superioar\u0103 fac din acest model o alegere ideal\u0103 pentru confort \u0219i func\u021bionalitate.","breadcrumb":{"@id":"https:\/\/new.divani.ro\/en\/product\/canapea-soft\/#breadcrumb"},"inLanguage":"en-US","potentialAction":[{"@type":"ReadAction","target":["https:\/\/new.divani.ro\/en\/product\/canapea-soft\/"]}]},{"@type":"ImageObject","inLanguage":"en-US","@id":"https:\/\/new.divani.ro\/en\/product\/canapea-soft\/#primaryimage","url":"https:\/\/new.divani.ro\/wp-content\/uploads\/2024\/11\/soft4.jpg","contentUrl":"https:\/\/new.divani.ro\/wp-content\/uploads\/2024\/11\/soft4.jpg","width":2000,"height":1333},{"@type":"BreadcrumbList","@id":"https:\/\/new.divani.ro\/en\/product\/canapea-soft\/#breadcrumb","itemListElement":[{"@type":"ListItem","position":1,"name":"Home","item":"https:\/\/new.divani.ro\/en\/"},{"@type":"ListItem","position":2,"name":"Catalog","item":"https:\/\/new.divani.ro\/magazin\/"},{"@type":"ListItem","position":3,"name":"Sofas","item":"https:\/\/new.divani.ro\/en\/product-category\/sofas\/"},{"@type":"ListItem","position":4,"name":"Canapea Soft"}]},{"@type":"WebSite","@id":"https:\/\/new.divani.ro\/en\/#website","url":"https:\/\/new.divani.ro\/en\/","name":"DI'VANI","description":"","publisher":{"@id":"https:\/\/new.divani.ro\/en\/#organization"},"potentialAction":[{"@type":"SearchAction","target":{"@type":"EntryPoint","urlTemplate":"https:\/\/new.divani.ro\/en\/?s={search_term_string}"},"query-input":{"@type":"PropertyValueSpecification","valueRequired":true,"valueName":"search_term_string"}}],"inLanguage":"en-US"},{"@type":"Organization","@id":"https:\/\/new.divani.ro\/en\/#organization","name":"DI'VANI","url":"https:\/\/new.divani.ro\/en\/","logo":{"@type":"ImageObject","inLanguage":"en-US","@id":"https:\/\/new.divani.ro\/en\/#\/schema\/logo\/image\/","url":"https:\/\/new.divani.ro\/wp-content\/uploads\/2024\/04\/divanilogo.svg","contentUrl":"https:\/\/new.divani.ro\/wp-content\/uploads\/2024\/04\/divanilogo.svg","width":1715,"height":634,"caption":"DI'VANI"},"image":{"@id":"https:\/\/new.divani.ro\/en\/#\/schema\/logo\/image\/"}}]},"product_price_amount":"27000","product_price_currency":"MDL","og_availability":"instock","product_availability":"instock","product_condition":"new"},"_links":{"self":[{"href":"https:\/\/new.divani.ro\/en\/wp-json\/wp\/v2\/product\/8041","targetHints":{"allow":["GET"]}}],"collection":[{"href":"https:\/\/new.divani.ro\/en\/wp-json\/wp\/v2\/product"}],"about":[{"href":"https:\/\/new.divani.ro\/en\/wp-json\/wp\/v2\/types\/product"}],"wp:featuredmedia":[{"embeddable":true,"href":"https:\/\/new.divani.ro\/en\/wp-json\/wp\/v2\/media\/8051"}],"wp:attachment":[{"href":"https:\/\/new.divani.ro\/en\/wp-json\/wp\/v2\/media?parent=8041"}],"wp:term":[{"taxonomy":"product_brand","embeddable":true,"href":"https:\/\/new.divani.ro\/en\/wp-json\/wp\/v2\/product_brand?post=8041"},{"taxonomy":"product_cat","embeddable":true,"href":"https:\/\/new.divani.ro\/en\/wp-json\/wp\/v2\/product_cat?post=8041"},{"taxonomy":"product_tag","embeddable":true,"href":"https:\/\/new.divani.ro\/en\/wp-json\/wp\/v2\/product_tag?post=8041"}],"curies":[{"name":"wp","href":"https:\/\/api.w.org\/{rel}","templated":true}]}}