{"id":8015,"date":"2024-11-29T16:00:12","date_gmt":"2024-11-29T14:00:12","guid":{"rendered":"http:\/\/new.divani.ro\/?post_type=product&#038;p=8015"},"modified":"2025-02-17T15:45:35","modified_gmt":"2025-02-17T13:45:35","slug":"canapea-relax-ii","status":"publish","type":"product","link":"https:\/\/new.divani.ro\/en\/product\/canapea-relax-ii\/","title":{"rendered":"Canapea Relax II"},"content":{"rendered":"<p><strong>Canapeaua \u0219i fotoliul Relax<\/strong> sunt o combina\u021bie armonioas\u0103 de stil \u0219i confort, perfecte pentru a crea un col\u021b primitor \u00een orice camer\u0103. Acestea pot fi achizi\u021bionate \u00eempreun\u0103 sau separat, oferind flexibilitate pentru a se adapta nevoilor tale.<\/p>\n","protected":false},"excerpt":{"rendered":"<p><strong>Canapeaua \u0219i <a href=\"http:\/\/new.divani.ro\/product\/fotoliu-relax-ii\/\">fotoliul<\/a> Relax II<\/strong> sunt o combina\u021bie armonioas\u0103 de stil \u0219i confort, perfecte pentru a crea un col\u021b primitor \u00een orice camer\u0103. Acestea pot fi achizi\u021bionate \u00eempreun\u0103 sau separat, oferind flexibilitate pentru a se adapta nevoilor tale.<\/p>\n<p><a href=\"http:\/\/new.divani.ro\/product\/fotoliu-relax-ii\/\"><strong>Fotoliul Relax II<\/strong><\/a> este simbolul confortului \u0219i elegan\u021bei. Cu cotiere late \u0219i un \u0219ezut moale, ofer\u0103 o experien\u021b\u0103 de relaxare deosebit\u0103. \u021aes\u0103tura deschis\u0103 la culoare, cu textur\u0103 \u00een dungi verticale, adaug\u0103 rafinament \u0219i volum vizual. Perna decorativ\u0103 galben\u0103 aduce un accent viu, revigor\u00e2nd designul general.<\/p>\n<p><strong>Canapeaua Relax II<\/strong>\u00a0este ideal\u0103 pentru relaxare \u0219i socializare. Cu un \u0219ezut spa\u021bios \u0219i perne moi, devine punctul central al \u00eent\u00e2lnirilor de familie. Culoarea neutr\u0103 \u0219i deschis\u0103 a tapi\u021beriei o face un element universal al interiorului, u\u0219or de integrat \u00een diverse stiluri \u2014 de la minimalism la scandinav.<\/p>\n<h4>Avantaje:<\/h4>\n<ul>\n<li><strong>Modularitate<\/strong>: posibilitatea de achizi\u021bionare separat\u0103.<\/li>\n<li><strong>Design elegant<\/strong>: \u021bes\u0103tur\u0103 deschis\u0103, cu textur\u0103 \u00een dungi.<\/li>\n<li><strong>Confort<\/strong>: cotiere late \u0219i \u0219ezut ad\u00e2nc.<\/li>\n<li><strong>Versatilitate<\/strong>: se potrive\u0219te cu diverse stiluri interioare.<\/li>\n<\/ul>\n","protected":false},"featured_media":8019,"template":"","meta":{"_acf_changed":false,"inline_featured_image":false},"product_brand":[],"product_cat":[15],"product_tag":[],"class_list":{"0":"post-8015","1":"product","2":"type-product","3":"status-publish","4":"has-post-thumbnail","6":"product_cat-canapele","8":"first","9":"instock","10":"shipping-taxable","11":"purchasable","12":"product-type-simple"},"acf":[],"yoast_head":"<!-- This site is optimized with the Yoast SEO Premium plugin v23.2 (Yoast SEO v27.2) - https:\/\/yoast.com\/product\/yoast-seo-premium-wordpress\/ -->\n<title>Canapea Relax II \ufe0f<\/title>\n<meta name=\"description\" content=\"Canapeaua \u0219i fotoliul Relax II sunt o combina\u021bie armonioas\u0103 de stil \u0219i confort, perfecte pentru a crea un col\u021b primitor \u00een orice camer\u0103.\" \/>\n<meta name=\"robots\" content=\"noindex, follow, max-snippet:-1, max-image-preview:large, max-video-preview:-1\" \/>\n<meta property=\"og:locale\" content=\"en_US\" \/>\n<meta property=\"og:type\" content=\"article\" \/>\n<meta property=\"og:title\" content=\"Canapea Relax II\" \/>\n<meta property=\"og:description\" content=\"Canapeaua \u0219i fotoliul Relax II sunt o combina\u021bie armonioas\u0103 de stil \u0219i confort, perfecte pentru a crea un col\u021b primitor \u00een orice camer\u0103.\" \/>\n<meta property=\"og:url\" content=\"https:\/\/new.divani.ro\/en\/product\/canapea-relax-ii\/\" \/>\n<meta property=\"og:site_name\" content=\"DI&#039;VANI\" \/>\n<meta property=\"article:modified_time\" content=\"2025-02-17T13:45:35+00:00\" \/>\n<meta property=\"og:image\" content=\"https:\/\/new.divani.ro\/wp-content\/uploads\/2024\/11\/rel1.jpg\" \/>\n\t<meta property=\"og:image:width\" content=\"2000\" \/>\n\t<meta property=\"og:image:height\" content=\"1333\" \/>\n\t<meta property=\"og:image:type\" content=\"image\/jpeg\" \/>\n<meta name=\"twitter:card\" content=\"summary_large_image\" \/>\n<meta name=\"twitter:label1\" content=\"Price\" \/>\n\t<meta name=\"twitter:data1\" content=\"28 000&nbsp;MDL\" \/>\n\t<meta name=\"twitter:label2\" content=\"Availability\" \/>\n\t<meta name=\"twitter:data2\" content=\"In stock\" \/>\n<script type=\"application\/ld+json\" class=\"yoast-schema-graph\">{\"@context\":\"https:\/\/schema.org\",\"@graph\":[{\"@type\":\"WebPage\",\"@id\":\"https:\/\/new.divani.ro\/en\/product\/canapea-relax-ii\/\",\"url\":\"https:\/\/new.divani.ro\/en\/product\/canapea-relax-ii\/\",\"name\":\"Canapea Relax II \ufe0f\",\"isPartOf\":{\"@id\":\"https:\/\/new.divani.ro\/en\/#website\"},\"primaryImageOfPage\":{\"@id\":\"https:\/\/new.divani.ro\/en\/product\/canapea-relax-ii\/#primaryimage\"},\"image\":{\"@id\":\"https:\/\/new.divani.ro\/en\/product\/canapea-relax-ii\/#primaryimage\"},\"thumbnailUrl\":\"https:\/\/new.divani.ro\/wp-content\/uploads\/2024\/11\/rel1.jpg\",\"datePublished\":\"2024-11-29T14:00:12+00:00\",\"dateModified\":\"2025-02-17T13:45:35+00:00\",\"description\":\"Canapeaua \u0219i fotoliul Relax II sunt o combina\u021bie armonioas\u0103 de stil \u0219i confort, perfecte pentru a crea un col\u021b primitor \u00een orice camer\u0103.\",\"breadcrumb\":{\"@id\":\"https:\/\/new.divani.ro\/en\/product\/canapea-relax-ii\/#breadcrumb\"},\"inLanguage\":\"en-US\",\"potentialAction\":[{\"@type\":\"ReadAction\",\"target\":[\"https:\/\/new.divani.ro\/en\/product\/canapea-relax-ii\/\"]}]},{\"@type\":\"ImageObject\",\"inLanguage\":\"en-US\",\"@id\":\"https:\/\/new.divani.ro\/en\/product\/canapea-relax-ii\/#primaryimage\",\"url\":\"https:\/\/new.divani.ro\/wp-content\/uploads\/2024\/11\/rel1.jpg\",\"contentUrl\":\"https:\/\/new.divani.ro\/wp-content\/uploads\/2024\/11\/rel1.jpg\",\"width\":2000,\"height\":1333},{\"@type\":\"BreadcrumbList\",\"@id\":\"https:\/\/new.divani.ro\/en\/product\/canapea-relax-ii\/#breadcrumb\",\"itemListElement\":[{\"@type\":\"ListItem\",\"position\":1,\"name\":\"Home\",\"item\":\"https:\/\/new.divani.ro\/en\/\"},{\"@type\":\"ListItem\",\"position\":2,\"name\":\"Catalog\",\"item\":\"https:\/\/new.divani.ro\/magazin\/\"},{\"@type\":\"ListItem\",\"position\":3,\"name\":\"Sofas\",\"item\":\"https:\/\/new.divani.ro\/en\/product-category\/sofas\/\"},{\"@type\":\"ListItem\",\"position\":4,\"name\":\"Canapea Relax II\"}]},{\"@type\":\"WebSite\",\"@id\":\"https:\/\/new.divani.ro\/en\/#website\",\"url\":\"https:\/\/new.divani.ro\/en\/\",\"name\":\"DI'VANI\",\"description\":\"\",\"publisher\":{\"@id\":\"https:\/\/new.divani.ro\/en\/#organization\"},\"potentialAction\":[{\"@type\":\"SearchAction\",\"target\":{\"@type\":\"EntryPoint\",\"urlTemplate\":\"https:\/\/new.divani.ro\/en\/?s={search_term_string}\"},\"query-input\":{\"@type\":\"PropertyValueSpecification\",\"valueRequired\":true,\"valueName\":\"search_term_string\"}}],\"inLanguage\":\"en-US\"},{\"@type\":\"Organization\",\"@id\":\"https:\/\/new.divani.ro\/en\/#organization\",\"name\":\"DI'VANI\",\"url\":\"https:\/\/new.divani.ro\/en\/\",\"logo\":{\"@type\":\"ImageObject\",\"inLanguage\":\"en-US\",\"@id\":\"https:\/\/new.divani.ro\/en\/#\/schema\/logo\/image\/\",\"url\":\"https:\/\/new.divani.ro\/wp-content\/uploads\/2024\/04\/divanilogo.svg\",\"contentUrl\":\"https:\/\/new.divani.ro\/wp-content\/uploads\/2024\/04\/divanilogo.svg\",\"width\":1715,\"height\":634,\"caption\":\"DI'VANI\"},\"image\":{\"@id\":\"https:\/\/new.divani.ro\/en\/#\/schema\/logo\/image\/\"}}]}<\/script>\n<meta property=\"product:price:amount\" content=\"28000\" \/>\n<meta property=\"product:price:currency\" content=\"MDL\" \/>\n<meta property=\"og:availability\" content=\"instock\" \/>\n<meta property=\"product:availability\" content=\"instock\" \/>\n<meta property=\"product:condition\" content=\"new\" \/>\n<!-- \/ Yoast SEO Premium plugin. -->","yoast_head_json":{"title":"Canapea Relax II \ufe0f","description":"Canapeaua \u0219i fotoliul Relax II sunt o combina\u021bie armonioas\u0103 de stil \u0219i confort, perfecte pentru a crea un col\u021b primitor \u00een orice camer\u0103.","robots":{"index":"noindex","follow":"follow","max-snippet":"max-snippet:-1","max-image-preview":"max-image-preview:large","max-video-preview":"max-video-preview:-1"},"og_locale":"en_US","og_type":"article","og_title":"Canapea Relax II","og_description":"Canapeaua \u0219i fotoliul Relax II sunt o combina\u021bie armonioas\u0103 de stil \u0219i confort, perfecte pentru a crea un col\u021b primitor \u00een orice camer\u0103.","og_url":"https:\/\/new.divani.ro\/en\/product\/canapea-relax-ii\/","og_site_name":"DI&#039;VANI","article_modified_time":"2025-02-17T13:45:35+00:00","og_image":[{"width":2000,"height":1333,"url":"https:\/\/new.divani.ro\/wp-content\/uploads\/2024\/11\/rel1.jpg","type":"image\/jpeg"}],"twitter_card":"summary_large_image","twitter_misc":{"Price":"28 000&nbsp;MDL","Availability":"In stock"},"schema":{"@context":"https:\/\/schema.org","@graph":[{"@type":"WebPage","@id":"https:\/\/new.divani.ro\/en\/product\/canapea-relax-ii\/","url":"https:\/\/new.divani.ro\/en\/product\/canapea-relax-ii\/","name":"Canapea Relax II \ufe0f","isPartOf":{"@id":"https:\/\/new.divani.ro\/en\/#website"},"primaryImageOfPage":{"@id":"https:\/\/new.divani.ro\/en\/product\/canapea-relax-ii\/#primaryimage"},"image":{"@id":"https:\/\/new.divani.ro\/en\/product\/canapea-relax-ii\/#primaryimage"},"thumbnailUrl":"https:\/\/new.divani.ro\/wp-content\/uploads\/2024\/11\/rel1.jpg","datePublished":"2024-11-29T14:00:12+00:00","dateModified":"2025-02-17T13:45:35+00:00","description":"Canapeaua \u0219i fotoliul Relax II sunt o combina\u021bie armonioas\u0103 de stil \u0219i confort, perfecte pentru a crea un col\u021b primitor \u00een orice camer\u0103.","breadcrumb":{"@id":"https:\/\/new.divani.ro\/en\/product\/canapea-relax-ii\/#breadcrumb"},"inLanguage":"en-US","potentialAction":[{"@type":"ReadAction","target":["https:\/\/new.divani.ro\/en\/product\/canapea-relax-ii\/"]}]},{"@type":"ImageObject","inLanguage":"en-US","@id":"https:\/\/new.divani.ro\/en\/product\/canapea-relax-ii\/#primaryimage","url":"https:\/\/new.divani.ro\/wp-content\/uploads\/2024\/11\/rel1.jpg","contentUrl":"https:\/\/new.divani.ro\/wp-content\/uploads\/2024\/11\/rel1.jpg","width":2000,"height":1333},{"@type":"BreadcrumbList","@id":"https:\/\/new.divani.ro\/en\/product\/canapea-relax-ii\/#breadcrumb","itemListElement":[{"@type":"ListItem","position":1,"name":"Home","item":"https:\/\/new.divani.ro\/en\/"},{"@type":"ListItem","position":2,"name":"Catalog","item":"https:\/\/new.divani.ro\/magazin\/"},{"@type":"ListItem","position":3,"name":"Sofas","item":"https:\/\/new.divani.ro\/en\/product-category\/sofas\/"},{"@type":"ListItem","position":4,"name":"Canapea Relax II"}]},{"@type":"WebSite","@id":"https:\/\/new.divani.ro\/en\/#website","url":"https:\/\/new.divani.ro\/en\/","name":"DI'VANI","description":"","publisher":{"@id":"https:\/\/new.divani.ro\/en\/#organization"},"potentialAction":[{"@type":"SearchAction","target":{"@type":"EntryPoint","urlTemplate":"https:\/\/new.divani.ro\/en\/?s={search_term_string}"},"query-input":{"@type":"PropertyValueSpecification","valueRequired":true,"valueName":"search_term_string"}}],"inLanguage":"en-US"},{"@type":"Organization","@id":"https:\/\/new.divani.ro\/en\/#organization","name":"DI'VANI","url":"https:\/\/new.divani.ro\/en\/","logo":{"@type":"ImageObject","inLanguage":"en-US","@id":"https:\/\/new.divani.ro\/en\/#\/schema\/logo\/image\/","url":"https:\/\/new.divani.ro\/wp-content\/uploads\/2024\/04\/divanilogo.svg","contentUrl":"https:\/\/new.divani.ro\/wp-content\/uploads\/2024\/04\/divanilogo.svg","width":1715,"height":634,"caption":"DI'VANI"},"image":{"@id":"https:\/\/new.divani.ro\/en\/#\/schema\/logo\/image\/"}}]},"product_price_amount":"28000","product_price_currency":"MDL","og_availability":"instock","product_availability":"instock","product_condition":"new"},"_links":{"self":[{"href":"https:\/\/new.divani.ro\/en\/wp-json\/wp\/v2\/product\/8015","targetHints":{"allow":["GET"]}}],"collection":[{"href":"https:\/\/new.divani.ro\/en\/wp-json\/wp\/v2\/product"}],"about":[{"href":"https:\/\/new.divani.ro\/en\/wp-json\/wp\/v2\/types\/product"}],"wp:featuredmedia":[{"embeddable":true,"href":"https:\/\/new.divani.ro\/en\/wp-json\/wp\/v2\/media\/8019"}],"wp:attachment":[{"href":"https:\/\/new.divani.ro\/en\/wp-json\/wp\/v2\/media?parent=8015"}],"wp:term":[{"taxonomy":"product_brand","embeddable":true,"href":"https:\/\/new.divani.ro\/en\/wp-json\/wp\/v2\/product_brand?post=8015"},{"taxonomy":"product_cat","embeddable":true,"href":"https:\/\/new.divani.ro\/en\/wp-json\/wp\/v2\/product_cat?post=8015"},{"taxonomy":"product_tag","embeddable":true,"href":"https:\/\/new.divani.ro\/en\/wp-json\/wp\/v2\/product_tag?post=8015"}],"curies":[{"name":"wp","href":"https:\/\/api.w.org\/{rel}","templated":true}]}}