{"id":7987,"date":"2024-11-29T15:29:51","date_gmt":"2024-11-29T13:29:51","guid":{"rendered":"http:\/\/new.divani.ro\/?post_type=product&#038;p=7987"},"modified":"2025-02-17T15:47:10","modified_gmt":"2025-02-17T13:47:10","slug":"coltar-relax","status":"publish","type":"product","link":"https:\/\/new.divani.ro\/en\/product\/coltar-relax\/","title":{"rendered":"Col\u021bar Relax"},"content":{"rendered":"<p><strong>Col\u021barul Relax<\/strong> este combina\u021bia perfect\u0103 de confort, stil \u0219i func\u021bionalitate. Datorit\u0103 dimensiunilor sale generoase \u0219i structurii modulare, este ideal pentru interioare spa\u021bioase, cre\u00e2nd un spa\u021biu primitor pentru relaxare.<\/p>\n","protected":false},"excerpt":{"rendered":"<p><strong>Col\u021barul Relax<\/strong> este combina\u021bia perfect\u0103 de confort, stil \u0219i func\u021bionalitate. Datorit\u0103 dimensiunilor sale generoase \u0219i structurii modulare, este ideal pentru interioare spa\u021bioase, cre\u00e2nd un spa\u021biu primitor pentru relaxare.<\/p>\n<p>Modelul este realizat din \u021bes\u0103tur\u0103 premium <strong>Royal White Sand<\/strong>, care se remarc\u0103 prin fine\u021be, rezisten\u021b\u0103 \u0219i o nuan\u021b\u0103 neutr\u0103, deschis\u0103. Dimensiunile totale ale col\u021barului sunt de <strong>330 x 340 cm<\/strong>, fiind potrivit pentru \u00eentreaga familie sau pentru \u00eent\u00e2lnirile cu prietenii. Sistemul modular permite configurarea col\u021barului \u00een func\u021bie de preferin\u021be \u0219i nevoi.<\/p>\n<p>Liniile simple ale designului \u0219i culoarea discret\u0103 accentueaz\u0103 stilul modern, f\u0103c\u00e2nd col\u021barul un element versatil al oric\u0103rui interior minimalist, scandinav sau contemporan.<\/p>\n<h4>Avantaje:<\/h4>\n<ul>\n<li><strong>Dimensiuni generoase<\/strong>: spa\u021bios, cu m\u0103suri de <strong>330 x 340 cm<\/strong>.<\/li>\n<li><strong>Material premium<\/strong>: \u021bes\u0103tura Royal White Sand, rezistent\u0103 \u0219i elegant\u0103.<\/li>\n<li><strong>Sistem modular<\/strong>: configurare flexibil\u0103 pentru confort maxim.<\/li>\n<li><strong>Estetic\u0103 modern\u0103<\/strong>: culoare deschis\u0103, perfect\u0103 pentru interioare luminoase.<\/li>\n<\/ul>\n","protected":false},"featured_media":8003,"template":"","meta":{"_acf_changed":false,"inline_featured_image":false},"product_brand":[],"product_cat":[20],"product_tag":[],"class_list":{"0":"post-7987","1":"product","2":"type-product","3":"status-publish","4":"has-post-thumbnail","6":"product_cat-coltare","8":"first","9":"instock","10":"shipping-taxable","11":"purchasable","12":"product-type-simple"},"acf":[],"yoast_head":"<!-- This site is optimized with the Yoast SEO Premium plugin v23.2 (Yoast SEO v27.2) - https:\/\/yoast.com\/product\/yoast-seo-premium-wordpress\/ -->\n<title>Col\u021bar Relax \ufe0f<\/title>\n<meta name=\"description\" content=\"Col\u021barul Relax este combina\u021bia perfect\u0103 de confort, stil \u0219i func\u021bionalitate. Datorit\u0103 dimensiunilor sale generoase \u0219i structurii modulare, este ideal pentru interioare spa\u021bioase, cre\u00e2nd un spa\u021biu primitor pentru relaxare.\" \/>\n<meta name=\"robots\" content=\"noindex, follow, max-snippet:-1, max-image-preview:large, max-video-preview:-1\" \/>\n<meta property=\"og:locale\" content=\"en_US\" \/>\n<meta property=\"og:type\" content=\"article\" \/>\n<meta property=\"og:title\" content=\"Col\u021bar Relax\" \/>\n<meta property=\"og:description\" content=\"Col\u021barul Relax este combina\u021bia perfect\u0103 de confort, stil \u0219i func\u021bionalitate. Datorit\u0103 dimensiunilor sale generoase \u0219i structurii modulare, este ideal pentru interioare spa\u021bioase, cre\u00e2nd un spa\u021biu primitor pentru relaxare.\" \/>\n<meta property=\"og:url\" content=\"https:\/\/new.divani.ro\/en\/product\/coltar-relax\/\" \/>\n<meta property=\"og:site_name\" content=\"DI&#039;VANI\" \/>\n<meta property=\"article:modified_time\" content=\"2025-02-17T13:47:10+00:00\" \/>\n<meta property=\"og:image\" content=\"https:\/\/new.divani.ro\/wp-content\/uploads\/2024\/11\/col-relax-5.jpg\" \/>\n\t<meta property=\"og:image:width\" content=\"2000\" \/>\n\t<meta property=\"og:image:height\" content=\"1333\" \/>\n\t<meta property=\"og:image:type\" content=\"image\/jpeg\" \/>\n<meta name=\"twitter:card\" content=\"summary_large_image\" \/>\n<meta name=\"twitter:label1\" content=\"Price\" \/>\n\t<meta name=\"twitter:data1\" content=\"55 000&nbsp;MDL\" \/>\n\t<meta name=\"twitter:label2\" content=\"Availability\" \/>\n\t<meta name=\"twitter:data2\" content=\"In stock\" \/>\n<script type=\"application\/ld+json\" class=\"yoast-schema-graph\">{\"@context\":\"https:\/\/schema.org\",\"@graph\":[{\"@type\":\"WebPage\",\"@id\":\"https:\/\/new.divani.ro\/en\/product\/coltar-relax\/\",\"url\":\"https:\/\/new.divani.ro\/en\/product\/coltar-relax\/\",\"name\":\"Col\u021bar Relax \ufe0f\",\"isPartOf\":{\"@id\":\"https:\/\/new.divani.ro\/en\/#website\"},\"primaryImageOfPage\":{\"@id\":\"https:\/\/new.divani.ro\/en\/product\/coltar-relax\/#primaryimage\"},\"image\":{\"@id\":\"https:\/\/new.divani.ro\/en\/product\/coltar-relax\/#primaryimage\"},\"thumbnailUrl\":\"https:\/\/new.divani.ro\/wp-content\/uploads\/2024\/11\/col-relax-5.jpg\",\"datePublished\":\"2024-11-29T13:29:51+00:00\",\"dateModified\":\"2025-02-17T13:47:10+00:00\",\"description\":\"Col\u021barul Relax este combina\u021bia perfect\u0103 de confort, stil \u0219i func\u021bionalitate. Datorit\u0103 dimensiunilor sale generoase \u0219i structurii modulare, este ideal pentru interioare spa\u021bioase, cre\u00e2nd un spa\u021biu primitor pentru relaxare.\",\"breadcrumb\":{\"@id\":\"https:\/\/new.divani.ro\/en\/product\/coltar-relax\/#breadcrumb\"},\"inLanguage\":\"en-US\",\"potentialAction\":[{\"@type\":\"ReadAction\",\"target\":[\"https:\/\/new.divani.ro\/en\/product\/coltar-relax\/\"]}]},{\"@type\":\"ImageObject\",\"inLanguage\":\"en-US\",\"@id\":\"https:\/\/new.divani.ro\/en\/product\/coltar-relax\/#primaryimage\",\"url\":\"https:\/\/new.divani.ro\/wp-content\/uploads\/2024\/11\/col-relax-5.jpg\",\"contentUrl\":\"https:\/\/new.divani.ro\/wp-content\/uploads\/2024\/11\/col-relax-5.jpg\",\"width\":2000,\"height\":1333},{\"@type\":\"BreadcrumbList\",\"@id\":\"https:\/\/new.divani.ro\/en\/product\/coltar-relax\/#breadcrumb\",\"itemListElement\":[{\"@type\":\"ListItem\",\"position\":1,\"name\":\"Home\",\"item\":\"https:\/\/new.divani.ro\/en\/\"},{\"@type\":\"ListItem\",\"position\":2,\"name\":\"Catalog\",\"item\":\"https:\/\/new.divani.ro\/magazin\/\"},{\"@type\":\"ListItem\",\"position\":3,\"name\":\"Corner Sofas\",\"item\":\"https:\/\/new.divani.ro\/en\/product-category\/corner-sofas\/\"},{\"@type\":\"ListItem\",\"position\":4,\"name\":\"Col\u021bar Relax\"}]},{\"@type\":\"WebSite\",\"@id\":\"https:\/\/new.divani.ro\/en\/#website\",\"url\":\"https:\/\/new.divani.ro\/en\/\",\"name\":\"DI'VANI\",\"description\":\"\",\"publisher\":{\"@id\":\"https:\/\/new.divani.ro\/en\/#organization\"},\"potentialAction\":[{\"@type\":\"SearchAction\",\"target\":{\"@type\":\"EntryPoint\",\"urlTemplate\":\"https:\/\/new.divani.ro\/en\/?s={search_term_string}\"},\"query-input\":{\"@type\":\"PropertyValueSpecification\",\"valueRequired\":true,\"valueName\":\"search_term_string\"}}],\"inLanguage\":\"en-US\"},{\"@type\":\"Organization\",\"@id\":\"https:\/\/new.divani.ro\/en\/#organization\",\"name\":\"DI'VANI\",\"url\":\"https:\/\/new.divani.ro\/en\/\",\"logo\":{\"@type\":\"ImageObject\",\"inLanguage\":\"en-US\",\"@id\":\"https:\/\/new.divani.ro\/en\/#\/schema\/logo\/image\/\",\"url\":\"https:\/\/new.divani.ro\/wp-content\/uploads\/2024\/04\/divanilogo.svg\",\"contentUrl\":\"https:\/\/new.divani.ro\/wp-content\/uploads\/2024\/04\/divanilogo.svg\",\"width\":1715,\"height\":634,\"caption\":\"DI'VANI\"},\"image\":{\"@id\":\"https:\/\/new.divani.ro\/en\/#\/schema\/logo\/image\/\"}}]}<\/script>\n<meta property=\"product:price:amount\" content=\"55000\" \/>\n<meta property=\"product:price:currency\" content=\"MDL\" \/>\n<meta property=\"og:availability\" content=\"instock\" \/>\n<meta property=\"product:availability\" content=\"instock\" \/>\n<meta property=\"product:condition\" content=\"new\" \/>\n<!-- \/ Yoast SEO Premium plugin. -->","yoast_head_json":{"title":"Col\u021bar Relax \ufe0f","description":"Col\u021barul Relax este combina\u021bia perfect\u0103 de confort, stil \u0219i func\u021bionalitate. Datorit\u0103 dimensiunilor sale generoase \u0219i structurii modulare, este ideal pentru interioare spa\u021bioase, cre\u00e2nd un spa\u021biu primitor pentru relaxare.","robots":{"index":"noindex","follow":"follow","max-snippet":"max-snippet:-1","max-image-preview":"max-image-preview:large","max-video-preview":"max-video-preview:-1"},"og_locale":"en_US","og_type":"article","og_title":"Col\u021bar Relax","og_description":"Col\u021barul Relax este combina\u021bia perfect\u0103 de confort, stil \u0219i func\u021bionalitate. Datorit\u0103 dimensiunilor sale generoase \u0219i structurii modulare, este ideal pentru interioare spa\u021bioase, cre\u00e2nd un spa\u021biu primitor pentru relaxare.","og_url":"https:\/\/new.divani.ro\/en\/product\/coltar-relax\/","og_site_name":"DI&#039;VANI","article_modified_time":"2025-02-17T13:47:10+00:00","og_image":[{"width":2000,"height":1333,"url":"https:\/\/new.divani.ro\/wp-content\/uploads\/2024\/11\/col-relax-5.jpg","type":"image\/jpeg"}],"twitter_card":"summary_large_image","twitter_misc":{"Price":"55 000&nbsp;MDL","Availability":"In stock"},"schema":{"@context":"https:\/\/schema.org","@graph":[{"@type":"WebPage","@id":"https:\/\/new.divani.ro\/en\/product\/coltar-relax\/","url":"https:\/\/new.divani.ro\/en\/product\/coltar-relax\/","name":"Col\u021bar Relax \ufe0f","isPartOf":{"@id":"https:\/\/new.divani.ro\/en\/#website"},"primaryImageOfPage":{"@id":"https:\/\/new.divani.ro\/en\/product\/coltar-relax\/#primaryimage"},"image":{"@id":"https:\/\/new.divani.ro\/en\/product\/coltar-relax\/#primaryimage"},"thumbnailUrl":"https:\/\/new.divani.ro\/wp-content\/uploads\/2024\/11\/col-relax-5.jpg","datePublished":"2024-11-29T13:29:51+00:00","dateModified":"2025-02-17T13:47:10+00:00","description":"Col\u021barul Relax este combina\u021bia perfect\u0103 de confort, stil \u0219i func\u021bionalitate. Datorit\u0103 dimensiunilor sale generoase \u0219i structurii modulare, este ideal pentru interioare spa\u021bioase, cre\u00e2nd un spa\u021biu primitor pentru relaxare.","breadcrumb":{"@id":"https:\/\/new.divani.ro\/en\/product\/coltar-relax\/#breadcrumb"},"inLanguage":"en-US","potentialAction":[{"@type":"ReadAction","target":["https:\/\/new.divani.ro\/en\/product\/coltar-relax\/"]}]},{"@type":"ImageObject","inLanguage":"en-US","@id":"https:\/\/new.divani.ro\/en\/product\/coltar-relax\/#primaryimage","url":"https:\/\/new.divani.ro\/wp-content\/uploads\/2024\/11\/col-relax-5.jpg","contentUrl":"https:\/\/new.divani.ro\/wp-content\/uploads\/2024\/11\/col-relax-5.jpg","width":2000,"height":1333},{"@type":"BreadcrumbList","@id":"https:\/\/new.divani.ro\/en\/product\/coltar-relax\/#breadcrumb","itemListElement":[{"@type":"ListItem","position":1,"name":"Home","item":"https:\/\/new.divani.ro\/en\/"},{"@type":"ListItem","position":2,"name":"Catalog","item":"https:\/\/new.divani.ro\/magazin\/"},{"@type":"ListItem","position":3,"name":"Corner Sofas","item":"https:\/\/new.divani.ro\/en\/product-category\/corner-sofas\/"},{"@type":"ListItem","position":4,"name":"Col\u021bar Relax"}]},{"@type":"WebSite","@id":"https:\/\/new.divani.ro\/en\/#website","url":"https:\/\/new.divani.ro\/en\/","name":"DI'VANI","description":"","publisher":{"@id":"https:\/\/new.divani.ro\/en\/#organization"},"potentialAction":[{"@type":"SearchAction","target":{"@type":"EntryPoint","urlTemplate":"https:\/\/new.divani.ro\/en\/?s={search_term_string}"},"query-input":{"@type":"PropertyValueSpecification","valueRequired":true,"valueName":"search_term_string"}}],"inLanguage":"en-US"},{"@type":"Organization","@id":"https:\/\/new.divani.ro\/en\/#organization","name":"DI'VANI","url":"https:\/\/new.divani.ro\/en\/","logo":{"@type":"ImageObject","inLanguage":"en-US","@id":"https:\/\/new.divani.ro\/en\/#\/schema\/logo\/image\/","url":"https:\/\/new.divani.ro\/wp-content\/uploads\/2024\/04\/divanilogo.svg","contentUrl":"https:\/\/new.divani.ro\/wp-content\/uploads\/2024\/04\/divanilogo.svg","width":1715,"height":634,"caption":"DI'VANI"},"image":{"@id":"https:\/\/new.divani.ro\/en\/#\/schema\/logo\/image\/"}}]},"product_price_amount":"55000","product_price_currency":"MDL","og_availability":"instock","product_availability":"instock","product_condition":"new"},"_links":{"self":[{"href":"https:\/\/new.divani.ro\/en\/wp-json\/wp\/v2\/product\/7987","targetHints":{"allow":["GET"]}}],"collection":[{"href":"https:\/\/new.divani.ro\/en\/wp-json\/wp\/v2\/product"}],"about":[{"href":"https:\/\/new.divani.ro\/en\/wp-json\/wp\/v2\/types\/product"}],"wp:featuredmedia":[{"embeddable":true,"href":"https:\/\/new.divani.ro\/en\/wp-json\/wp\/v2\/media\/8003"}],"wp:attachment":[{"href":"https:\/\/new.divani.ro\/en\/wp-json\/wp\/v2\/media?parent=7987"}],"wp:term":[{"taxonomy":"product_brand","embeddable":true,"href":"https:\/\/new.divani.ro\/en\/wp-json\/wp\/v2\/product_brand?post=7987"},{"taxonomy":"product_cat","embeddable":true,"href":"https:\/\/new.divani.ro\/en\/wp-json\/wp\/v2\/product_cat?post=7987"},{"taxonomy":"product_tag","embeddable":true,"href":"https:\/\/new.divani.ro\/en\/wp-json\/wp\/v2\/product_tag?post=7987"}],"curies":[{"name":"wp","href":"https:\/\/api.w.org\/{rel}","templated":true}]}}