{"id":7972,"date":"2024-11-29T15:14:20","date_gmt":"2024-11-29T13:14:20","guid":{"rendered":"http:\/\/new.divani.ro\/?post_type=product&#038;p=7972"},"modified":"2025-02-17T16:13:15","modified_gmt":"2025-02-17T14:13:15","slug":"coltar-modus-relax","status":"publish","type":"product","link":"https:\/\/new.divani.ro\/en\/product\/coltar-modus-relax\/","title":{"rendered":"Col\u021bar Modus Relax"},"content":{"rendered":"<p><strong>Col\u021barul Modus Relax<\/strong> reprezint\u0103 combina\u021bia perfect\u0103 dintre confortul modern \u0219i stilul rafinat. Spa\u021bios \u0219i modular, acest col\u021bar va deveni punctul de atrac\u021bie \u00een interiorul locuin\u021bei tale. Datorit\u0103 dimensiunilor generoase \u0219i designului versatil, este ideal pentru livinguri spa\u021bioase sau zone de relaxare.<\/p>\n","protected":false},"excerpt":{"rendered":"<p><strong>Col\u021barul Modus Relax<\/strong> reprezint\u0103 combina\u021bia perfect\u0103 dintre confortul modern \u0219i stilul rafinat. Spa\u021bios \u0219i modular, acest col\u021bar va deveni punctul de atrac\u021bie \u00een interiorul locuin\u021bei tale. Datorit\u0103 dimensiunilor generoase \u0219i designului versatil, este ideal pentru livinguri spa\u021bioase sau zone de relaxare.<\/p>\n<p>Modelul este realizat dintr-o \u021bes\u0103tur\u0103 premium <strong>Catania 37<\/strong>, care se remarc\u0103 prin moliciune, durabilitate \u0219i un finisaj mat elegant. Dimensiunile totale ale col\u021barului sunt de <strong>330 x 340 cm<\/strong>, oferind suficient spa\u021biu pentru \u00eentreaga familie sau un grup de prieteni. Modulele pot fi u\u0219or reconfigurate pentru a se adapta nevoilor tale individuale.<\/p>\n<p>Estetica minimalist\u0103 este completat\u0103 de linii simple \u0219i o nuan\u021b\u0103 profund\u0103 de gri-albastru, care creeaz\u0103 o atmosfer\u0103 primitoare \u0219i relaxant\u0103. Acest col\u021bar se integreaz\u0103 perfect \u00een interioare moderne, minimaliste sau scandinave.<\/p>\n<h4>Avantaje:<\/h4>\n<ul>\n<li><strong>Dimensiuni generoase<\/strong>: m\u0103soar\u0103 <strong>330 x 340 cm<\/strong>.<\/li>\n<li><strong>Materiale premium<\/strong>: \u021bes\u0103tura Catania 37, moale \u0219i pl\u0103cut\u0103 la atingere.<\/li>\n<li><strong>Design modular<\/strong>: sec\u021biuni reconfigurabile pentru confort personalizat.<\/li>\n<li><strong>Estetic\u0103 \u0219i func\u021bionalitate<\/strong>: aspect stilat \u0219i spa\u021biu generos pentru relaxare.<\/li>\n<\/ul>\n","protected":false},"featured_media":7976,"template":"","meta":{"_acf_changed":false,"inline_featured_image":false},"product_brand":[],"product_cat":[20],"product_tag":[],"class_list":{"0":"post-7972","1":"product","2":"type-product","3":"status-publish","4":"has-post-thumbnail","6":"product_cat-coltare","8":"first","9":"instock","10":"shipping-taxable","11":"purchasable","12":"product-type-simple"},"acf":[],"yoast_head":"<!-- This site is optimized with the Yoast SEO Premium plugin v23.2 (Yoast SEO v27.2) - https:\/\/yoast.com\/product\/yoast-seo-premium-wordpress\/ -->\n<title>Col\u021bar Modus Relax \ufe0f<\/title>\n<meta name=\"description\" content=\"Col\u021barul Modus Relax reprezint\u0103 combina\u021bia perfect\u0103 dintre confortul modern \u0219i stilul rafinat. Spa\u021bios \u0219i modular, acest col\u021bar va deveni punctul de atrac\u021bie \u00een interiorul locuin\u021bei tale.\" \/>\n<meta name=\"robots\" content=\"noindex, follow, max-snippet:-1, max-image-preview:large, max-video-preview:-1\" \/>\n<meta property=\"og:locale\" content=\"en_US\" \/>\n<meta property=\"og:type\" content=\"article\" \/>\n<meta property=\"og:title\" content=\"Col\u021bar Modus Relax\" \/>\n<meta property=\"og:description\" content=\"Col\u021barul Modus Relax reprezint\u0103 combina\u021bia perfect\u0103 dintre confortul modern \u0219i stilul rafinat. Spa\u021bios \u0219i modular, acest col\u021bar va deveni punctul de atrac\u021bie \u00een interiorul locuin\u021bei tale.\" \/>\n<meta property=\"og:url\" content=\"https:\/\/new.divani.ro\/en\/product\/coltar-modus-relax\/\" \/>\n<meta property=\"og:site_name\" content=\"DI&#039;VANI\" \/>\n<meta property=\"article:modified_time\" content=\"2025-02-17T14:13:15+00:00\" \/>\n<meta property=\"og:image\" content=\"https:\/\/new.divani.ro\/wp-content\/uploads\/2024\/11\/mod-rel-1.jpg\" \/>\n\t<meta property=\"og:image:width\" content=\"2000\" \/>\n\t<meta property=\"og:image:height\" content=\"1333\" \/>\n\t<meta property=\"og:image:type\" content=\"image\/jpeg\" \/>\n<meta name=\"twitter:card\" content=\"summary_large_image\" \/>\n<meta name=\"twitter:label1\" content=\"Price\" \/>\n\t<meta name=\"twitter:data1\" content=\"55 000&nbsp;MDL\" \/>\n\t<meta name=\"twitter:label2\" content=\"Availability\" \/>\n\t<meta name=\"twitter:data2\" content=\"In stock\" \/>\n<script type=\"application\/ld+json\" class=\"yoast-schema-graph\">{\"@context\":\"https:\/\/schema.org\",\"@graph\":[{\"@type\":\"WebPage\",\"@id\":\"https:\/\/new.divani.ro\/en\/product\/coltar-modus-relax\/\",\"url\":\"https:\/\/new.divani.ro\/en\/product\/coltar-modus-relax\/\",\"name\":\"Col\u021bar Modus Relax \ufe0f\",\"isPartOf\":{\"@id\":\"https:\/\/new.divani.ro\/en\/#website\"},\"primaryImageOfPage\":{\"@id\":\"https:\/\/new.divani.ro\/en\/product\/coltar-modus-relax\/#primaryimage\"},\"image\":{\"@id\":\"https:\/\/new.divani.ro\/en\/product\/coltar-modus-relax\/#primaryimage\"},\"thumbnailUrl\":\"https:\/\/new.divani.ro\/wp-content\/uploads\/2024\/11\/mod-rel-1.jpg\",\"datePublished\":\"2024-11-29T13:14:20+00:00\",\"dateModified\":\"2025-02-17T14:13:15+00:00\",\"description\":\"Col\u021barul Modus Relax reprezint\u0103 combina\u021bia perfect\u0103 dintre confortul modern \u0219i stilul rafinat. Spa\u021bios \u0219i modular, acest col\u021bar va deveni punctul de atrac\u021bie \u00een interiorul locuin\u021bei tale.\",\"breadcrumb\":{\"@id\":\"https:\/\/new.divani.ro\/en\/product\/coltar-modus-relax\/#breadcrumb\"},\"inLanguage\":\"en-US\",\"potentialAction\":[{\"@type\":\"ReadAction\",\"target\":[\"https:\/\/new.divani.ro\/en\/product\/coltar-modus-relax\/\"]}]},{\"@type\":\"ImageObject\",\"inLanguage\":\"en-US\",\"@id\":\"https:\/\/new.divani.ro\/en\/product\/coltar-modus-relax\/#primaryimage\",\"url\":\"https:\/\/new.divani.ro\/wp-content\/uploads\/2024\/11\/mod-rel-1.jpg\",\"contentUrl\":\"https:\/\/new.divani.ro\/wp-content\/uploads\/2024\/11\/mod-rel-1.jpg\",\"width\":2000,\"height\":1333},{\"@type\":\"BreadcrumbList\",\"@id\":\"https:\/\/new.divani.ro\/en\/product\/coltar-modus-relax\/#breadcrumb\",\"itemListElement\":[{\"@type\":\"ListItem\",\"position\":1,\"name\":\"Home\",\"item\":\"https:\/\/new.divani.ro\/en\/\"},{\"@type\":\"ListItem\",\"position\":2,\"name\":\"Catalog\",\"item\":\"https:\/\/new.divani.ro\/magazin\/\"},{\"@type\":\"ListItem\",\"position\":3,\"name\":\"Corner Sofas\",\"item\":\"https:\/\/new.divani.ro\/en\/product-category\/corner-sofas\/\"},{\"@type\":\"ListItem\",\"position\":4,\"name\":\"Col\u021bar Modus Relax\"}]},{\"@type\":\"WebSite\",\"@id\":\"https:\/\/new.divani.ro\/en\/#website\",\"url\":\"https:\/\/new.divani.ro\/en\/\",\"name\":\"DI'VANI\",\"description\":\"\",\"publisher\":{\"@id\":\"https:\/\/new.divani.ro\/en\/#organization\"},\"potentialAction\":[{\"@type\":\"SearchAction\",\"target\":{\"@type\":\"EntryPoint\",\"urlTemplate\":\"https:\/\/new.divani.ro\/en\/?s={search_term_string}\"},\"query-input\":{\"@type\":\"PropertyValueSpecification\",\"valueRequired\":true,\"valueName\":\"search_term_string\"}}],\"inLanguage\":\"en-US\"},{\"@type\":\"Organization\",\"@id\":\"https:\/\/new.divani.ro\/en\/#organization\",\"name\":\"DI'VANI\",\"url\":\"https:\/\/new.divani.ro\/en\/\",\"logo\":{\"@type\":\"ImageObject\",\"inLanguage\":\"en-US\",\"@id\":\"https:\/\/new.divani.ro\/en\/#\/schema\/logo\/image\/\",\"url\":\"https:\/\/new.divani.ro\/wp-content\/uploads\/2024\/04\/divanilogo.svg\",\"contentUrl\":\"https:\/\/new.divani.ro\/wp-content\/uploads\/2024\/04\/divanilogo.svg\",\"width\":1715,\"height\":634,\"caption\":\"DI'VANI\"},\"image\":{\"@id\":\"https:\/\/new.divani.ro\/en\/#\/schema\/logo\/image\/\"}}]}<\/script>\n<meta property=\"product:price:amount\" content=\"55000\" \/>\n<meta property=\"product:price:currency\" content=\"MDL\" \/>\n<meta property=\"og:availability\" content=\"instock\" \/>\n<meta property=\"product:availability\" content=\"instock\" \/>\n<meta property=\"product:condition\" content=\"new\" \/>\n<!-- \/ Yoast SEO Premium plugin. -->","yoast_head_json":{"title":"Col\u021bar Modus Relax \ufe0f","description":"Col\u021barul Modus Relax reprezint\u0103 combina\u021bia perfect\u0103 dintre confortul modern \u0219i stilul rafinat. Spa\u021bios \u0219i modular, acest col\u021bar va deveni punctul de atrac\u021bie \u00een interiorul locuin\u021bei tale.","robots":{"index":"noindex","follow":"follow","max-snippet":"max-snippet:-1","max-image-preview":"max-image-preview:large","max-video-preview":"max-video-preview:-1"},"og_locale":"en_US","og_type":"article","og_title":"Col\u021bar Modus Relax","og_description":"Col\u021barul Modus Relax reprezint\u0103 combina\u021bia perfect\u0103 dintre confortul modern \u0219i stilul rafinat. Spa\u021bios \u0219i modular, acest col\u021bar va deveni punctul de atrac\u021bie \u00een interiorul locuin\u021bei tale.","og_url":"https:\/\/new.divani.ro\/en\/product\/coltar-modus-relax\/","og_site_name":"DI&#039;VANI","article_modified_time":"2025-02-17T14:13:15+00:00","og_image":[{"width":2000,"height":1333,"url":"https:\/\/new.divani.ro\/wp-content\/uploads\/2024\/11\/mod-rel-1.jpg","type":"image\/jpeg"}],"twitter_card":"summary_large_image","twitter_misc":{"Price":"55 000&nbsp;MDL","Availability":"In stock"},"schema":{"@context":"https:\/\/schema.org","@graph":[{"@type":"WebPage","@id":"https:\/\/new.divani.ro\/en\/product\/coltar-modus-relax\/","url":"https:\/\/new.divani.ro\/en\/product\/coltar-modus-relax\/","name":"Col\u021bar Modus Relax \ufe0f","isPartOf":{"@id":"https:\/\/new.divani.ro\/en\/#website"},"primaryImageOfPage":{"@id":"https:\/\/new.divani.ro\/en\/product\/coltar-modus-relax\/#primaryimage"},"image":{"@id":"https:\/\/new.divani.ro\/en\/product\/coltar-modus-relax\/#primaryimage"},"thumbnailUrl":"https:\/\/new.divani.ro\/wp-content\/uploads\/2024\/11\/mod-rel-1.jpg","datePublished":"2024-11-29T13:14:20+00:00","dateModified":"2025-02-17T14:13:15+00:00","description":"Col\u021barul Modus Relax reprezint\u0103 combina\u021bia perfect\u0103 dintre confortul modern \u0219i stilul rafinat. Spa\u021bios \u0219i modular, acest col\u021bar va deveni punctul de atrac\u021bie \u00een interiorul locuin\u021bei tale.","breadcrumb":{"@id":"https:\/\/new.divani.ro\/en\/product\/coltar-modus-relax\/#breadcrumb"},"inLanguage":"en-US","potentialAction":[{"@type":"ReadAction","target":["https:\/\/new.divani.ro\/en\/product\/coltar-modus-relax\/"]}]},{"@type":"ImageObject","inLanguage":"en-US","@id":"https:\/\/new.divani.ro\/en\/product\/coltar-modus-relax\/#primaryimage","url":"https:\/\/new.divani.ro\/wp-content\/uploads\/2024\/11\/mod-rel-1.jpg","contentUrl":"https:\/\/new.divani.ro\/wp-content\/uploads\/2024\/11\/mod-rel-1.jpg","width":2000,"height":1333},{"@type":"BreadcrumbList","@id":"https:\/\/new.divani.ro\/en\/product\/coltar-modus-relax\/#breadcrumb","itemListElement":[{"@type":"ListItem","position":1,"name":"Home","item":"https:\/\/new.divani.ro\/en\/"},{"@type":"ListItem","position":2,"name":"Catalog","item":"https:\/\/new.divani.ro\/magazin\/"},{"@type":"ListItem","position":3,"name":"Corner Sofas","item":"https:\/\/new.divani.ro\/en\/product-category\/corner-sofas\/"},{"@type":"ListItem","position":4,"name":"Col\u021bar Modus Relax"}]},{"@type":"WebSite","@id":"https:\/\/new.divani.ro\/en\/#website","url":"https:\/\/new.divani.ro\/en\/","name":"DI'VANI","description":"","publisher":{"@id":"https:\/\/new.divani.ro\/en\/#organization"},"potentialAction":[{"@type":"SearchAction","target":{"@type":"EntryPoint","urlTemplate":"https:\/\/new.divani.ro\/en\/?s={search_term_string}"},"query-input":{"@type":"PropertyValueSpecification","valueRequired":true,"valueName":"search_term_string"}}],"inLanguage":"en-US"},{"@type":"Organization","@id":"https:\/\/new.divani.ro\/en\/#organization","name":"DI'VANI","url":"https:\/\/new.divani.ro\/en\/","logo":{"@type":"ImageObject","inLanguage":"en-US","@id":"https:\/\/new.divani.ro\/en\/#\/schema\/logo\/image\/","url":"https:\/\/new.divani.ro\/wp-content\/uploads\/2024\/04\/divanilogo.svg","contentUrl":"https:\/\/new.divani.ro\/wp-content\/uploads\/2024\/04\/divanilogo.svg","width":1715,"height":634,"caption":"DI'VANI"},"image":{"@id":"https:\/\/new.divani.ro\/en\/#\/schema\/logo\/image\/"}}]},"product_price_amount":"55000","product_price_currency":"MDL","og_availability":"instock","product_availability":"instock","product_condition":"new"},"_links":{"self":[{"href":"https:\/\/new.divani.ro\/en\/wp-json\/wp\/v2\/product\/7972","targetHints":{"allow":["GET"]}}],"collection":[{"href":"https:\/\/new.divani.ro\/en\/wp-json\/wp\/v2\/product"}],"about":[{"href":"https:\/\/new.divani.ro\/en\/wp-json\/wp\/v2\/types\/product"}],"wp:featuredmedia":[{"embeddable":true,"href":"https:\/\/new.divani.ro\/en\/wp-json\/wp\/v2\/media\/7976"}],"wp:attachment":[{"href":"https:\/\/new.divani.ro\/en\/wp-json\/wp\/v2\/media?parent=7972"}],"wp:term":[{"taxonomy":"product_brand","embeddable":true,"href":"https:\/\/new.divani.ro\/en\/wp-json\/wp\/v2\/product_brand?post=7972"},{"taxonomy":"product_cat","embeddable":true,"href":"https:\/\/new.divani.ro\/en\/wp-json\/wp\/v2\/product_cat?post=7972"},{"taxonomy":"product_tag","embeddable":true,"href":"https:\/\/new.divani.ro\/en\/wp-json\/wp\/v2\/product_tag?post=7972"}],"curies":[{"name":"wp","href":"https:\/\/api.w.org\/{rel}","templated":true}]}}