{"id":7925,"date":"2024-11-29T14:39:46","date_gmt":"2024-11-29T12:39:46","guid":{"rendered":"http:\/\/new.divani.ro\/?post_type=product&#038;p=7925"},"modified":"2025-02-17T16:13:33","modified_gmt":"2025-02-17T14:13:33","slug":"coltar-longhi","status":"publish","type":"product","link":"https:\/\/new.divani.ro\/en\/product\/coltar-longhi\/","title":{"rendered":"Col\u021bar Longhi"},"content":{"rendered":"<p><strong>Col\u021barul Longhi<\/strong> este o alegere stilat\u0103 \u0219i practic\u0103 pentru interioarele moderne. Datorit\u0103 dimensiunilor sale \u0219i func\u021bionalit\u0103\u021bii ridicate, acesta este ideal pentru livingurile spa\u021bioase, unde confortul \u0219i estetica sunt priorit\u0103\u021bi.<\/p>\n","protected":false},"excerpt":{"rendered":"<p><strong>Col\u021barul Longhi<\/strong> este o alegere stilat\u0103 \u0219i practic\u0103 pentru interioarele moderne. Datorit\u0103 dimensiunilor sale \u0219i func\u021bionalit\u0103\u021bii ridicate, acesta este ideal pentru livingurile spa\u021bioase, unde confortul \u0219i estetica sunt priorit\u0103\u021bi.<\/p>\n<p>Canapeaua este realizat\u0103 dintr-o \u021bes\u0103tur\u0103 de calitate premium, caracterizat\u0103 prin moliciune \u0219i rezisten\u021b\u0103 \u00een timp. Nuan\u021ba elegant\u0103 de gri eviden\u021biaz\u0103 versatilitatea modelului, permi\u021b\u00e2nd integrarea sa u\u0219oar\u0103 \u00een orice stil interior. Spa\u021biul generos de dormit, de <strong>235 x 143 cm<\/strong>, transform\u0103 col\u021barul \u00eentr-un loc ideal pentru odihn\u0103, at\u00e2t ocazional\u0103, c\u00e2t \u0219i zilnic\u0103.<\/p>\n<p>Col\u021barul este dotat cu un sertar spa\u021bios pentru depozitare, perfect pentru a organiza lenjeria de pat, pernele sau alte articole. Liniile compacte \u0219i designul simplu sunt potrivite at\u00e2t pentru interioarele moderne, c\u00e2t \u0219i pentru cele minimaliste.<\/p>\n<h4>Avantaje:<\/h4>\n<ul>\n<li><strong>Dimensiuni mari<\/strong>: m\u0103surile totale de <strong>295 x 170 cm<\/strong> sunt ideale pentru spa\u021bii generoase.<\/li>\n<li><strong>Func\u021bionalitate<\/strong>: transformare u\u0219oar\u0103 \u00eentr-un spa\u021biu de dormit de <strong>235 x 143 cm<\/strong>.<\/li>\n<li><strong>Materiale premium<\/strong>: \u021bes\u0103tura rezistent\u0103 asigur\u0103 durabilitatea.<\/li>\n<li><strong>Spa\u021biu suplimentar de depozitare<\/strong>: lad\u0103 practic\u0103 pentru lenjerie.<\/li>\n<li><strong>Estetic\u0103<\/strong>: culoarea gri elegant\u0103 \u0219i designul versatil.<\/li>\n<\/ul>\n","protected":false},"featured_media":7965,"template":"","meta":{"_acf_changed":false,"inline_featured_image":false},"product_brand":[],"product_cat":[20],"product_tag":[],"class_list":{"0":"post-7925","1":"product","2":"type-product","3":"status-publish","4":"has-post-thumbnail","6":"product_cat-coltare","8":"first","9":"instock","10":"shipping-taxable","11":"purchasable","12":"product-type-simple"},"acf":[],"yoast_head":"<!-- This site is optimized with the Yoast SEO Premium plugin v23.2 (Yoast SEO v27.2) - https:\/\/yoast.com\/product\/yoast-seo-premium-wordpress\/ -->\n<title>Col\u021bar Longhi \ufe0f<\/title>\n<meta name=\"description\" content=\"Col\u021barul Longhi este o alegere stilat\u0103 \u0219i practic\u0103 pentru interioarele moderne. Datorit\u0103 dimensiunilor sale \u0219i func\u021bionalit\u0103\u021bii ridicate, acesta este ideal pentru livingurile spa\u021bioase, unde confortul \u0219i estetica sunt priorit\u0103\u021bi.\" \/>\n<meta name=\"robots\" content=\"noindex, follow, max-snippet:-1, max-image-preview:large, max-video-preview:-1\" \/>\n<meta property=\"og:locale\" content=\"en_US\" \/>\n<meta property=\"og:type\" content=\"article\" \/>\n<meta property=\"og:title\" content=\"Col\u021bar Longhi\" \/>\n<meta property=\"og:description\" content=\"Col\u021barul Longhi este o alegere stilat\u0103 \u0219i practic\u0103 pentru interioarele moderne. Datorit\u0103 dimensiunilor sale \u0219i func\u021bionalit\u0103\u021bii ridicate, acesta este ideal pentru livingurile spa\u021bioase, unde confortul \u0219i estetica sunt priorit\u0103\u021bi.\" \/>\n<meta property=\"og:url\" content=\"https:\/\/new.divani.ro\/en\/product\/coltar-longhi\/\" \/>\n<meta property=\"og:site_name\" content=\"DI&#039;VANI\" \/>\n<meta property=\"article:modified_time\" content=\"2025-02-17T14:13:33+00:00\" \/>\n<meta property=\"og:image\" content=\"https:\/\/new.divani.ro\/wp-content\/uploads\/2024\/11\/cor-longhi-13.jpg\" \/>\n\t<meta property=\"og:image:width\" content=\"2000\" \/>\n\t<meta property=\"og:image:height\" content=\"1333\" \/>\n\t<meta property=\"og:image:type\" content=\"image\/jpeg\" \/>\n<meta name=\"twitter:card\" content=\"summary_large_image\" \/>\n<meta name=\"twitter:label1\" content=\"Price\" \/>\n\t<meta name=\"twitter:data1\" content=\"35 650&nbsp;MDL\" \/>\n\t<meta name=\"twitter:label2\" content=\"Availability\" \/>\n\t<meta name=\"twitter:data2\" content=\"In stock\" \/>\n<script type=\"application\/ld+json\" class=\"yoast-schema-graph\">{\"@context\":\"https:\/\/schema.org\",\"@graph\":[{\"@type\":\"WebPage\",\"@id\":\"https:\/\/new.divani.ro\/en\/product\/coltar-longhi\/\",\"url\":\"https:\/\/new.divani.ro\/en\/product\/coltar-longhi\/\",\"name\":\"Col\u021bar Longhi \ufe0f\",\"isPartOf\":{\"@id\":\"https:\/\/new.divani.ro\/en\/#website\"},\"primaryImageOfPage\":{\"@id\":\"https:\/\/new.divani.ro\/en\/product\/coltar-longhi\/#primaryimage\"},\"image\":{\"@id\":\"https:\/\/new.divani.ro\/en\/product\/coltar-longhi\/#primaryimage\"},\"thumbnailUrl\":\"https:\/\/new.divani.ro\/wp-content\/uploads\/2024\/11\/cor-longhi-13.jpg\",\"datePublished\":\"2024-11-29T12:39:46+00:00\",\"dateModified\":\"2025-02-17T14:13:33+00:00\",\"description\":\"Col\u021barul Longhi este o alegere stilat\u0103 \u0219i practic\u0103 pentru interioarele moderne. Datorit\u0103 dimensiunilor sale \u0219i func\u021bionalit\u0103\u021bii ridicate, acesta este ideal pentru livingurile spa\u021bioase, unde confortul \u0219i estetica sunt priorit\u0103\u021bi.\",\"breadcrumb\":{\"@id\":\"https:\/\/new.divani.ro\/en\/product\/coltar-longhi\/#breadcrumb\"},\"inLanguage\":\"en-US\",\"potentialAction\":[{\"@type\":\"ReadAction\",\"target\":[\"https:\/\/new.divani.ro\/en\/product\/coltar-longhi\/\"]}]},{\"@type\":\"ImageObject\",\"inLanguage\":\"en-US\",\"@id\":\"https:\/\/new.divani.ro\/en\/product\/coltar-longhi\/#primaryimage\",\"url\":\"https:\/\/new.divani.ro\/wp-content\/uploads\/2024\/11\/cor-longhi-13.jpg\",\"contentUrl\":\"https:\/\/new.divani.ro\/wp-content\/uploads\/2024\/11\/cor-longhi-13.jpg\",\"width\":2000,\"height\":1333},{\"@type\":\"BreadcrumbList\",\"@id\":\"https:\/\/new.divani.ro\/en\/product\/coltar-longhi\/#breadcrumb\",\"itemListElement\":[{\"@type\":\"ListItem\",\"position\":1,\"name\":\"Home\",\"item\":\"https:\/\/new.divani.ro\/en\/\"},{\"@type\":\"ListItem\",\"position\":2,\"name\":\"Catalog\",\"item\":\"https:\/\/new.divani.ro\/magazin\/\"},{\"@type\":\"ListItem\",\"position\":3,\"name\":\"Corner Sofas\",\"item\":\"https:\/\/new.divani.ro\/en\/product-category\/corner-sofas\/\"},{\"@type\":\"ListItem\",\"position\":4,\"name\":\"Col\u021bar Longhi\"}]},{\"@type\":\"WebSite\",\"@id\":\"https:\/\/new.divani.ro\/en\/#website\",\"url\":\"https:\/\/new.divani.ro\/en\/\",\"name\":\"DI'VANI\",\"description\":\"\",\"publisher\":{\"@id\":\"https:\/\/new.divani.ro\/en\/#organization\"},\"potentialAction\":[{\"@type\":\"SearchAction\",\"target\":{\"@type\":\"EntryPoint\",\"urlTemplate\":\"https:\/\/new.divani.ro\/en\/?s={search_term_string}\"},\"query-input\":{\"@type\":\"PropertyValueSpecification\",\"valueRequired\":true,\"valueName\":\"search_term_string\"}}],\"inLanguage\":\"en-US\"},{\"@type\":\"Organization\",\"@id\":\"https:\/\/new.divani.ro\/en\/#organization\",\"name\":\"DI'VANI\",\"url\":\"https:\/\/new.divani.ro\/en\/\",\"logo\":{\"@type\":\"ImageObject\",\"inLanguage\":\"en-US\",\"@id\":\"https:\/\/new.divani.ro\/en\/#\/schema\/logo\/image\/\",\"url\":\"https:\/\/new.divani.ro\/wp-content\/uploads\/2024\/04\/divanilogo.svg\",\"contentUrl\":\"https:\/\/new.divani.ro\/wp-content\/uploads\/2024\/04\/divanilogo.svg\",\"width\":1715,\"height\":634,\"caption\":\"DI'VANI\"},\"image\":{\"@id\":\"https:\/\/new.divani.ro\/en\/#\/schema\/logo\/image\/\"}}]}<\/script>\n<meta property=\"product:price:amount\" content=\"35650\" \/>\n<meta property=\"product:price:currency\" content=\"MDL\" \/>\n<meta property=\"og:availability\" content=\"instock\" \/>\n<meta property=\"product:availability\" content=\"instock\" \/>\n<meta property=\"product:condition\" content=\"new\" \/>\n<!-- \/ Yoast SEO Premium plugin. -->","yoast_head_json":{"title":"Col\u021bar Longhi \ufe0f","description":"Col\u021barul Longhi este o alegere stilat\u0103 \u0219i practic\u0103 pentru interioarele moderne. Datorit\u0103 dimensiunilor sale \u0219i func\u021bionalit\u0103\u021bii ridicate, acesta este ideal pentru livingurile spa\u021bioase, unde confortul \u0219i estetica sunt priorit\u0103\u021bi.","robots":{"index":"noindex","follow":"follow","max-snippet":"max-snippet:-1","max-image-preview":"max-image-preview:large","max-video-preview":"max-video-preview:-1"},"og_locale":"en_US","og_type":"article","og_title":"Col\u021bar Longhi","og_description":"Col\u021barul Longhi este o alegere stilat\u0103 \u0219i practic\u0103 pentru interioarele moderne. Datorit\u0103 dimensiunilor sale \u0219i func\u021bionalit\u0103\u021bii ridicate, acesta este ideal pentru livingurile spa\u021bioase, unde confortul \u0219i estetica sunt priorit\u0103\u021bi.","og_url":"https:\/\/new.divani.ro\/en\/product\/coltar-longhi\/","og_site_name":"DI&#039;VANI","article_modified_time":"2025-02-17T14:13:33+00:00","og_image":[{"width":2000,"height":1333,"url":"https:\/\/new.divani.ro\/wp-content\/uploads\/2024\/11\/cor-longhi-13.jpg","type":"image\/jpeg"}],"twitter_card":"summary_large_image","twitter_misc":{"Price":"35 650&nbsp;MDL","Availability":"In stock"},"schema":{"@context":"https:\/\/schema.org","@graph":[{"@type":"WebPage","@id":"https:\/\/new.divani.ro\/en\/product\/coltar-longhi\/","url":"https:\/\/new.divani.ro\/en\/product\/coltar-longhi\/","name":"Col\u021bar Longhi \ufe0f","isPartOf":{"@id":"https:\/\/new.divani.ro\/en\/#website"},"primaryImageOfPage":{"@id":"https:\/\/new.divani.ro\/en\/product\/coltar-longhi\/#primaryimage"},"image":{"@id":"https:\/\/new.divani.ro\/en\/product\/coltar-longhi\/#primaryimage"},"thumbnailUrl":"https:\/\/new.divani.ro\/wp-content\/uploads\/2024\/11\/cor-longhi-13.jpg","datePublished":"2024-11-29T12:39:46+00:00","dateModified":"2025-02-17T14:13:33+00:00","description":"Col\u021barul Longhi este o alegere stilat\u0103 \u0219i practic\u0103 pentru interioarele moderne. Datorit\u0103 dimensiunilor sale \u0219i func\u021bionalit\u0103\u021bii ridicate, acesta este ideal pentru livingurile spa\u021bioase, unde confortul \u0219i estetica sunt priorit\u0103\u021bi.","breadcrumb":{"@id":"https:\/\/new.divani.ro\/en\/product\/coltar-longhi\/#breadcrumb"},"inLanguage":"en-US","potentialAction":[{"@type":"ReadAction","target":["https:\/\/new.divani.ro\/en\/product\/coltar-longhi\/"]}]},{"@type":"ImageObject","inLanguage":"en-US","@id":"https:\/\/new.divani.ro\/en\/product\/coltar-longhi\/#primaryimage","url":"https:\/\/new.divani.ro\/wp-content\/uploads\/2024\/11\/cor-longhi-13.jpg","contentUrl":"https:\/\/new.divani.ro\/wp-content\/uploads\/2024\/11\/cor-longhi-13.jpg","width":2000,"height":1333},{"@type":"BreadcrumbList","@id":"https:\/\/new.divani.ro\/en\/product\/coltar-longhi\/#breadcrumb","itemListElement":[{"@type":"ListItem","position":1,"name":"Home","item":"https:\/\/new.divani.ro\/en\/"},{"@type":"ListItem","position":2,"name":"Catalog","item":"https:\/\/new.divani.ro\/magazin\/"},{"@type":"ListItem","position":3,"name":"Corner Sofas","item":"https:\/\/new.divani.ro\/en\/product-category\/corner-sofas\/"},{"@type":"ListItem","position":4,"name":"Col\u021bar Longhi"}]},{"@type":"WebSite","@id":"https:\/\/new.divani.ro\/en\/#website","url":"https:\/\/new.divani.ro\/en\/","name":"DI'VANI","description":"","publisher":{"@id":"https:\/\/new.divani.ro\/en\/#organization"},"potentialAction":[{"@type":"SearchAction","target":{"@type":"EntryPoint","urlTemplate":"https:\/\/new.divani.ro\/en\/?s={search_term_string}"},"query-input":{"@type":"PropertyValueSpecification","valueRequired":true,"valueName":"search_term_string"}}],"inLanguage":"en-US"},{"@type":"Organization","@id":"https:\/\/new.divani.ro\/en\/#organization","name":"DI'VANI","url":"https:\/\/new.divani.ro\/en\/","logo":{"@type":"ImageObject","inLanguage":"en-US","@id":"https:\/\/new.divani.ro\/en\/#\/schema\/logo\/image\/","url":"https:\/\/new.divani.ro\/wp-content\/uploads\/2024\/04\/divanilogo.svg","contentUrl":"https:\/\/new.divani.ro\/wp-content\/uploads\/2024\/04\/divanilogo.svg","width":1715,"height":634,"caption":"DI'VANI"},"image":{"@id":"https:\/\/new.divani.ro\/en\/#\/schema\/logo\/image\/"}}]},"product_price_amount":"35650","product_price_currency":"MDL","og_availability":"instock","product_availability":"instock","product_condition":"new"},"_links":{"self":[{"href":"https:\/\/new.divani.ro\/en\/wp-json\/wp\/v2\/product\/7925","targetHints":{"allow":["GET"]}}],"collection":[{"href":"https:\/\/new.divani.ro\/en\/wp-json\/wp\/v2\/product"}],"about":[{"href":"https:\/\/new.divani.ro\/en\/wp-json\/wp\/v2\/types\/product"}],"wp:featuredmedia":[{"embeddable":true,"href":"https:\/\/new.divani.ro\/en\/wp-json\/wp\/v2\/media\/7965"}],"wp:attachment":[{"href":"https:\/\/new.divani.ro\/en\/wp-json\/wp\/v2\/media?parent=7925"}],"wp:term":[{"taxonomy":"product_brand","embeddable":true,"href":"https:\/\/new.divani.ro\/en\/wp-json\/wp\/v2\/product_brand?post=7925"},{"taxonomy":"product_cat","embeddable":true,"href":"https:\/\/new.divani.ro\/en\/wp-json\/wp\/v2\/product_cat?post=7925"},{"taxonomy":"product_tag","embeddable":true,"href":"https:\/\/new.divani.ro\/en\/wp-json\/wp\/v2\/product_tag?post=7925"}],"curies":[{"name":"wp","href":"https:\/\/api.w.org\/{rel}","templated":true}]}}