{"id":7907,"date":"2024-12-03T12:39:03","date_gmt":"2024-12-03T10:39:03","guid":{"rendered":"http:\/\/new.divani.ro\/?post_type=product&#038;p=7907"},"modified":"2025-02-17T15:43:58","modified_gmt":"2025-02-17T13:43:58","slug":"fotoliu-loft","status":"publish","type":"product","link":"https:\/\/new.divani.ro\/en\/product\/fotoliu-loft\/","title":{"rendered":"Fotoliu Loft"},"content":{"rendered":"<p><strong>Fotoliul LOFT<\/strong> este o pies\u0103 de mobilier elegant\u0103 \u0219i modern\u0103, perfect\u0103 pentru interioare \u00een stil industrial sau minimalist. Designul s\u0103u simplu, cu elemente geometrice, creeaz\u0103 un aspect u\u0219or \u0219i sofisticat.<\/p>\n","protected":false},"excerpt":{"rendered":"<p><strong>Fotoliul LOFT<\/strong> este o pies\u0103 de mobilier elegant\u0103 \u0219i modern\u0103, perfect\u0103 pentru interioare \u00een stil industrial sau minimalist. Designul s\u0103u simplu, cu elemente geometrice, creeaz\u0103 un aspect u\u0219or \u0219i sofisticat.<\/p>\n<p>Tapi\u021beria galben\u0103 vibrant\u0103, realizat\u0103 din material textil de \u00eenalt\u0103 calitate, adaug\u0103 un accent plin de energie oric\u0103rui interior, iar moliciunea materialului asigur\u0103 confortul necesar. Structura fotoliului este realizat\u0103 din metal durabil, vopsit \u00een negru, eviden\u021biind stilul industrial \u0219i oferind rezisten\u021b\u0103.<\/p>\n<p>Unghiul de \u00eenclinare al sp\u0103tarului, \u0219ezutul ad\u00e2nc \u0219i cotierele confortabile garanteaz\u0103 o pozi\u021bie relaxant\u0103. Acest fotoliu este potrivit at\u00e2t pentru uz casnic, c\u00e2t \u0219i pentru spa\u021bii publice, precum cafenele, recep\u021bii de hotel sau birouri.<\/p>\n<h4>Avantaje:<\/h4>\n<ul>\n<li><strong>Accent \u00eendr\u0103zne\u021b<\/strong>: culoarea galben\u0103 vibrant\u0103 anim\u0103 orice interior.<\/li>\n<li><strong>Rezisten\u021b\u0103 \u0219i durabilitate<\/strong>: cadrul metalic asigur\u0103 o utilizare \u00eendelungat\u0103.<\/li>\n<li><strong>Ergonomie<\/strong>: \u0219ezut ad\u00e2nc \u0219i sp\u0103tar \u00eenclinat pentru confort maxim.<\/li>\n<li><strong>Versatilitate<\/strong>: potrivit pentru diverse interioare \u2014 de la stil loft la spa\u021bii moderne.<\/li>\n<\/ul>\n","protected":false},"featured_media":7914,"template":"","meta":{"_acf_changed":false,"inline_featured_image":false},"product_brand":[],"product_cat":[57],"product_tag":[],"class_list":{"0":"post-7907","1":"product","2":"type-product","3":"status-publish","4":"has-post-thumbnail","6":"product_cat-fotolii","8":"first","9":"instock","10":"shipping-taxable","11":"purchasable","12":"product-type-simple"},"acf":[],"yoast_head":"<!-- This site is optimized with the Yoast SEO Premium plugin v23.2 (Yoast SEO v27.2) - https:\/\/yoast.com\/product\/yoast-seo-premium-wordpress\/ -->\n<title>Fotoliu Loft \ufe0f<\/title>\n<meta name=\"description\" content=\"Fotoliul LOFT este o pies\u0103 de mobilier elegant\u0103 \u0219i modern\u0103, perfect\u0103 pentru interioare \u00een stil industrial sau minimalist. Designul s\u0103u simplu, cu elemente geometrice, creeaz\u0103 un aspect u\u0219or \u0219i sofisticat.\" \/>\n<meta name=\"robots\" content=\"noindex, follow, max-snippet:-1, max-image-preview:large, max-video-preview:-1\" \/>\n<meta property=\"og:locale\" content=\"en_US\" \/>\n<meta property=\"og:type\" content=\"article\" \/>\n<meta property=\"og:title\" content=\"Fotoliu Loft\" \/>\n<meta property=\"og:description\" content=\"Fotoliul LOFT este o pies\u0103 de mobilier elegant\u0103 \u0219i modern\u0103, perfect\u0103 pentru interioare \u00een stil industrial sau minimalist. Designul s\u0103u simplu, cu elemente geometrice, creeaz\u0103 un aspect u\u0219or \u0219i sofisticat.\" \/>\n<meta property=\"og:url\" content=\"https:\/\/new.divani.ro\/en\/product\/fotoliu-loft\/\" \/>\n<meta property=\"og:site_name\" content=\"DI&#039;VANI\" \/>\n<meta property=\"article:modified_time\" content=\"2025-02-17T13:43:58+00:00\" \/>\n<meta property=\"og:image\" content=\"https:\/\/new.divani.ro\/wp-content\/uploads\/2024\/11\/f-loft-2.jpg\" \/>\n\t<meta property=\"og:image:width\" content=\"2000\" \/>\n\t<meta property=\"og:image:height\" content=\"1333\" \/>\n\t<meta property=\"og:image:type\" content=\"image\/jpeg\" \/>\n<meta name=\"twitter:card\" content=\"summary_large_image\" \/>\n<meta name=\"twitter:label1\" content=\"Price\" \/>\n\t<meta name=\"twitter:data1\" content=\"8 000&nbsp;MDL\" \/>\n\t<meta name=\"twitter:label2\" content=\"Availability\" \/>\n\t<meta name=\"twitter:data2\" content=\"In stock\" \/>\n<script type=\"application\/ld+json\" class=\"yoast-schema-graph\">{\"@context\":\"https:\/\/schema.org\",\"@graph\":[{\"@type\":\"WebPage\",\"@id\":\"https:\/\/new.divani.ro\/en\/product\/fotoliu-loft\/\",\"url\":\"https:\/\/new.divani.ro\/en\/product\/fotoliu-loft\/\",\"name\":\"Fotoliu Loft \ufe0f\",\"isPartOf\":{\"@id\":\"https:\/\/new.divani.ro\/en\/#website\"},\"primaryImageOfPage\":{\"@id\":\"https:\/\/new.divani.ro\/en\/product\/fotoliu-loft\/#primaryimage\"},\"image\":{\"@id\":\"https:\/\/new.divani.ro\/en\/product\/fotoliu-loft\/#primaryimage\"},\"thumbnailUrl\":\"https:\/\/new.divani.ro\/wp-content\/uploads\/2024\/11\/f-loft-2.jpg\",\"datePublished\":\"2024-12-03T10:39:03+00:00\",\"dateModified\":\"2025-02-17T13:43:58+00:00\",\"description\":\"Fotoliul LOFT este o pies\u0103 de mobilier elegant\u0103 \u0219i modern\u0103, perfect\u0103 pentru interioare \u00een stil industrial sau minimalist. Designul s\u0103u simplu, cu elemente geometrice, creeaz\u0103 un aspect u\u0219or \u0219i sofisticat.\",\"breadcrumb\":{\"@id\":\"https:\/\/new.divani.ro\/en\/product\/fotoliu-loft\/#breadcrumb\"},\"inLanguage\":\"en-US\",\"potentialAction\":[{\"@type\":\"ReadAction\",\"target\":[\"https:\/\/new.divani.ro\/en\/product\/fotoliu-loft\/\"]}]},{\"@type\":\"ImageObject\",\"inLanguage\":\"en-US\",\"@id\":\"https:\/\/new.divani.ro\/en\/product\/fotoliu-loft\/#primaryimage\",\"url\":\"https:\/\/new.divani.ro\/wp-content\/uploads\/2024\/11\/f-loft-2.jpg\",\"contentUrl\":\"https:\/\/new.divani.ro\/wp-content\/uploads\/2024\/11\/f-loft-2.jpg\",\"width\":2000,\"height\":1333},{\"@type\":\"BreadcrumbList\",\"@id\":\"https:\/\/new.divani.ro\/en\/product\/fotoliu-loft\/#breadcrumb\",\"itemListElement\":[{\"@type\":\"ListItem\",\"position\":1,\"name\":\"Home\",\"item\":\"https:\/\/new.divani.ro\/en\/\"},{\"@type\":\"ListItem\",\"position\":2,\"name\":\"Catalog\",\"item\":\"https:\/\/new.divani.ro\/magazin\/\"},{\"@type\":\"ListItem\",\"position\":3,\"name\":\"Armchairs\",\"item\":\"https:\/\/new.divani.ro\/en\/product-category\/armchairs\/\"},{\"@type\":\"ListItem\",\"position\":4,\"name\":\"Fotoliu Loft\"}]},{\"@type\":\"WebSite\",\"@id\":\"https:\/\/new.divani.ro\/en\/#website\",\"url\":\"https:\/\/new.divani.ro\/en\/\",\"name\":\"DI'VANI\",\"description\":\"\",\"publisher\":{\"@id\":\"https:\/\/new.divani.ro\/en\/#organization\"},\"potentialAction\":[{\"@type\":\"SearchAction\",\"target\":{\"@type\":\"EntryPoint\",\"urlTemplate\":\"https:\/\/new.divani.ro\/en\/?s={search_term_string}\"},\"query-input\":{\"@type\":\"PropertyValueSpecification\",\"valueRequired\":true,\"valueName\":\"search_term_string\"}}],\"inLanguage\":\"en-US\"},{\"@type\":\"Organization\",\"@id\":\"https:\/\/new.divani.ro\/en\/#organization\",\"name\":\"DI'VANI\",\"url\":\"https:\/\/new.divani.ro\/en\/\",\"logo\":{\"@type\":\"ImageObject\",\"inLanguage\":\"en-US\",\"@id\":\"https:\/\/new.divani.ro\/en\/#\/schema\/logo\/image\/\",\"url\":\"https:\/\/new.divani.ro\/wp-content\/uploads\/2024\/04\/divanilogo.svg\",\"contentUrl\":\"https:\/\/new.divani.ro\/wp-content\/uploads\/2024\/04\/divanilogo.svg\",\"width\":1715,\"height\":634,\"caption\":\"DI'VANI\"},\"image\":{\"@id\":\"https:\/\/new.divani.ro\/en\/#\/schema\/logo\/image\/\"}}]}<\/script>\n<meta property=\"product:price:amount\" content=\"8000\" \/>\n<meta property=\"product:price:currency\" content=\"MDL\" \/>\n<meta property=\"og:availability\" content=\"instock\" \/>\n<meta property=\"product:availability\" content=\"instock\" \/>\n<meta property=\"product:condition\" content=\"new\" \/>\n<!-- \/ Yoast SEO Premium plugin. -->","yoast_head_json":{"title":"Fotoliu Loft \ufe0f","description":"Fotoliul LOFT este o pies\u0103 de mobilier elegant\u0103 \u0219i modern\u0103, perfect\u0103 pentru interioare \u00een stil industrial sau minimalist. Designul s\u0103u simplu, cu elemente geometrice, creeaz\u0103 un aspect u\u0219or \u0219i sofisticat.","robots":{"index":"noindex","follow":"follow","max-snippet":"max-snippet:-1","max-image-preview":"max-image-preview:large","max-video-preview":"max-video-preview:-1"},"og_locale":"en_US","og_type":"article","og_title":"Fotoliu Loft","og_description":"Fotoliul LOFT este o pies\u0103 de mobilier elegant\u0103 \u0219i modern\u0103, perfect\u0103 pentru interioare \u00een stil industrial sau minimalist. Designul s\u0103u simplu, cu elemente geometrice, creeaz\u0103 un aspect u\u0219or \u0219i sofisticat.","og_url":"https:\/\/new.divani.ro\/en\/product\/fotoliu-loft\/","og_site_name":"DI&#039;VANI","article_modified_time":"2025-02-17T13:43:58+00:00","og_image":[{"width":2000,"height":1333,"url":"https:\/\/new.divani.ro\/wp-content\/uploads\/2024\/11\/f-loft-2.jpg","type":"image\/jpeg"}],"twitter_card":"summary_large_image","twitter_misc":{"Price":"8 000&nbsp;MDL","Availability":"In stock"},"schema":{"@context":"https:\/\/schema.org","@graph":[{"@type":"WebPage","@id":"https:\/\/new.divani.ro\/en\/product\/fotoliu-loft\/","url":"https:\/\/new.divani.ro\/en\/product\/fotoliu-loft\/","name":"Fotoliu Loft \ufe0f","isPartOf":{"@id":"https:\/\/new.divani.ro\/en\/#website"},"primaryImageOfPage":{"@id":"https:\/\/new.divani.ro\/en\/product\/fotoliu-loft\/#primaryimage"},"image":{"@id":"https:\/\/new.divani.ro\/en\/product\/fotoliu-loft\/#primaryimage"},"thumbnailUrl":"https:\/\/new.divani.ro\/wp-content\/uploads\/2024\/11\/f-loft-2.jpg","datePublished":"2024-12-03T10:39:03+00:00","dateModified":"2025-02-17T13:43:58+00:00","description":"Fotoliul LOFT este o pies\u0103 de mobilier elegant\u0103 \u0219i modern\u0103, perfect\u0103 pentru interioare \u00een stil industrial sau minimalist. Designul s\u0103u simplu, cu elemente geometrice, creeaz\u0103 un aspect u\u0219or \u0219i sofisticat.","breadcrumb":{"@id":"https:\/\/new.divani.ro\/en\/product\/fotoliu-loft\/#breadcrumb"},"inLanguage":"en-US","potentialAction":[{"@type":"ReadAction","target":["https:\/\/new.divani.ro\/en\/product\/fotoliu-loft\/"]}]},{"@type":"ImageObject","inLanguage":"en-US","@id":"https:\/\/new.divani.ro\/en\/product\/fotoliu-loft\/#primaryimage","url":"https:\/\/new.divani.ro\/wp-content\/uploads\/2024\/11\/f-loft-2.jpg","contentUrl":"https:\/\/new.divani.ro\/wp-content\/uploads\/2024\/11\/f-loft-2.jpg","width":2000,"height":1333},{"@type":"BreadcrumbList","@id":"https:\/\/new.divani.ro\/en\/product\/fotoliu-loft\/#breadcrumb","itemListElement":[{"@type":"ListItem","position":1,"name":"Home","item":"https:\/\/new.divani.ro\/en\/"},{"@type":"ListItem","position":2,"name":"Catalog","item":"https:\/\/new.divani.ro\/magazin\/"},{"@type":"ListItem","position":3,"name":"Armchairs","item":"https:\/\/new.divani.ro\/en\/product-category\/armchairs\/"},{"@type":"ListItem","position":4,"name":"Fotoliu Loft"}]},{"@type":"WebSite","@id":"https:\/\/new.divani.ro\/en\/#website","url":"https:\/\/new.divani.ro\/en\/","name":"DI'VANI","description":"","publisher":{"@id":"https:\/\/new.divani.ro\/en\/#organization"},"potentialAction":[{"@type":"SearchAction","target":{"@type":"EntryPoint","urlTemplate":"https:\/\/new.divani.ro\/en\/?s={search_term_string}"},"query-input":{"@type":"PropertyValueSpecification","valueRequired":true,"valueName":"search_term_string"}}],"inLanguage":"en-US"},{"@type":"Organization","@id":"https:\/\/new.divani.ro\/en\/#organization","name":"DI'VANI","url":"https:\/\/new.divani.ro\/en\/","logo":{"@type":"ImageObject","inLanguage":"en-US","@id":"https:\/\/new.divani.ro\/en\/#\/schema\/logo\/image\/","url":"https:\/\/new.divani.ro\/wp-content\/uploads\/2024\/04\/divanilogo.svg","contentUrl":"https:\/\/new.divani.ro\/wp-content\/uploads\/2024\/04\/divanilogo.svg","width":1715,"height":634,"caption":"DI'VANI"},"image":{"@id":"https:\/\/new.divani.ro\/en\/#\/schema\/logo\/image\/"}}]},"product_price_amount":"8000","product_price_currency":"MDL","og_availability":"instock","product_availability":"instock","product_condition":"new"},"_links":{"self":[{"href":"https:\/\/new.divani.ro\/en\/wp-json\/wp\/v2\/product\/7907","targetHints":{"allow":["GET"]}}],"collection":[{"href":"https:\/\/new.divani.ro\/en\/wp-json\/wp\/v2\/product"}],"about":[{"href":"https:\/\/new.divani.ro\/en\/wp-json\/wp\/v2\/types\/product"}],"wp:featuredmedia":[{"embeddable":true,"href":"https:\/\/new.divani.ro\/en\/wp-json\/wp\/v2\/media\/7914"}],"wp:attachment":[{"href":"https:\/\/new.divani.ro\/en\/wp-json\/wp\/v2\/media?parent=7907"}],"wp:term":[{"taxonomy":"product_brand","embeddable":true,"href":"https:\/\/new.divani.ro\/en\/wp-json\/wp\/v2\/product_brand?post=7907"},{"taxonomy":"product_cat","embeddable":true,"href":"https:\/\/new.divani.ro\/en\/wp-json\/wp\/v2\/product_cat?post=7907"},{"taxonomy":"product_tag","embeddable":true,"href":"https:\/\/new.divani.ro\/en\/wp-json\/wp\/v2\/product_tag?post=7907"}],"curies":[{"name":"wp","href":"https:\/\/api.w.org\/{rel}","templated":true}]}}