{"id":7874,"date":"2024-11-29T12:34:36","date_gmt":"2024-11-29T10:34:36","guid":{"rendered":"http:\/\/new.divani.ro\/?post_type=product&#038;p=7874"},"modified":"2025-02-17T16:13:47","modified_gmt":"2025-02-17T14:13:47","slug":"canapea-joly-triple","status":"publish","type":"product","link":"https:\/\/new.divani.ro\/en\/product\/canapea-joly-triple\/","title":{"rendered":"Canapea Joly Triple"},"content":{"rendered":"<p><strong>Canapeaua Joly Triple<\/strong> este o alegere stilat\u0103 \u0219i func\u021bional\u0103 pentru interioarele moderne. Datorit\u0103 versatilit\u0103\u021bii \u0219i designului s\u0103u minimalist, aceasta este potrivit\u0103 at\u00e2t pentru spa\u021bii reziden\u021biale, c\u00e2t \u0219i pentru cele publice. Canapeaua se transform\u0103 cu u\u0219urin\u021b\u0103 \u00eentr-un spa\u021biu de dormit generos, fiind ideal\u0103 pentru apartamente de tip studio sau camere pentru oaspe\u021bi.<\/p>\n","protected":false},"excerpt":{"rendered":"<p><strong>Canapeaua Joly Triple<\/strong> este o alegere stilat\u0103 \u0219i func\u021bional\u0103 pentru interioarele moderne. Datorit\u0103 versatilit\u0103\u021bii \u0219i designului s\u0103u minimalist, aceasta este potrivit\u0103 at\u00e2t pentru spa\u021bii reziden\u021biale, c\u00e2t \u0219i pentru cele publice. Canapeaua se transform\u0103 cu u\u0219urin\u021b\u0103 \u00eentr-un spa\u021biu de dormit generos, fiind ideal\u0103 pentru apartamente de tip studio sau camere pentru oaspe\u021bi.<\/p>\n<p>Modelul se remarc\u0103 prin tapi\u021beria de \u00eenalt\u0103 calitate <strong>Teddy 110<\/strong>, care ofer\u0103 moliciune \u0219i rezisten\u021b\u0103 \u00een timp. Nuanta cald\u0103 de mu\u0219tar-maroniu adaug\u0103 un plus de confort \u0219i elegan\u021b\u0103 oric\u0103rui interior. Spa\u021biul de dormit de <strong>140 x 210 cm<\/strong> asigur\u0103 odihn\u0103 confortabil\u0103 pentru una sau dou\u0103 persoane. Dimensiunile compacte \u00een pozi\u021bie str\u00e2ns\u0103 (<strong>164 x 102 cm<\/strong>) o fac perfect\u0103 pentru \u00eenc\u0103peri mai mici.<\/p>\n<p>Picioarele metalice solide adaug\u0103 un accent modern \u0219i garanteaz\u0103 durabilitatea produsului.<\/p>\n<h4>Avantaje:<\/h4>\n<ul>\n<li><strong>Mecanism de transformare<\/strong>: se transform\u0103 u\u0219or \u00eentr-un pat confortabil.<\/li>\n<li><strong>Spa\u021biu generos de dormit<\/strong>: dimensiuni de <strong>140 x 210 cm<\/strong>.<\/li>\n<li><strong>Tapi\u021berie premium<\/strong>: material <strong>Teddy 110<\/strong>, moale \u0219i rezistent.<\/li>\n<li><strong>Design ergonomic<\/strong>: dimensiuni compacte \u0219i aspect modern.<\/li>\n<\/ul>\n","protected":false},"featured_media":7896,"template":"","meta":{"_acf_changed":false,"inline_featured_image":false},"product_brand":[],"product_cat":[15],"product_tag":[],"class_list":{"0":"post-7874","1":"product","2":"type-product","3":"status-publish","4":"has-post-thumbnail","6":"product_cat-canapele","8":"first","9":"instock","10":"shipping-taxable","11":"purchasable","12":"product-type-simple"},"acf":[],"yoast_head":"<!-- This site is optimized with the Yoast SEO Premium plugin v23.2 (Yoast SEO v27.2) - https:\/\/yoast.com\/product\/yoast-seo-premium-wordpress\/ -->\n<title>Canapea Joly Triple \ufe0f<\/title>\n<meta name=\"description\" content=\"Canapeaua Joly Triple este o alegere stilat\u0103 \u0219i func\u021bional\u0103 pentru interioarele moderne. Datorit\u0103 versatilit\u0103\u021bii \u0219i designului s\u0103u minimalist, aceasta este potrivit\u0103 at\u00e2t pentru spa\u021bii reziden\u021biale, c\u00e2t \u0219i pentru cele publice.\" \/>\n<meta name=\"robots\" content=\"noindex, follow, max-snippet:-1, max-image-preview:large, max-video-preview:-1\" \/>\n<meta property=\"og:locale\" content=\"en_US\" \/>\n<meta property=\"og:type\" content=\"article\" \/>\n<meta property=\"og:title\" content=\"Canapea Joly Triple\" \/>\n<meta property=\"og:description\" content=\"Canapeaua Joly Triple este o alegere stilat\u0103 \u0219i func\u021bional\u0103 pentru interioarele moderne. Datorit\u0103 versatilit\u0103\u021bii \u0219i designului s\u0103u minimalist, aceasta este potrivit\u0103 at\u00e2t pentru spa\u021bii reziden\u021biale, c\u00e2t \u0219i pentru cele publice.\" \/>\n<meta property=\"og:url\" content=\"https:\/\/new.divani.ro\/en\/product\/canapea-joly-triple\/\" \/>\n<meta property=\"og:site_name\" content=\"DI&#039;VANI\" \/>\n<meta property=\"article:modified_time\" content=\"2025-02-17T14:13:47+00:00\" \/>\n<meta property=\"og:image\" content=\"https:\/\/new.divani.ro\/wp-content\/uploads\/2024\/11\/c-triple-8.jpg\" \/>\n\t<meta property=\"og:image:width\" content=\"2000\" \/>\n\t<meta property=\"og:image:height\" content=\"1333\" \/>\n\t<meta property=\"og:image:type\" content=\"image\/jpeg\" \/>\n<meta name=\"twitter:card\" content=\"summary_large_image\" \/>\n<meta name=\"twitter:label1\" content=\"Price\" \/>\n\t<meta name=\"twitter:data1\" content=\"27 800&nbsp;MDL\" \/>\n\t<meta name=\"twitter:label2\" content=\"Availability\" \/>\n\t<meta name=\"twitter:data2\" content=\"In stock\" \/>\n<script type=\"application\/ld+json\" class=\"yoast-schema-graph\">{\"@context\":\"https:\/\/schema.org\",\"@graph\":[{\"@type\":\"WebPage\",\"@id\":\"https:\/\/new.divani.ro\/en\/product\/canapea-joly-triple\/\",\"url\":\"https:\/\/new.divani.ro\/en\/product\/canapea-joly-triple\/\",\"name\":\"Canapea Joly Triple \ufe0f\",\"isPartOf\":{\"@id\":\"https:\/\/new.divani.ro\/en\/#website\"},\"primaryImageOfPage\":{\"@id\":\"https:\/\/new.divani.ro\/en\/product\/canapea-joly-triple\/#primaryimage\"},\"image\":{\"@id\":\"https:\/\/new.divani.ro\/en\/product\/canapea-joly-triple\/#primaryimage\"},\"thumbnailUrl\":\"https:\/\/new.divani.ro\/wp-content\/uploads\/2024\/11\/c-triple-8.jpg\",\"datePublished\":\"2024-11-29T10:34:36+00:00\",\"dateModified\":\"2025-02-17T14:13:47+00:00\",\"description\":\"Canapeaua Joly Triple este o alegere stilat\u0103 \u0219i func\u021bional\u0103 pentru interioarele moderne. Datorit\u0103 versatilit\u0103\u021bii \u0219i designului s\u0103u minimalist, aceasta este potrivit\u0103 at\u00e2t pentru spa\u021bii reziden\u021biale, c\u00e2t \u0219i pentru cele publice.\",\"breadcrumb\":{\"@id\":\"https:\/\/new.divani.ro\/en\/product\/canapea-joly-triple\/#breadcrumb\"},\"inLanguage\":\"en-US\",\"potentialAction\":[{\"@type\":\"ReadAction\",\"target\":[\"https:\/\/new.divani.ro\/en\/product\/canapea-joly-triple\/\"]}]},{\"@type\":\"ImageObject\",\"inLanguage\":\"en-US\",\"@id\":\"https:\/\/new.divani.ro\/en\/product\/canapea-joly-triple\/#primaryimage\",\"url\":\"https:\/\/new.divani.ro\/wp-content\/uploads\/2024\/11\/c-triple-8.jpg\",\"contentUrl\":\"https:\/\/new.divani.ro\/wp-content\/uploads\/2024\/11\/c-triple-8.jpg\",\"width\":2000,\"height\":1333},{\"@type\":\"BreadcrumbList\",\"@id\":\"https:\/\/new.divani.ro\/en\/product\/canapea-joly-triple\/#breadcrumb\",\"itemListElement\":[{\"@type\":\"ListItem\",\"position\":1,\"name\":\"Home\",\"item\":\"https:\/\/new.divani.ro\/en\/\"},{\"@type\":\"ListItem\",\"position\":2,\"name\":\"Catalog\",\"item\":\"https:\/\/new.divani.ro\/magazin\/\"},{\"@type\":\"ListItem\",\"position\":3,\"name\":\"Sofas\",\"item\":\"https:\/\/new.divani.ro\/en\/product-category\/sofas\/\"},{\"@type\":\"ListItem\",\"position\":4,\"name\":\"Canapea Joly Triple\"}]},{\"@type\":\"WebSite\",\"@id\":\"https:\/\/new.divani.ro\/en\/#website\",\"url\":\"https:\/\/new.divani.ro\/en\/\",\"name\":\"DI'VANI\",\"description\":\"\",\"publisher\":{\"@id\":\"https:\/\/new.divani.ro\/en\/#organization\"},\"potentialAction\":[{\"@type\":\"SearchAction\",\"target\":{\"@type\":\"EntryPoint\",\"urlTemplate\":\"https:\/\/new.divani.ro\/en\/?s={search_term_string}\"},\"query-input\":{\"@type\":\"PropertyValueSpecification\",\"valueRequired\":true,\"valueName\":\"search_term_string\"}}],\"inLanguage\":\"en-US\"},{\"@type\":\"Organization\",\"@id\":\"https:\/\/new.divani.ro\/en\/#organization\",\"name\":\"DI'VANI\",\"url\":\"https:\/\/new.divani.ro\/en\/\",\"logo\":{\"@type\":\"ImageObject\",\"inLanguage\":\"en-US\",\"@id\":\"https:\/\/new.divani.ro\/en\/#\/schema\/logo\/image\/\",\"url\":\"https:\/\/new.divani.ro\/wp-content\/uploads\/2024\/04\/divanilogo.svg\",\"contentUrl\":\"https:\/\/new.divani.ro\/wp-content\/uploads\/2024\/04\/divanilogo.svg\",\"width\":1715,\"height\":634,\"caption\":\"DI'VANI\"},\"image\":{\"@id\":\"https:\/\/new.divani.ro\/en\/#\/schema\/logo\/image\/\"}}]}<\/script>\n<meta property=\"product:price:amount\" content=\"27800\" \/>\n<meta property=\"product:price:currency\" content=\"MDL\" \/>\n<meta property=\"og:availability\" content=\"instock\" \/>\n<meta property=\"product:availability\" content=\"instock\" \/>\n<meta property=\"product:condition\" content=\"new\" \/>\n<!-- \/ Yoast SEO Premium plugin. -->","yoast_head_json":{"title":"Canapea Joly Triple \ufe0f","description":"Canapeaua Joly Triple este o alegere stilat\u0103 \u0219i func\u021bional\u0103 pentru interioarele moderne. Datorit\u0103 versatilit\u0103\u021bii \u0219i designului s\u0103u minimalist, aceasta este potrivit\u0103 at\u00e2t pentru spa\u021bii reziden\u021biale, c\u00e2t \u0219i pentru cele publice.","robots":{"index":"noindex","follow":"follow","max-snippet":"max-snippet:-1","max-image-preview":"max-image-preview:large","max-video-preview":"max-video-preview:-1"},"og_locale":"en_US","og_type":"article","og_title":"Canapea Joly Triple","og_description":"Canapeaua Joly Triple este o alegere stilat\u0103 \u0219i func\u021bional\u0103 pentru interioarele moderne. Datorit\u0103 versatilit\u0103\u021bii \u0219i designului s\u0103u minimalist, aceasta este potrivit\u0103 at\u00e2t pentru spa\u021bii reziden\u021biale, c\u00e2t \u0219i pentru cele publice.","og_url":"https:\/\/new.divani.ro\/en\/product\/canapea-joly-triple\/","og_site_name":"DI&#039;VANI","article_modified_time":"2025-02-17T14:13:47+00:00","og_image":[{"width":2000,"height":1333,"url":"https:\/\/new.divani.ro\/wp-content\/uploads\/2024\/11\/c-triple-8.jpg","type":"image\/jpeg"}],"twitter_card":"summary_large_image","twitter_misc":{"Price":"27 800&nbsp;MDL","Availability":"In stock"},"schema":{"@context":"https:\/\/schema.org","@graph":[{"@type":"WebPage","@id":"https:\/\/new.divani.ro\/en\/product\/canapea-joly-triple\/","url":"https:\/\/new.divani.ro\/en\/product\/canapea-joly-triple\/","name":"Canapea Joly Triple \ufe0f","isPartOf":{"@id":"https:\/\/new.divani.ro\/en\/#website"},"primaryImageOfPage":{"@id":"https:\/\/new.divani.ro\/en\/product\/canapea-joly-triple\/#primaryimage"},"image":{"@id":"https:\/\/new.divani.ro\/en\/product\/canapea-joly-triple\/#primaryimage"},"thumbnailUrl":"https:\/\/new.divani.ro\/wp-content\/uploads\/2024\/11\/c-triple-8.jpg","datePublished":"2024-11-29T10:34:36+00:00","dateModified":"2025-02-17T14:13:47+00:00","description":"Canapeaua Joly Triple este o alegere stilat\u0103 \u0219i func\u021bional\u0103 pentru interioarele moderne. Datorit\u0103 versatilit\u0103\u021bii \u0219i designului s\u0103u minimalist, aceasta este potrivit\u0103 at\u00e2t pentru spa\u021bii reziden\u021biale, c\u00e2t \u0219i pentru cele publice.","breadcrumb":{"@id":"https:\/\/new.divani.ro\/en\/product\/canapea-joly-triple\/#breadcrumb"},"inLanguage":"en-US","potentialAction":[{"@type":"ReadAction","target":["https:\/\/new.divani.ro\/en\/product\/canapea-joly-triple\/"]}]},{"@type":"ImageObject","inLanguage":"en-US","@id":"https:\/\/new.divani.ro\/en\/product\/canapea-joly-triple\/#primaryimage","url":"https:\/\/new.divani.ro\/wp-content\/uploads\/2024\/11\/c-triple-8.jpg","contentUrl":"https:\/\/new.divani.ro\/wp-content\/uploads\/2024\/11\/c-triple-8.jpg","width":2000,"height":1333},{"@type":"BreadcrumbList","@id":"https:\/\/new.divani.ro\/en\/product\/canapea-joly-triple\/#breadcrumb","itemListElement":[{"@type":"ListItem","position":1,"name":"Home","item":"https:\/\/new.divani.ro\/en\/"},{"@type":"ListItem","position":2,"name":"Catalog","item":"https:\/\/new.divani.ro\/magazin\/"},{"@type":"ListItem","position":3,"name":"Sofas","item":"https:\/\/new.divani.ro\/en\/product-category\/sofas\/"},{"@type":"ListItem","position":4,"name":"Canapea Joly Triple"}]},{"@type":"WebSite","@id":"https:\/\/new.divani.ro\/en\/#website","url":"https:\/\/new.divani.ro\/en\/","name":"DI'VANI","description":"","publisher":{"@id":"https:\/\/new.divani.ro\/en\/#organization"},"potentialAction":[{"@type":"SearchAction","target":{"@type":"EntryPoint","urlTemplate":"https:\/\/new.divani.ro\/en\/?s={search_term_string}"},"query-input":{"@type":"PropertyValueSpecification","valueRequired":true,"valueName":"search_term_string"}}],"inLanguage":"en-US"},{"@type":"Organization","@id":"https:\/\/new.divani.ro\/en\/#organization","name":"DI'VANI","url":"https:\/\/new.divani.ro\/en\/","logo":{"@type":"ImageObject","inLanguage":"en-US","@id":"https:\/\/new.divani.ro\/en\/#\/schema\/logo\/image\/","url":"https:\/\/new.divani.ro\/wp-content\/uploads\/2024\/04\/divanilogo.svg","contentUrl":"https:\/\/new.divani.ro\/wp-content\/uploads\/2024\/04\/divanilogo.svg","width":1715,"height":634,"caption":"DI'VANI"},"image":{"@id":"https:\/\/new.divani.ro\/en\/#\/schema\/logo\/image\/"}}]},"product_price_amount":"27800","product_price_currency":"MDL","og_availability":"instock","product_availability":"instock","product_condition":"new"},"_links":{"self":[{"href":"https:\/\/new.divani.ro\/en\/wp-json\/wp\/v2\/product\/7874","targetHints":{"allow":["GET"]}}],"collection":[{"href":"https:\/\/new.divani.ro\/en\/wp-json\/wp\/v2\/product"}],"about":[{"href":"https:\/\/new.divani.ro\/en\/wp-json\/wp\/v2\/types\/product"}],"wp:featuredmedia":[{"embeddable":true,"href":"https:\/\/new.divani.ro\/en\/wp-json\/wp\/v2\/media\/7896"}],"wp:attachment":[{"href":"https:\/\/new.divani.ro\/en\/wp-json\/wp\/v2\/media?parent=7874"}],"wp:term":[{"taxonomy":"product_brand","embeddable":true,"href":"https:\/\/new.divani.ro\/en\/wp-json\/wp\/v2\/product_brand?post=7874"},{"taxonomy":"product_cat","embeddable":true,"href":"https:\/\/new.divani.ro\/en\/wp-json\/wp\/v2\/product_cat?post=7874"},{"taxonomy":"product_tag","embeddable":true,"href":"https:\/\/new.divani.ro\/en\/wp-json\/wp\/v2\/product_tag?post=7874"}],"curies":[{"name":"wp","href":"https:\/\/api.w.org\/{rel}","templated":true}]}}