{"id":7830,"date":"2024-11-29T10:36:15","date_gmt":"2024-11-29T08:36:15","guid":{"rendered":"http:\/\/new.divani.ro\/?post_type=product&#038;p=7830"},"modified":"2025-02-17T16:14:10","modified_gmt":"2025-02-17T14:14:10","slug":"fotoliu-joly","status":"publish","type":"product","link":"https:\/\/new.divani.ro\/en\/product\/fotoliu-joly\/","title":{"rendered":"Fotoliu Joly"},"content":{"rendered":"<p>Fotoliul elegant Joly este combina\u021bia perfect\u0103 \u00eentre minimalism, stil modern \u0219i func\u021bionalitate. Acest fotoliu aduce confort \u0219i rafinament \u00een orice interior, fie c\u0103 este vorba de living, birou sau dormitor.<\/p>\n","protected":false},"excerpt":{"rendered":"<ul>\n<li>Fotoliu JOLY Stofa: Bestseler Graphite (ARTEKS)<\/li>\n<li>Dimensiuni: 100 cm x 100 cm, H 77 cm (gabarite)<\/li>\n<li>\u00cemplutura: cadrul din lem, PAL, poliretan D35,\u00a0 neextensibil<\/li>\n<li>Picior: 17 cm metal<\/li>\n<\/ul>\n<p>&nbsp;<\/p>\n<p>Fotoliul elegant Joly este combina\u021bia perfect\u0103 \u00eentre minimalism, stil modern \u0219i func\u021bionalitate. Acest fotoliu aduce confort \u0219i rafinament \u00een orice interior, fie c\u0103 este vorba de living, birou sau dormitor.<\/p>\n<p>Aten\u021bia principal\u0103 este atras\u0103 de designul s\u0103u simplu \u0219i rafinat: nuan\u021ba gri-alb\u0103struie a tapi\u021beriei \u00eel face o solu\u021bie stilat\u0103 \u0219i versatil\u0103, potrivit\u0103 pentru orice interior modern. Liniile stricte \u0219i propor\u021biile echilibrate accentueaz\u0103 elegan\u021ba re\u021binut\u0103, iar \u021bes\u0103tura moale \u0219i pl\u0103cut\u0103 la atingere garanteaz\u0103 confort.<\/p>\n<p>Fotoliul este dotat cu picioare metalice stabile, cu un profil sub\u021bire, care adaug\u0103 un aer de lejeritate \u0219i \u201eridic\u0103\u201d vizual \u00eentreaga structur\u0103, potrivindu-se perfect cu interioarele \u00een stil loft, minimalism sau scandinav.<\/p>\n<p>Datorit\u0103 \u0219ezutului ad\u00e2nc \u0219i sp\u0103tarului voluminos, fotoliul Joly ofer\u0103 suport optim \u0219i confort pentru momentele de relaxare. Cotierele confortabile completeaz\u0103 aspectul, asigur\u00e2nd o pozi\u021bie relaxant\u0103.<\/p>\n<h4>Avantaje:<\/h4>\n<p><strong>Stil modern:<\/strong> potrivit perfect pentru interioare cu elemente loft sau minimaliste.<br \/>\n<strong>Materiale de calitate:<\/strong> tapi\u021berie moale \u0219i picioare metalice pentru durabilitate.<br \/>\n<strong>Culoare versatil\u0103:<\/strong> tonul gri-alb\u0103strui se potrive\u0219te u\u0219or cu alte elemente din interior.<br \/>\n<strong>Confort \u0219i func\u021bionalitate:<\/strong> construc\u021bie ergonomic\u0103 pentru relaxare total\u0103.<\/p>\n","protected":false},"featured_media":7870,"template":"","meta":{"_acf_changed":false,"inline_featured_image":false},"product_brand":[],"product_cat":[57],"product_tag":[],"class_list":{"0":"post-7830","1":"product","2":"type-product","3":"status-publish","4":"has-post-thumbnail","6":"product_cat-fotolii","8":"first","9":"instock","10":"shipping-taxable","11":"purchasable","12":"product-type-simple"},"acf":[],"yoast_head":"<!-- This site is optimized with the Yoast SEO Premium plugin v23.2 (Yoast SEO v27.2) - https:\/\/yoast.com\/product\/yoast-seo-premium-wordpress\/ -->\n<title>Fotoliu Joly \ufe0f<\/title>\n<meta name=\"description\" content=\"Fotoliul elegant Joly este combina\u021bia perfect\u0103 \u00eentre minimalism, stil modern \u0219i func\u021bionalitate. Acest fotoliu aduce confort \u0219i rafinament \u00een orice interior, fie c\u0103 este vorba de living, birou sau dormitor.\" \/>\n<meta name=\"robots\" content=\"noindex, follow, max-snippet:-1, max-image-preview:large, max-video-preview:-1\" \/>\n<meta property=\"og:locale\" content=\"en_US\" \/>\n<meta property=\"og:type\" content=\"article\" \/>\n<meta property=\"og:title\" content=\"Fotoliu Joly\" \/>\n<meta property=\"og:description\" content=\"Fotoliul elegant Joly este combina\u021bia perfect\u0103 \u00eentre minimalism, stil modern \u0219i func\u021bionalitate. Acest fotoliu aduce confort \u0219i rafinament \u00een orice interior, fie c\u0103 este vorba de living, birou sau dormitor.\" \/>\n<meta property=\"og:url\" content=\"https:\/\/new.divani.ro\/en\/product\/fotoliu-joly\/\" \/>\n<meta property=\"og:site_name\" content=\"DI&#039;VANI\" \/>\n<meta property=\"article:modified_time\" content=\"2025-02-17T14:14:10+00:00\" \/>\n<meta property=\"og:image\" content=\"https:\/\/new.divani.ro\/wp-content\/uploads\/2024\/11\/f-joly-1.jpg\" \/>\n\t<meta property=\"og:image:width\" content=\"2000\" \/>\n\t<meta property=\"og:image:height\" content=\"1333\" \/>\n\t<meta property=\"og:image:type\" content=\"image\/jpeg\" \/>\n<meta name=\"twitter:card\" content=\"summary_large_image\" \/>\n<meta name=\"twitter:label1\" content=\"Price\" \/>\n\t<meta name=\"twitter:data1\" content=\"14 800&nbsp;MDL\" \/>\n\t<meta name=\"twitter:label2\" content=\"Availability\" \/>\n\t<meta name=\"twitter:data2\" content=\"In stock\" \/>\n<script type=\"application\/ld+json\" class=\"yoast-schema-graph\">{\"@context\":\"https:\/\/schema.org\",\"@graph\":[{\"@type\":\"WebPage\",\"@id\":\"https:\/\/new.divani.ro\/en\/product\/fotoliu-joly\/\",\"url\":\"https:\/\/new.divani.ro\/en\/product\/fotoliu-joly\/\",\"name\":\"Fotoliu Joly \ufe0f\",\"isPartOf\":{\"@id\":\"https:\/\/new.divani.ro\/en\/#website\"},\"primaryImageOfPage\":{\"@id\":\"https:\/\/new.divani.ro\/en\/product\/fotoliu-joly\/#primaryimage\"},\"image\":{\"@id\":\"https:\/\/new.divani.ro\/en\/product\/fotoliu-joly\/#primaryimage\"},\"thumbnailUrl\":\"https:\/\/new.divani.ro\/wp-content\/uploads\/2024\/11\/f-joly-1.jpg\",\"datePublished\":\"2024-11-29T08:36:15+00:00\",\"dateModified\":\"2025-02-17T14:14:10+00:00\",\"description\":\"Fotoliul elegant Joly este combina\u021bia perfect\u0103 \u00eentre minimalism, stil modern \u0219i func\u021bionalitate. Acest fotoliu aduce confort \u0219i rafinament \u00een orice interior, fie c\u0103 este vorba de living, birou sau dormitor.\",\"breadcrumb\":{\"@id\":\"https:\/\/new.divani.ro\/en\/product\/fotoliu-joly\/#breadcrumb\"},\"inLanguage\":\"en-US\",\"potentialAction\":[{\"@type\":\"ReadAction\",\"target\":[\"https:\/\/new.divani.ro\/en\/product\/fotoliu-joly\/\"]}]},{\"@type\":\"ImageObject\",\"inLanguage\":\"en-US\",\"@id\":\"https:\/\/new.divani.ro\/en\/product\/fotoliu-joly\/#primaryimage\",\"url\":\"https:\/\/new.divani.ro\/wp-content\/uploads\/2024\/11\/f-joly-1.jpg\",\"contentUrl\":\"https:\/\/new.divani.ro\/wp-content\/uploads\/2024\/11\/f-joly-1.jpg\",\"width\":2000,\"height\":1333},{\"@type\":\"BreadcrumbList\",\"@id\":\"https:\/\/new.divani.ro\/en\/product\/fotoliu-joly\/#breadcrumb\",\"itemListElement\":[{\"@type\":\"ListItem\",\"position\":1,\"name\":\"Home\",\"item\":\"https:\/\/new.divani.ro\/en\/\"},{\"@type\":\"ListItem\",\"position\":2,\"name\":\"Catalog\",\"item\":\"https:\/\/new.divani.ro\/magazin\/\"},{\"@type\":\"ListItem\",\"position\":3,\"name\":\"Armchairs\",\"item\":\"https:\/\/new.divani.ro\/en\/product-category\/armchairs\/\"},{\"@type\":\"ListItem\",\"position\":4,\"name\":\"Fotoliu Joly\"}]},{\"@type\":\"WebSite\",\"@id\":\"https:\/\/new.divani.ro\/en\/#website\",\"url\":\"https:\/\/new.divani.ro\/en\/\",\"name\":\"DI'VANI\",\"description\":\"\",\"publisher\":{\"@id\":\"https:\/\/new.divani.ro\/en\/#organization\"},\"potentialAction\":[{\"@type\":\"SearchAction\",\"target\":{\"@type\":\"EntryPoint\",\"urlTemplate\":\"https:\/\/new.divani.ro\/en\/?s={search_term_string}\"},\"query-input\":{\"@type\":\"PropertyValueSpecification\",\"valueRequired\":true,\"valueName\":\"search_term_string\"}}],\"inLanguage\":\"en-US\"},{\"@type\":\"Organization\",\"@id\":\"https:\/\/new.divani.ro\/en\/#organization\",\"name\":\"DI'VANI\",\"url\":\"https:\/\/new.divani.ro\/en\/\",\"logo\":{\"@type\":\"ImageObject\",\"inLanguage\":\"en-US\",\"@id\":\"https:\/\/new.divani.ro\/en\/#\/schema\/logo\/image\/\",\"url\":\"https:\/\/new.divani.ro\/wp-content\/uploads\/2024\/04\/divanilogo.svg\",\"contentUrl\":\"https:\/\/new.divani.ro\/wp-content\/uploads\/2024\/04\/divanilogo.svg\",\"width\":1715,\"height\":634,\"caption\":\"DI'VANI\"},\"image\":{\"@id\":\"https:\/\/new.divani.ro\/en\/#\/schema\/logo\/image\/\"}}]}<\/script>\n<meta property=\"product:price:amount\" content=\"14800\" \/>\n<meta property=\"product:price:currency\" content=\"MDL\" \/>\n<meta property=\"og:availability\" content=\"instock\" \/>\n<meta property=\"product:availability\" content=\"instock\" \/>\n<meta property=\"product:condition\" content=\"new\" \/>\n<!-- \/ Yoast SEO Premium plugin. -->","yoast_head_json":{"title":"Fotoliu Joly \ufe0f","description":"Fotoliul elegant Joly este combina\u021bia perfect\u0103 \u00eentre minimalism, stil modern \u0219i func\u021bionalitate. Acest fotoliu aduce confort \u0219i rafinament \u00een orice interior, fie c\u0103 este vorba de living, birou sau dormitor.","robots":{"index":"noindex","follow":"follow","max-snippet":"max-snippet:-1","max-image-preview":"max-image-preview:large","max-video-preview":"max-video-preview:-1"},"og_locale":"en_US","og_type":"article","og_title":"Fotoliu Joly","og_description":"Fotoliul elegant Joly este combina\u021bia perfect\u0103 \u00eentre minimalism, stil modern \u0219i func\u021bionalitate. Acest fotoliu aduce confort \u0219i rafinament \u00een orice interior, fie c\u0103 este vorba de living, birou sau dormitor.","og_url":"https:\/\/new.divani.ro\/en\/product\/fotoliu-joly\/","og_site_name":"DI&#039;VANI","article_modified_time":"2025-02-17T14:14:10+00:00","og_image":[{"width":2000,"height":1333,"url":"https:\/\/new.divani.ro\/wp-content\/uploads\/2024\/11\/f-joly-1.jpg","type":"image\/jpeg"}],"twitter_card":"summary_large_image","twitter_misc":{"Price":"14 800&nbsp;MDL","Availability":"In stock"},"schema":{"@context":"https:\/\/schema.org","@graph":[{"@type":"WebPage","@id":"https:\/\/new.divani.ro\/en\/product\/fotoliu-joly\/","url":"https:\/\/new.divani.ro\/en\/product\/fotoliu-joly\/","name":"Fotoliu Joly \ufe0f","isPartOf":{"@id":"https:\/\/new.divani.ro\/en\/#website"},"primaryImageOfPage":{"@id":"https:\/\/new.divani.ro\/en\/product\/fotoliu-joly\/#primaryimage"},"image":{"@id":"https:\/\/new.divani.ro\/en\/product\/fotoliu-joly\/#primaryimage"},"thumbnailUrl":"https:\/\/new.divani.ro\/wp-content\/uploads\/2024\/11\/f-joly-1.jpg","datePublished":"2024-11-29T08:36:15+00:00","dateModified":"2025-02-17T14:14:10+00:00","description":"Fotoliul elegant Joly este combina\u021bia perfect\u0103 \u00eentre minimalism, stil modern \u0219i func\u021bionalitate. Acest fotoliu aduce confort \u0219i rafinament \u00een orice interior, fie c\u0103 este vorba de living, birou sau dormitor.","breadcrumb":{"@id":"https:\/\/new.divani.ro\/en\/product\/fotoliu-joly\/#breadcrumb"},"inLanguage":"en-US","potentialAction":[{"@type":"ReadAction","target":["https:\/\/new.divani.ro\/en\/product\/fotoliu-joly\/"]}]},{"@type":"ImageObject","inLanguage":"en-US","@id":"https:\/\/new.divani.ro\/en\/product\/fotoliu-joly\/#primaryimage","url":"https:\/\/new.divani.ro\/wp-content\/uploads\/2024\/11\/f-joly-1.jpg","contentUrl":"https:\/\/new.divani.ro\/wp-content\/uploads\/2024\/11\/f-joly-1.jpg","width":2000,"height":1333},{"@type":"BreadcrumbList","@id":"https:\/\/new.divani.ro\/en\/product\/fotoliu-joly\/#breadcrumb","itemListElement":[{"@type":"ListItem","position":1,"name":"Home","item":"https:\/\/new.divani.ro\/en\/"},{"@type":"ListItem","position":2,"name":"Catalog","item":"https:\/\/new.divani.ro\/magazin\/"},{"@type":"ListItem","position":3,"name":"Armchairs","item":"https:\/\/new.divani.ro\/en\/product-category\/armchairs\/"},{"@type":"ListItem","position":4,"name":"Fotoliu Joly"}]},{"@type":"WebSite","@id":"https:\/\/new.divani.ro\/en\/#website","url":"https:\/\/new.divani.ro\/en\/","name":"DI'VANI","description":"","publisher":{"@id":"https:\/\/new.divani.ro\/en\/#organization"},"potentialAction":[{"@type":"SearchAction","target":{"@type":"EntryPoint","urlTemplate":"https:\/\/new.divani.ro\/en\/?s={search_term_string}"},"query-input":{"@type":"PropertyValueSpecification","valueRequired":true,"valueName":"search_term_string"}}],"inLanguage":"en-US"},{"@type":"Organization","@id":"https:\/\/new.divani.ro\/en\/#organization","name":"DI'VANI","url":"https:\/\/new.divani.ro\/en\/","logo":{"@type":"ImageObject","inLanguage":"en-US","@id":"https:\/\/new.divani.ro\/en\/#\/schema\/logo\/image\/","url":"https:\/\/new.divani.ro\/wp-content\/uploads\/2024\/04\/divanilogo.svg","contentUrl":"https:\/\/new.divani.ro\/wp-content\/uploads\/2024\/04\/divanilogo.svg","width":1715,"height":634,"caption":"DI'VANI"},"image":{"@id":"https:\/\/new.divani.ro\/en\/#\/schema\/logo\/image\/"}}]},"product_price_amount":"14800","product_price_currency":"MDL","og_availability":"instock","product_availability":"instock","product_condition":"new"},"_links":{"self":[{"href":"https:\/\/new.divani.ro\/en\/wp-json\/wp\/v2\/product\/7830","targetHints":{"allow":["GET"]}}],"collection":[{"href":"https:\/\/new.divani.ro\/en\/wp-json\/wp\/v2\/product"}],"about":[{"href":"https:\/\/new.divani.ro\/en\/wp-json\/wp\/v2\/types\/product"}],"wp:featuredmedia":[{"embeddable":true,"href":"https:\/\/new.divani.ro\/en\/wp-json\/wp\/v2\/media\/7870"}],"wp:attachment":[{"href":"https:\/\/new.divani.ro\/en\/wp-json\/wp\/v2\/media?parent=7830"}],"wp:term":[{"taxonomy":"product_brand","embeddable":true,"href":"https:\/\/new.divani.ro\/en\/wp-json\/wp\/v2\/product_brand?post=7830"},{"taxonomy":"product_cat","embeddable":true,"href":"https:\/\/new.divani.ro\/en\/wp-json\/wp\/v2\/product_cat?post=7830"},{"taxonomy":"product_tag","embeddable":true,"href":"https:\/\/new.divani.ro\/en\/wp-json\/wp\/v2\/product_tag?post=7830"}],"curies":[{"name":"wp","href":"https:\/\/api.w.org\/{rel}","templated":true}]}}