{"id":5163,"date":"2023-02-22T18:48:36","date_gmt":"2023-02-22T18:48:36","guid":{"rendered":"http:\/\/new.divani.ro\/magazin\/uncategorized\/modus-relax-2\/"},"modified":"2024-08-20T13:18:43","modified_gmt":"2024-08-20T10:18:43","slug":"modus-relax-2","status":"publish","type":"product","link":"https:\/\/new.divani.ro\/en\/product\/modus-relax-2\/","title":{"rendered":"Corner Sofa Modus Relax"},"content":{"rendered":"<p>This sofa \u2013 is a combination of style and functionality. Modus Relax presents a comfortable island of rest during the day, and at night it becomes a complete bedroom.<\/p>\n","protected":false},"excerpt":{"rendered":"<p>Canapea Modus Relax este rezultatul c\u0103ut\u0103rii op\u021biunii ideale pentru relaxare acas\u0103. Acest set de module prefabricate, echipate cu mecanisme, se transform\u0103 \u00eentr-o varietate de compozi\u021bii complet personalizabile: poate fi o canapea liniar\u0103 pentru \u00eent\u00e2lniri formale sau un \u0219ezlong pentru momente de relaxare. Modus Relax poate fi transformat \u00een compozi\u021bii interminabile.<\/p>\n","protected":false},"featured_media":5176,"template":"","meta":{"_acf_changed":false,"inline_featured_image":false},"product_brand":[],"product_cat":[52],"product_tag":[],"class_list":{"0":"post-5163","1":"product","2":"type-product","3":"status-publish","4":"has-post-thumbnail","6":"product_cat-corner-sofas","8":"first","9":"instock","10":"shipping-taxable","11":"purchasable","12":"product-type-simple"},"acf":[],"yoast_head":"<!-- This site is optimized with the Yoast SEO Premium plugin v23.2 (Yoast SEO v27.2) - https:\/\/yoast.com\/product\/yoast-seo-premium-wordpress\/ -->\n<title>Corner Sofa Modus Relax \ufe0f<\/title>\n<meta name=\"description\" content=\"Canapea Modus Relax este rezultatul c\u0103ut\u0103rii op\u021biunii ideale pentru relaxare acas\u0103. Acest set de module prefabricate, echipate cu mecanisme, se transform\u0103 \u00eentr-o varietate de compozi\u021bii complet personalizabile: poate fi o canapea liniar\u0103 pentru \u00eent\u00e2lniri formale sau un \u0219ezlong pentru momente de relaxare. Modus Relax poate fi transformat \u00een compozi\u021bii interminabile.\" \/>\n<meta name=\"robots\" content=\"noindex, follow, max-snippet:-1, max-image-preview:large, max-video-preview:-1\" \/>\n<meta property=\"og:locale\" content=\"en_US\" \/>\n<meta property=\"og:type\" content=\"article\" \/>\n<meta property=\"og:title\" content=\"Corner Sofa Modus Relax\" \/>\n<meta property=\"og:description\" content=\"Canapea Modus Relax este rezultatul c\u0103ut\u0103rii op\u021biunii ideale pentru relaxare acas\u0103. Acest set de module prefabricate, echipate cu mecanisme, se transform\u0103 \u00eentr-o varietate de compozi\u021bii complet personalizabile: poate fi o canapea liniar\u0103 pentru \u00eent\u00e2lniri formale sau un \u0219ezlong pentru momente de relaxare. Modus Relax poate fi transformat \u00een compozi\u021bii interminabile.\" \/>\n<meta property=\"og:url\" content=\"https:\/\/new.divani.ro\/en\/product\/modus-relax-2\/\" \/>\n<meta property=\"og:site_name\" content=\"DI&#039;VANI\" \/>\n<meta property=\"article:modified_time\" content=\"2024-08-20T10:18:43+00:00\" \/>\n<meta property=\"og:image\" content=\"https:\/\/new.divani.ro\/wp-content\/uploads\/2023\/02\/canapea-modus-relax-cover-1536x558-\u043a\u043e\u043f\u0438\u044f-1024x372-1.png\" \/>\n\t<meta property=\"og:image:width\" content=\"1500\" \/>\n\t<meta property=\"og:image:height\" content=\"1000\" \/>\n\t<meta property=\"og:image:type\" content=\"image\/png\" \/>\n<meta name=\"twitter:card\" content=\"summary_large_image\" \/>\n<meta name=\"twitter:label1\" content=\"Price\" \/>\n\t<meta name=\"twitter:data1\" content=\"38 000&nbsp;MDL\" \/>\n\t<meta name=\"twitter:label2\" content=\"Availability\" \/>\n\t<meta name=\"twitter:data2\" content=\"In stock\" \/>\n<script type=\"application\/ld+json\" class=\"yoast-schema-graph\">{\"@context\":\"https:\/\/schema.org\",\"@graph\":[{\"@type\":\"WebPage\",\"@id\":\"https:\/\/new.divani.ro\/en\/product\/modus-relax-2\/\",\"url\":\"https:\/\/new.divani.ro\/en\/product\/modus-relax-2\/\",\"name\":\"Corner Sofa Modus Relax \ufe0f\",\"isPartOf\":{\"@id\":\"https:\/\/new.divani.ro\/en\/#website\"},\"primaryImageOfPage\":{\"@id\":\"https:\/\/new.divani.ro\/en\/product\/modus-relax-2\/#primaryimage\"},\"image\":{\"@id\":\"https:\/\/new.divani.ro\/en\/product\/modus-relax-2\/#primaryimage\"},\"thumbnailUrl\":\"https:\/\/new.divani.ro\/wp-content\/uploads\/2023\/02\/canapea-modus-relax-cover-1536x558-\u043a\u043e\u043f\u0438\u044f-1024x372-1.png\",\"datePublished\":\"2023-02-22T18:48:36+00:00\",\"dateModified\":\"2024-08-20T10:18:43+00:00\",\"description\":\"Canapea Modus Relax este rezultatul c\u0103ut\u0103rii op\u021biunii ideale pentru relaxare acas\u0103. Acest set de module prefabricate, echipate cu mecanisme, se transform\u0103 \u00eentr-o varietate de compozi\u021bii complet personalizabile: poate fi o canapea liniar\u0103 pentru \u00eent\u00e2lniri formale sau un \u0219ezlong pentru momente de relaxare. Modus Relax poate fi transformat \u00een compozi\u021bii interminabile.\",\"breadcrumb\":{\"@id\":\"https:\/\/new.divani.ro\/en\/product\/modus-relax-2\/#breadcrumb\"},\"inLanguage\":\"en-US\",\"potentialAction\":[{\"@type\":\"ReadAction\",\"target\":[\"https:\/\/new.divani.ro\/en\/product\/modus-relax-2\/\"]}]},{\"@type\":\"ImageObject\",\"inLanguage\":\"en-US\",\"@id\":\"https:\/\/new.divani.ro\/en\/product\/modus-relax-2\/#primaryimage\",\"url\":\"https:\/\/new.divani.ro\/wp-content\/uploads\/2023\/02\/canapea-modus-relax-cover-1536x558-\u043a\u043e\u043f\u0438\u044f-1024x372-1.png\",\"contentUrl\":\"https:\/\/new.divani.ro\/wp-content\/uploads\/2023\/02\/canapea-modus-relax-cover-1536x558-\u043a\u043e\u043f\u0438\u044f-1024x372-1.png\",\"width\":1500,\"height\":1000},{\"@type\":\"BreadcrumbList\",\"@id\":\"https:\/\/new.divani.ro\/en\/product\/modus-relax-2\/#breadcrumb\",\"itemListElement\":[{\"@type\":\"ListItem\",\"position\":1,\"name\":\"Home\",\"item\":\"https:\/\/new.divani.ro\/en\/\"},{\"@type\":\"ListItem\",\"position\":2,\"name\":\"Catalog\",\"item\":\"https:\/\/new.divani.ro\/magazin\/\"},{\"@type\":\"ListItem\",\"position\":3,\"name\":\"Corner Sofas\",\"item\":\"https:\/\/new.divani.ro\/en\/product-category\/corner-sofas\/\"},{\"@type\":\"ListItem\",\"position\":4,\"name\":\"Corner Sofa Modus Relax\"}]},{\"@type\":\"WebSite\",\"@id\":\"https:\/\/new.divani.ro\/en\/#website\",\"url\":\"https:\/\/new.divani.ro\/en\/\",\"name\":\"DI'VANI\",\"description\":\"\",\"publisher\":{\"@id\":\"https:\/\/new.divani.ro\/en\/#organization\"},\"potentialAction\":[{\"@type\":\"SearchAction\",\"target\":{\"@type\":\"EntryPoint\",\"urlTemplate\":\"https:\/\/new.divani.ro\/en\/?s={search_term_string}\"},\"query-input\":{\"@type\":\"PropertyValueSpecification\",\"valueRequired\":true,\"valueName\":\"search_term_string\"}}],\"inLanguage\":\"en-US\"},{\"@type\":\"Organization\",\"@id\":\"https:\/\/new.divani.ro\/en\/#organization\",\"name\":\"DI'VANI\",\"url\":\"https:\/\/new.divani.ro\/en\/\",\"logo\":{\"@type\":\"ImageObject\",\"inLanguage\":\"en-US\",\"@id\":\"https:\/\/new.divani.ro\/en\/#\/schema\/logo\/image\/\",\"url\":\"https:\/\/new.divani.ro\/wp-content\/uploads\/2024\/04\/divanilogo.svg\",\"contentUrl\":\"https:\/\/new.divani.ro\/wp-content\/uploads\/2024\/04\/divanilogo.svg\",\"width\":1715,\"height\":634,\"caption\":\"DI'VANI\"},\"image\":{\"@id\":\"https:\/\/new.divani.ro\/en\/#\/schema\/logo\/image\/\"}}]}<\/script>\n<meta property=\"product:price:amount\" content=\"38000\" \/>\n<meta property=\"product:price:currency\" content=\"MDL\" \/>\n<meta property=\"og:availability\" content=\"instock\" \/>\n<meta property=\"product:availability\" content=\"instock\" \/>\n<meta property=\"product:condition\" content=\"new\" \/>\n<!-- \/ Yoast SEO Premium plugin. -->","yoast_head_json":{"title":"Corner Sofa Modus Relax \ufe0f","description":"Canapea Modus Relax este rezultatul c\u0103ut\u0103rii op\u021biunii ideale pentru relaxare acas\u0103. Acest set de module prefabricate, echipate cu mecanisme, se transform\u0103 \u00eentr-o varietate de compozi\u021bii complet personalizabile: poate fi o canapea liniar\u0103 pentru \u00eent\u00e2lniri formale sau un \u0219ezlong pentru momente de relaxare. Modus Relax poate fi transformat \u00een compozi\u021bii interminabile.","robots":{"index":"noindex","follow":"follow","max-snippet":"max-snippet:-1","max-image-preview":"max-image-preview:large","max-video-preview":"max-video-preview:-1"},"og_locale":"en_US","og_type":"article","og_title":"Corner Sofa Modus Relax","og_description":"Canapea Modus Relax este rezultatul c\u0103ut\u0103rii op\u021biunii ideale pentru relaxare acas\u0103. Acest set de module prefabricate, echipate cu mecanisme, se transform\u0103 \u00eentr-o varietate de compozi\u021bii complet personalizabile: poate fi o canapea liniar\u0103 pentru \u00eent\u00e2lniri formale sau un \u0219ezlong pentru momente de relaxare. Modus Relax poate fi transformat \u00een compozi\u021bii interminabile.","og_url":"https:\/\/new.divani.ro\/en\/product\/modus-relax-2\/","og_site_name":"DI&#039;VANI","article_modified_time":"2024-08-20T10:18:43+00:00","og_image":[{"width":1500,"height":1000,"url":"https:\/\/new.divani.ro\/wp-content\/uploads\/2023\/02\/canapea-modus-relax-cover-1536x558-\u043a\u043e\u043f\u0438\u044f-1024x372-1.png","type":"image\/png"}],"twitter_card":"summary_large_image","twitter_misc":{"Price":"38 000&nbsp;MDL","Availability":"In stock"},"schema":{"@context":"https:\/\/schema.org","@graph":[{"@type":"WebPage","@id":"https:\/\/new.divani.ro\/en\/product\/modus-relax-2\/","url":"https:\/\/new.divani.ro\/en\/product\/modus-relax-2\/","name":"Corner Sofa Modus Relax \ufe0f","isPartOf":{"@id":"https:\/\/new.divani.ro\/en\/#website"},"primaryImageOfPage":{"@id":"https:\/\/new.divani.ro\/en\/product\/modus-relax-2\/#primaryimage"},"image":{"@id":"https:\/\/new.divani.ro\/en\/product\/modus-relax-2\/#primaryimage"},"thumbnailUrl":"https:\/\/new.divani.ro\/wp-content\/uploads\/2023\/02\/canapea-modus-relax-cover-1536x558-\u043a\u043e\u043f\u0438\u044f-1024x372-1.png","datePublished":"2023-02-22T18:48:36+00:00","dateModified":"2024-08-20T10:18:43+00:00","description":"Canapea Modus Relax este rezultatul c\u0103ut\u0103rii op\u021biunii ideale pentru relaxare acas\u0103. Acest set de module prefabricate, echipate cu mecanisme, se transform\u0103 \u00eentr-o varietate de compozi\u021bii complet personalizabile: poate fi o canapea liniar\u0103 pentru \u00eent\u00e2lniri formale sau un \u0219ezlong pentru momente de relaxare. Modus Relax poate fi transformat \u00een compozi\u021bii interminabile.","breadcrumb":{"@id":"https:\/\/new.divani.ro\/en\/product\/modus-relax-2\/#breadcrumb"},"inLanguage":"en-US","potentialAction":[{"@type":"ReadAction","target":["https:\/\/new.divani.ro\/en\/product\/modus-relax-2\/"]}]},{"@type":"ImageObject","inLanguage":"en-US","@id":"https:\/\/new.divani.ro\/en\/product\/modus-relax-2\/#primaryimage","url":"https:\/\/new.divani.ro\/wp-content\/uploads\/2023\/02\/canapea-modus-relax-cover-1536x558-\u043a\u043e\u043f\u0438\u044f-1024x372-1.png","contentUrl":"https:\/\/new.divani.ro\/wp-content\/uploads\/2023\/02\/canapea-modus-relax-cover-1536x558-\u043a\u043e\u043f\u0438\u044f-1024x372-1.png","width":1500,"height":1000},{"@type":"BreadcrumbList","@id":"https:\/\/new.divani.ro\/en\/product\/modus-relax-2\/#breadcrumb","itemListElement":[{"@type":"ListItem","position":1,"name":"Home","item":"https:\/\/new.divani.ro\/en\/"},{"@type":"ListItem","position":2,"name":"Catalog","item":"https:\/\/new.divani.ro\/magazin\/"},{"@type":"ListItem","position":3,"name":"Corner Sofas","item":"https:\/\/new.divani.ro\/en\/product-category\/corner-sofas\/"},{"@type":"ListItem","position":4,"name":"Corner Sofa Modus Relax"}]},{"@type":"WebSite","@id":"https:\/\/new.divani.ro\/en\/#website","url":"https:\/\/new.divani.ro\/en\/","name":"DI'VANI","description":"","publisher":{"@id":"https:\/\/new.divani.ro\/en\/#organization"},"potentialAction":[{"@type":"SearchAction","target":{"@type":"EntryPoint","urlTemplate":"https:\/\/new.divani.ro\/en\/?s={search_term_string}"},"query-input":{"@type":"PropertyValueSpecification","valueRequired":true,"valueName":"search_term_string"}}],"inLanguage":"en-US"},{"@type":"Organization","@id":"https:\/\/new.divani.ro\/en\/#organization","name":"DI'VANI","url":"https:\/\/new.divani.ro\/en\/","logo":{"@type":"ImageObject","inLanguage":"en-US","@id":"https:\/\/new.divani.ro\/en\/#\/schema\/logo\/image\/","url":"https:\/\/new.divani.ro\/wp-content\/uploads\/2024\/04\/divanilogo.svg","contentUrl":"https:\/\/new.divani.ro\/wp-content\/uploads\/2024\/04\/divanilogo.svg","width":1715,"height":634,"caption":"DI'VANI"},"image":{"@id":"https:\/\/new.divani.ro\/en\/#\/schema\/logo\/image\/"}}]},"product_price_amount":"38000","product_price_currency":"MDL","og_availability":"instock","product_availability":"instock","product_condition":"new"},"_links":{"self":[{"href":"https:\/\/new.divani.ro\/en\/wp-json\/wp\/v2\/product\/5163","targetHints":{"allow":["GET"]}}],"collection":[{"href":"https:\/\/new.divani.ro\/en\/wp-json\/wp\/v2\/product"}],"about":[{"href":"https:\/\/new.divani.ro\/en\/wp-json\/wp\/v2\/types\/product"}],"wp:featuredmedia":[{"embeddable":true,"href":"https:\/\/new.divani.ro\/en\/wp-json\/wp\/v2\/media\/5176"}],"wp:attachment":[{"href":"https:\/\/new.divani.ro\/en\/wp-json\/wp\/v2\/media?parent=5163"}],"wp:term":[{"taxonomy":"product_brand","embeddable":true,"href":"https:\/\/new.divani.ro\/en\/wp-json\/wp\/v2\/product_brand?post=5163"},{"taxonomy":"product_cat","embeddable":true,"href":"https:\/\/new.divani.ro\/en\/wp-json\/wp\/v2\/product_cat?post=5163"},{"taxonomy":"product_tag","embeddable":true,"href":"https:\/\/new.divani.ro\/en\/wp-json\/wp\/v2\/product_tag?post=5163"}],"curies":[{"name":"wp","href":"https:\/\/api.w.org\/{rel}","templated":true}]}}