{"id":12856,"date":"2025-05-30T16:41:55","date_gmt":"2025-05-30T13:41:55","guid":{"rendered":"http:\/\/new.divani.ro\/?post_type=product&#038;p=12856"},"modified":"2026-03-25T09:13:53","modified_gmt":"2026-03-25T07:13:53","slug":"canapea-modulara-texas","status":"publish","type":"product","link":"https:\/\/new.divani.ro\/en\/product\/canapea-modulara-texas\/","title":{"rendered":"Canapea modular\u0103 Texas"},"content":{"rendered":"<p>Minimalist\u0103, func\u021bional\u0103 \u0219i prietenoas\u0103 vizual, canapeaua modular\u0103 Texas aduce un aer modern \u0219i relaxat \u00een orice ambient.<\/p>\n","protected":false},"excerpt":{"rendered":"<h2>Texas \u2014 canapea modular\u0103 unde forma urmeaz\u0103 confortul<\/h2>\n<p>Modelul Texas de la Di\u2019vani este o canapea modular\u0103 cu design clar \u0219i contemporan, ce \u00eembin\u0103 liniile drepte cu texturi moi \u0219i forme rotunjite pentru un efect estetic echilibrat.<\/p>\n<p>Structura modular\u0103 permite multiple configura\u021bii \u2014 de la variante compacte pentru spa\u021bii mici, la compozi\u021bii ample pentru zone de relaxare extinse. Tapi\u021beria este realizat\u0103 din \u021bes\u0103tur\u0103 boucle de culoare deschis\u0103, cu o textur\u0103 buclat\u0103 ce adaug\u0103 profunzime vizual\u0103 \u0219i pl\u0103cere tactil\u0103.<\/p>\n<p>Pernele decorative rotunde de dimensiuni variate completeaz\u0103 cu elegan\u021b\u0103 liniile canapelei \u0219i sporesc senza\u021bia de confort. Designul f\u0103r\u0103 picioare vizibile contribuie la un aspect monolitic, curat \u0219i contemporan.<\/p>\n<p>Texas este canapeaua care se integreaz\u0103 cu naturale\u021be \u00een ritmul vie\u021bii moderne \u2014 \u00eentre estetic\u0103 discret\u0103 \u0219i func\u021bionalitate pur\u0103.<\/p>\n<p>&nbsp;<\/p>\n","protected":false},"featured_media":12860,"template":"","meta":{"_acf_changed":false,"inline_featured_image":false},"product_brand":[],"product_cat":[20],"product_tag":[],"class_list":{"0":"post-12856","1":"product","2":"type-product","3":"status-publish","4":"has-post-thumbnail","6":"product_cat-coltare","8":"first","9":"instock","10":"shipping-taxable","11":"purchasable","12":"product-type-simple"},"acf":[],"yoast_head":"<!-- This site is optimized with the Yoast SEO Premium plugin v23.2 (Yoast SEO v27.2) - https:\/\/yoast.com\/product\/yoast-seo-premium-wordpress\/ -->\n<title>Canapea modular\u0103 Texas \ufe0f<\/title>\n<meta name=\"description\" content=\"Texas \u2014 canapea modular\u0103 unde forma urmeaz\u0103 confortul Modelul Texas de la Di\u2019vani este o canapea modular\u0103 cu design clar \u0219i contemporan, ce \u00eembin\u0103 liniile drepte cu texturi moi \u0219i forme rotunjite pentru un efect estetic echilibrat.  Structura modular\u0103 permite multiple configura\u021bii \u2014 de la variante compacte pentru spa\u021bii mici, la compozi\u021bii ample pentru zone de relaxare extinse. Tapi\u021beria este realizat\u0103 din \u021bes\u0103tur\u0103 boucle de culoare deschis\u0103, cu o textur\u0103 buclat\u0103 ce adaug\u0103 profunzime vizual\u0103 \u0219i pl\u0103cere tactil\u0103.  Pernele decorative rotunde de dimensiuni variate completeaz\u0103 cu elegan\u021b\u0103 liniile canapelei \u0219i sporesc senza\u021bia de confort. Designul f\u0103r\u0103 picioare vizibile contribuie la un aspect monolitic, curat \u0219i contemporan.  Texas este canapeaua care se integreaz\u0103 cu naturale\u021be \u00een ritmul vie\u021bii moderne \u2014 \u00eentre estetic\u0103 discret\u0103 \u0219i func\u021bionalitate pur\u0103.  &nbsp;\" \/>\n<meta name=\"robots\" content=\"noindex, follow, max-snippet:-1, max-image-preview:large, max-video-preview:-1\" \/>\n<meta property=\"og:locale\" content=\"en_US\" \/>\n<meta property=\"og:type\" content=\"article\" \/>\n<meta property=\"og:title\" content=\"Canapea modular\u0103 Texas\" \/>\n<meta property=\"og:description\" content=\"Texas \u2014 canapea modular\u0103 unde forma urmeaz\u0103 confortul Modelul Texas de la Di\u2019vani este o canapea modular\u0103 cu design clar \u0219i contemporan, ce \u00eembin\u0103 liniile drepte cu texturi moi \u0219i forme rotunjite pentru un efect estetic echilibrat.  Structura modular\u0103 permite multiple configura\u021bii \u2014 de la variante compacte pentru spa\u021bii mici, la compozi\u021bii ample pentru zone de relaxare extinse. Tapi\u021beria este realizat\u0103 din \u021bes\u0103tur\u0103 boucle de culoare deschis\u0103, cu o textur\u0103 buclat\u0103 ce adaug\u0103 profunzime vizual\u0103 \u0219i pl\u0103cere tactil\u0103.  Pernele decorative rotunde de dimensiuni variate completeaz\u0103 cu elegan\u021b\u0103 liniile canapelei \u0219i sporesc senza\u021bia de confort. Designul f\u0103r\u0103 picioare vizibile contribuie la un aspect monolitic, curat \u0219i contemporan.  Texas este canapeaua care se integreaz\u0103 cu naturale\u021be \u00een ritmul vie\u021bii moderne \u2014 \u00eentre estetic\u0103 discret\u0103 \u0219i func\u021bionalitate pur\u0103.  &nbsp;\" \/>\n<meta property=\"og:url\" content=\"https:\/\/new.divani.ro\/en\/product\/canapea-modulara-texas\/\" \/>\n<meta property=\"og:site_name\" content=\"DI&#039;VANI\" \/>\n<meta property=\"article:modified_time\" content=\"2026-03-25T07:13:53+00:00\" \/>\n<meta property=\"og:image\" content=\"http:\/\/new.divani.ro\/wp-content\/uploads\/2025\/05\/r6mb2672-enhanced-nr.jpg\" \/>\n\t<meta property=\"og:image:width\" content=\"2000\" \/>\n\t<meta property=\"og:image:height\" content=\"1333\" \/>\n\t<meta property=\"og:image:type\" content=\"image\/jpeg\" \/>\n<meta name=\"twitter:card\" content=\"summary_large_image\" \/>\n<meta name=\"twitter:label1\" content=\"Price\" \/>\n\t<meta name=\"twitter:data1\" content=\"30 800&nbsp;MDL\" \/>\n\t<meta name=\"twitter:label2\" content=\"Availability\" \/>\n\t<meta name=\"twitter:data2\" content=\"In stock\" \/>\n<script type=\"application\/ld+json\" class=\"yoast-schema-graph\">{\"@context\":\"https:\/\/schema.org\",\"@graph\":[{\"@type\":\"WebPage\",\"@id\":\"https:\/\/new.divani.ro\/en\/product\/canapea-modulara-texas\/\",\"url\":\"https:\/\/new.divani.ro\/en\/product\/canapea-modulara-texas\/\",\"name\":\"Canapea modular\u0103 Texas \ufe0f\",\"isPartOf\":{\"@id\":\"https:\/\/new.divani.ro\/en\/#website\"},\"primaryImageOfPage\":{\"@id\":\"https:\/\/new.divani.ro\/en\/product\/canapea-modulara-texas\/#primaryimage\"},\"image\":{\"@id\":\"https:\/\/new.divani.ro\/en\/product\/canapea-modulara-texas\/#primaryimage\"},\"thumbnailUrl\":\"https:\/\/new.divani.ro\/wp-content\/uploads\/2025\/05\/r6mb2672-enhanced-nr.jpg\",\"datePublished\":\"2025-05-30T13:41:55+00:00\",\"dateModified\":\"2026-03-25T07:13:53+00:00\",\"description\":\"Texas \u2014 canapea modular\u0103 unde forma urmeaz\u0103 confortul Modelul Texas de la Di\u2019vani este o canapea modular\u0103 cu design clar \u0219i contemporan, ce \u00eembin\u0103 liniile drepte cu texturi moi \u0219i forme rotunjite pentru un efect estetic echilibrat. Structura modular\u0103 permite multiple configura\u021bii \u2014 de la variante compacte pentru spa\u021bii mici, la compozi\u021bii ample pentru zone de relaxare extinse. Tapi\u021beria este realizat\u0103 din \u021bes\u0103tur\u0103 boucle de culoare deschis\u0103, cu o textur\u0103 buclat\u0103 ce adaug\u0103 profunzime vizual\u0103 \u0219i pl\u0103cere tactil\u0103. Pernele decorative rotunde de dimensiuni variate completeaz\u0103 cu elegan\u021b\u0103 liniile canapelei \u0219i sporesc senza\u021bia de confort. Designul f\u0103r\u0103 picioare vizibile contribuie la un aspect monolitic, curat \u0219i contemporan. Texas este canapeaua care se integreaz\u0103 cu naturale\u021be \u00een ritmul vie\u021bii moderne \u2014 \u00eentre estetic\u0103 discret\u0103 \u0219i func\u021bionalitate pur\u0103. &nbsp;\",\"breadcrumb\":{\"@id\":\"https:\/\/new.divani.ro\/en\/product\/canapea-modulara-texas\/#breadcrumb\"},\"inLanguage\":\"en-US\",\"potentialAction\":[{\"@type\":\"ReadAction\",\"target\":[\"https:\/\/new.divani.ro\/en\/product\/canapea-modulara-texas\/\"]}]},{\"@type\":\"ImageObject\",\"inLanguage\":\"en-US\",\"@id\":\"https:\/\/new.divani.ro\/en\/product\/canapea-modulara-texas\/#primaryimage\",\"url\":\"https:\/\/new.divani.ro\/wp-content\/uploads\/2025\/05\/r6mb2672-enhanced-nr.jpg\",\"contentUrl\":\"https:\/\/new.divani.ro\/wp-content\/uploads\/2025\/05\/r6mb2672-enhanced-nr.jpg\",\"width\":2000,\"height\":1333},{\"@type\":\"BreadcrumbList\",\"@id\":\"https:\/\/new.divani.ro\/en\/product\/canapea-modulara-texas\/#breadcrumb\",\"itemListElement\":[{\"@type\":\"ListItem\",\"position\":1,\"name\":\"Home\",\"item\":\"https:\/\/new.divani.ro\/en\/\"},{\"@type\":\"ListItem\",\"position\":2,\"name\":\"Catalog\",\"item\":\"https:\/\/new.divani.ro\/magazin\/\"},{\"@type\":\"ListItem\",\"position\":3,\"name\":\"Corner Sofas\",\"item\":\"https:\/\/new.divani.ro\/en\/product-category\/corner-sofas\/\"},{\"@type\":\"ListItem\",\"position\":4,\"name\":\"Canapea modular\u0103 Texas\"}]},{\"@type\":\"WebSite\",\"@id\":\"https:\/\/new.divani.ro\/en\/#website\",\"url\":\"https:\/\/new.divani.ro\/en\/\",\"name\":\"DI'VANI\",\"description\":\"\",\"publisher\":{\"@id\":\"https:\/\/new.divani.ro\/en\/#organization\"},\"potentialAction\":[{\"@type\":\"SearchAction\",\"target\":{\"@type\":\"EntryPoint\",\"urlTemplate\":\"https:\/\/new.divani.ro\/en\/?s={search_term_string}\"},\"query-input\":{\"@type\":\"PropertyValueSpecification\",\"valueRequired\":true,\"valueName\":\"search_term_string\"}}],\"inLanguage\":\"en-US\"},{\"@type\":\"Organization\",\"@id\":\"https:\/\/new.divani.ro\/en\/#organization\",\"name\":\"DI'VANI\",\"url\":\"https:\/\/new.divani.ro\/en\/\",\"logo\":{\"@type\":\"ImageObject\",\"inLanguage\":\"en-US\",\"@id\":\"https:\/\/new.divani.ro\/en\/#\/schema\/logo\/image\/\",\"url\":\"https:\/\/new.divani.ro\/wp-content\/uploads\/2024\/04\/divanilogo.svg\",\"contentUrl\":\"https:\/\/new.divani.ro\/wp-content\/uploads\/2024\/04\/divanilogo.svg\",\"width\":1715,\"height\":634,\"caption\":\"DI'VANI\"},\"image\":{\"@id\":\"https:\/\/new.divani.ro\/en\/#\/schema\/logo\/image\/\"}}]}<\/script>\n<meta property=\"product:price:amount\" content=\"30800\" \/>\n<meta property=\"product:price:currency\" content=\"MDL\" \/>\n<meta property=\"og:availability\" content=\"instock\" \/>\n<meta property=\"product:availability\" content=\"instock\" \/>\n<meta property=\"product:condition\" content=\"new\" \/>\n<!-- \/ Yoast SEO Premium plugin. -->","yoast_head_json":{"title":"Canapea modular\u0103 Texas \ufe0f","description":"Texas \u2014 canapea modular\u0103 unde forma urmeaz\u0103 confortul Modelul Texas de la Di\u2019vani este o canapea modular\u0103 cu design clar \u0219i contemporan, ce \u00eembin\u0103 liniile drepte cu texturi moi \u0219i forme rotunjite pentru un efect estetic echilibrat.  Structura modular\u0103 permite multiple configura\u021bii \u2014 de la variante compacte pentru spa\u021bii mici, la compozi\u021bii ample pentru zone de relaxare extinse. Tapi\u021beria este realizat\u0103 din \u021bes\u0103tur\u0103 boucle de culoare deschis\u0103, cu o textur\u0103 buclat\u0103 ce adaug\u0103 profunzime vizual\u0103 \u0219i pl\u0103cere tactil\u0103.  Pernele decorative rotunde de dimensiuni variate completeaz\u0103 cu elegan\u021b\u0103 liniile canapelei \u0219i sporesc senza\u021bia de confort. Designul f\u0103r\u0103 picioare vizibile contribuie la un aspect monolitic, curat \u0219i contemporan.  Texas este canapeaua care se integreaz\u0103 cu naturale\u021be \u00een ritmul vie\u021bii moderne \u2014 \u00eentre estetic\u0103 discret\u0103 \u0219i func\u021bionalitate pur\u0103.  &nbsp;","robots":{"index":"noindex","follow":"follow","max-snippet":"max-snippet:-1","max-image-preview":"max-image-preview:large","max-video-preview":"max-video-preview:-1"},"og_locale":"en_US","og_type":"article","og_title":"Canapea modular\u0103 Texas","og_description":"Texas \u2014 canapea modular\u0103 unde forma urmeaz\u0103 confortul Modelul Texas de la Di\u2019vani este o canapea modular\u0103 cu design clar \u0219i contemporan, ce \u00eembin\u0103 liniile drepte cu texturi moi \u0219i forme rotunjite pentru un efect estetic echilibrat.  Structura modular\u0103 permite multiple configura\u021bii \u2014 de la variante compacte pentru spa\u021bii mici, la compozi\u021bii ample pentru zone de relaxare extinse. Tapi\u021beria este realizat\u0103 din \u021bes\u0103tur\u0103 boucle de culoare deschis\u0103, cu o textur\u0103 buclat\u0103 ce adaug\u0103 profunzime vizual\u0103 \u0219i pl\u0103cere tactil\u0103.  Pernele decorative rotunde de dimensiuni variate completeaz\u0103 cu elegan\u021b\u0103 liniile canapelei \u0219i sporesc senza\u021bia de confort. Designul f\u0103r\u0103 picioare vizibile contribuie la un aspect monolitic, curat \u0219i contemporan.  Texas este canapeaua care se integreaz\u0103 cu naturale\u021be \u00een ritmul vie\u021bii moderne \u2014 \u00eentre estetic\u0103 discret\u0103 \u0219i func\u021bionalitate pur\u0103.  &nbsp;","og_url":"https:\/\/new.divani.ro\/en\/product\/canapea-modulara-texas\/","og_site_name":"DI&#039;VANI","article_modified_time":"2026-03-25T07:13:53+00:00","og_image":[{"width":2000,"height":1333,"url":"http:\/\/new.divani.ro\/wp-content\/uploads\/2025\/05\/r6mb2672-enhanced-nr.jpg","type":"image\/jpeg"}],"twitter_card":"summary_large_image","twitter_misc":{"Price":"30 800&nbsp;MDL","Availability":"In stock"},"schema":{"@context":"https:\/\/schema.org","@graph":[{"@type":"WebPage","@id":"https:\/\/new.divani.ro\/en\/product\/canapea-modulara-texas\/","url":"https:\/\/new.divani.ro\/en\/product\/canapea-modulara-texas\/","name":"Canapea modular\u0103 Texas \ufe0f","isPartOf":{"@id":"https:\/\/new.divani.ro\/en\/#website"},"primaryImageOfPage":{"@id":"https:\/\/new.divani.ro\/en\/product\/canapea-modulara-texas\/#primaryimage"},"image":{"@id":"https:\/\/new.divani.ro\/en\/product\/canapea-modulara-texas\/#primaryimage"},"thumbnailUrl":"https:\/\/new.divani.ro\/wp-content\/uploads\/2025\/05\/r6mb2672-enhanced-nr.jpg","datePublished":"2025-05-30T13:41:55+00:00","dateModified":"2026-03-25T07:13:53+00:00","description":"Texas \u2014 canapea modular\u0103 unde forma urmeaz\u0103 confortul Modelul Texas de la Di\u2019vani este o canapea modular\u0103 cu design clar \u0219i contemporan, ce \u00eembin\u0103 liniile drepte cu texturi moi \u0219i forme rotunjite pentru un efect estetic echilibrat. Structura modular\u0103 permite multiple configura\u021bii \u2014 de la variante compacte pentru spa\u021bii mici, la compozi\u021bii ample pentru zone de relaxare extinse. Tapi\u021beria este realizat\u0103 din \u021bes\u0103tur\u0103 boucle de culoare deschis\u0103, cu o textur\u0103 buclat\u0103 ce adaug\u0103 profunzime vizual\u0103 \u0219i pl\u0103cere tactil\u0103. Pernele decorative rotunde de dimensiuni variate completeaz\u0103 cu elegan\u021b\u0103 liniile canapelei \u0219i sporesc senza\u021bia de confort. Designul f\u0103r\u0103 picioare vizibile contribuie la un aspect monolitic, curat \u0219i contemporan. Texas este canapeaua care se integreaz\u0103 cu naturale\u021be \u00een ritmul vie\u021bii moderne \u2014 \u00eentre estetic\u0103 discret\u0103 \u0219i func\u021bionalitate pur\u0103. &nbsp;","breadcrumb":{"@id":"https:\/\/new.divani.ro\/en\/product\/canapea-modulara-texas\/#breadcrumb"},"inLanguage":"en-US","potentialAction":[{"@type":"ReadAction","target":["https:\/\/new.divani.ro\/en\/product\/canapea-modulara-texas\/"]}]},{"@type":"ImageObject","inLanguage":"en-US","@id":"https:\/\/new.divani.ro\/en\/product\/canapea-modulara-texas\/#primaryimage","url":"https:\/\/new.divani.ro\/wp-content\/uploads\/2025\/05\/r6mb2672-enhanced-nr.jpg","contentUrl":"https:\/\/new.divani.ro\/wp-content\/uploads\/2025\/05\/r6mb2672-enhanced-nr.jpg","width":2000,"height":1333},{"@type":"BreadcrumbList","@id":"https:\/\/new.divani.ro\/en\/product\/canapea-modulara-texas\/#breadcrumb","itemListElement":[{"@type":"ListItem","position":1,"name":"Home","item":"https:\/\/new.divani.ro\/en\/"},{"@type":"ListItem","position":2,"name":"Catalog","item":"https:\/\/new.divani.ro\/magazin\/"},{"@type":"ListItem","position":3,"name":"Corner Sofas","item":"https:\/\/new.divani.ro\/en\/product-category\/corner-sofas\/"},{"@type":"ListItem","position":4,"name":"Canapea modular\u0103 Texas"}]},{"@type":"WebSite","@id":"https:\/\/new.divani.ro\/en\/#website","url":"https:\/\/new.divani.ro\/en\/","name":"DI'VANI","description":"","publisher":{"@id":"https:\/\/new.divani.ro\/en\/#organization"},"potentialAction":[{"@type":"SearchAction","target":{"@type":"EntryPoint","urlTemplate":"https:\/\/new.divani.ro\/en\/?s={search_term_string}"},"query-input":{"@type":"PropertyValueSpecification","valueRequired":true,"valueName":"search_term_string"}}],"inLanguage":"en-US"},{"@type":"Organization","@id":"https:\/\/new.divani.ro\/en\/#organization","name":"DI'VANI","url":"https:\/\/new.divani.ro\/en\/","logo":{"@type":"ImageObject","inLanguage":"en-US","@id":"https:\/\/new.divani.ro\/en\/#\/schema\/logo\/image\/","url":"https:\/\/new.divani.ro\/wp-content\/uploads\/2024\/04\/divanilogo.svg","contentUrl":"https:\/\/new.divani.ro\/wp-content\/uploads\/2024\/04\/divanilogo.svg","width":1715,"height":634,"caption":"DI'VANI"},"image":{"@id":"https:\/\/new.divani.ro\/en\/#\/schema\/logo\/image\/"}}]},"product_price_amount":"30800","product_price_currency":"MDL","og_availability":"instock","product_availability":"instock","product_condition":"new"},"_links":{"self":[{"href":"https:\/\/new.divani.ro\/en\/wp-json\/wp\/v2\/product\/12856","targetHints":{"allow":["GET"]}}],"collection":[{"href":"https:\/\/new.divani.ro\/en\/wp-json\/wp\/v2\/product"}],"about":[{"href":"https:\/\/new.divani.ro\/en\/wp-json\/wp\/v2\/types\/product"}],"wp:featuredmedia":[{"embeddable":true,"href":"https:\/\/new.divani.ro\/en\/wp-json\/wp\/v2\/media\/12860"}],"wp:attachment":[{"href":"https:\/\/new.divani.ro\/en\/wp-json\/wp\/v2\/media?parent=12856"}],"wp:term":[{"taxonomy":"product_brand","embeddable":true,"href":"https:\/\/new.divani.ro\/en\/wp-json\/wp\/v2\/product_brand?post=12856"},{"taxonomy":"product_cat","embeddable":true,"href":"https:\/\/new.divani.ro\/en\/wp-json\/wp\/v2\/product_cat?post=12856"},{"taxonomy":"product_tag","embeddable":true,"href":"https:\/\/new.divani.ro\/en\/wp-json\/wp\/v2\/product_tag?post=12856"}],"curies":[{"name":"wp","href":"https:\/\/api.w.org\/{rel}","templated":true}]}}