{"id":12766,"date":"2025-05-30T16:21:28","date_gmt":"2025-05-30T13:21:28","guid":{"rendered":"http:\/\/new.divani.ro\/?post_type=product&#038;p=12766"},"modified":"2026-03-25T09:19:09","modified_gmt":"2026-03-25T07:19:09","slug":"canapea-modulara-allure","status":"publish","type":"product","link":"https:\/\/new.divani.ro\/en\/product\/canapea-modulara-allure\/","title":{"rendered":"Canapea modular\u0103 ALLURE"},"content":{"rendered":"<p>Cu forme fluide, textur\u0103 tip boucle \u0219i linii perfect rotunjite, canapeaua modular\u0103 Allure este defini\u021bia confortului tactil \u0219i a rafinamentului modern.<\/p>\n","protected":false},"excerpt":{"rendered":"<h3>Canapeaua modular\u0103 Allure \u2014 o \u00eembr\u0103\u021bi\u0219are de stil \u0219i confort<\/h3>\n<p>Modelul Allure de la Di\u2019vani este o canapea modular\u0103 g\u00e2ndit\u0103 pentru a aduce relaxare total\u0103 \u0219i elegan\u021b\u0103 fluid\u0103 \u00een orice spa\u021biu. Compozi\u021bia este format\u0103 din module individuale care pot fi rearanjate cu u\u0219urin\u021b\u0103, adapt\u00e2ndu-se la nevoile fiec\u0103rui c\u0103min. Formele rotunjite \u0219i voluminoase creeaz\u0103 o prezen\u021b\u0103 cald\u0103 \u0219i atr\u0103g\u0103toare \u00een decor.<\/p>\n<p>Materialul de tapi\u021berie este o \u021bes\u0103tur\u0103 boucle, \u00eentr-o nuan\u021b\u0103 crem natural\u0103, moale \u0219i pl\u0103cut\u0103 la atingere. Pernele mari \u0219i pufoase, inclusiv un accesoriu decorativ sferic, ofer\u0103 suport delicat \u0219i accentueaz\u0103 confortul vizual \u0219i fizic. Designul f\u0103r\u0103 picioare vizibile confer\u0103 o imagine solid\u0103 \u0219i coerent\u0103 \u2014 perfect\u0103 pentru spa\u021bii \u00een stil minimalist, scandinav sau retro-modern.<\/p>\n<p>Allure devine rapid piesa central\u0103 \u00eentr-un living generos, un col\u021b de relaxare sau un open space contemporan. Este o canapea care invit\u0103 la odihn\u0103 autentic\u0103 \u0219i prezen\u021b\u0103 stilistic\u0103.<\/p>\n","protected":false},"featured_media":12770,"template":"","meta":{"_acf_changed":false,"inline_featured_image":false},"product_brand":[],"product_cat":[20,428],"product_tag":[],"class_list":{"0":"post-12766","1":"product","2":"type-product","3":"status-publish","4":"has-post-thumbnail","6":"product_cat-coltare","7":"product_cat-modele-in-3d","9":"first","10":"instock","11":"shipping-taxable","12":"purchasable","13":"product-type-simple"},"acf":[],"yoast_head":"<!-- This site is optimized with the Yoast SEO Premium plugin v23.2 (Yoast SEO v27.2) - https:\/\/yoast.com\/product\/yoast-seo-premium-wordpress\/ -->\n<title>Canapea modular\u0103 ALLURE \ufe0f<\/title>\n<meta name=\"description\" content=\"Canapeaua modular\u0103 Allure \u2014 o \u00eembr\u0103\u021bi\u0219are de stil \u0219i confort Modelul Allure de la Di\u2019vani este o canapea modular\u0103 g\u00e2ndit\u0103 pentru a aduce relaxare total\u0103 \u0219i elegan\u021b\u0103 fluid\u0103 \u00een orice spa\u021biu. Compozi\u021bia este format\u0103 din module individuale care pot fi rearanjate cu u\u0219urin\u021b\u0103, adapt\u00e2ndu-se la nevoile fiec\u0103rui c\u0103min. Formele rotunjite \u0219i voluminoase creeaz\u0103 o prezen\u021b\u0103 cald\u0103 \u0219i atr\u0103g\u0103toare \u00een decor.  Materialul de tapi\u021berie este o \u021bes\u0103tur\u0103 boucle, \u00eentr-o nuan\u021b\u0103 crem natural\u0103, moale \u0219i pl\u0103cut\u0103 la atingere. Pernele mari \u0219i pufoase, inclusiv un accesoriu decorativ sferic, ofer\u0103 suport delicat \u0219i accentueaz\u0103 confortul vizual \u0219i fizic. Designul f\u0103r\u0103 picioare vizibile confer\u0103 o imagine solid\u0103 \u0219i coerent\u0103 \u2014 perfect\u0103 pentru spa\u021bii \u00een stil minimalist, scandinav sau retro-modern.  Allure devine rapid piesa central\u0103 \u00eentr-un living generos, un col\u021b de relaxare sau un open space contemporan. Este o canapea care invit\u0103 la odihn\u0103 autentic\u0103 \u0219i prezen\u021b\u0103 stilistic\u0103.\" \/>\n<meta name=\"robots\" content=\"noindex, follow, max-snippet:-1, max-image-preview:large, max-video-preview:-1\" \/>\n<meta property=\"og:locale\" content=\"en_US\" \/>\n<meta property=\"og:type\" content=\"article\" \/>\n<meta property=\"og:title\" content=\"Canapea modular\u0103 ALLURE\" \/>\n<meta property=\"og:description\" content=\"Canapeaua modular\u0103 Allure \u2014 o \u00eembr\u0103\u021bi\u0219are de stil \u0219i confort Modelul Allure de la Di\u2019vani este o canapea modular\u0103 g\u00e2ndit\u0103 pentru a aduce relaxare total\u0103 \u0219i elegan\u021b\u0103 fluid\u0103 \u00een orice spa\u021biu. Compozi\u021bia este format\u0103 din module individuale care pot fi rearanjate cu u\u0219urin\u021b\u0103, adapt\u00e2ndu-se la nevoile fiec\u0103rui c\u0103min. Formele rotunjite \u0219i voluminoase creeaz\u0103 o prezen\u021b\u0103 cald\u0103 \u0219i atr\u0103g\u0103toare \u00een decor.  Materialul de tapi\u021berie este o \u021bes\u0103tur\u0103 boucle, \u00eentr-o nuan\u021b\u0103 crem natural\u0103, moale \u0219i pl\u0103cut\u0103 la atingere. Pernele mari \u0219i pufoase, inclusiv un accesoriu decorativ sferic, ofer\u0103 suport delicat \u0219i accentueaz\u0103 confortul vizual \u0219i fizic. Designul f\u0103r\u0103 picioare vizibile confer\u0103 o imagine solid\u0103 \u0219i coerent\u0103 \u2014 perfect\u0103 pentru spa\u021bii \u00een stil minimalist, scandinav sau retro-modern.  Allure devine rapid piesa central\u0103 \u00eentr-un living generos, un col\u021b de relaxare sau un open space contemporan. Este o canapea care invit\u0103 la odihn\u0103 autentic\u0103 \u0219i prezen\u021b\u0103 stilistic\u0103.\" \/>\n<meta property=\"og:url\" content=\"https:\/\/new.divani.ro\/en\/product\/canapea-modulara-allure\/\" \/>\n<meta property=\"og:site_name\" content=\"DI&#039;VANI\" \/>\n<meta property=\"article:modified_time\" content=\"2026-03-25T07:19:09+00:00\" \/>\n<meta property=\"og:image\" content=\"http:\/\/new.divani.ro\/wp-content\/uploads\/2025\/05\/r6mb2854-enhanced-nr.jpg\" \/>\n\t<meta property=\"og:image:width\" content=\"2000\" \/>\n\t<meta property=\"og:image:height\" content=\"1333\" \/>\n\t<meta property=\"og:image:type\" content=\"image\/jpeg\" \/>\n<meta name=\"twitter:card\" content=\"summary_large_image\" \/>\n<meta name=\"twitter:label1\" content=\"Price\" \/>\n\t<meta name=\"twitter:data1\" content=\"40 500&nbsp;MDL\" \/>\n\t<meta name=\"twitter:label2\" content=\"Availability\" \/>\n\t<meta name=\"twitter:data2\" content=\"In stock\" \/>\n<script type=\"application\/ld+json\" class=\"yoast-schema-graph\">{\"@context\":\"https:\/\/schema.org\",\"@graph\":[{\"@type\":\"WebPage\",\"@id\":\"https:\/\/new.divani.ro\/en\/product\/canapea-modulara-allure\/\",\"url\":\"https:\/\/new.divani.ro\/en\/product\/canapea-modulara-allure\/\",\"name\":\"Canapea modular\u0103 ALLURE \ufe0f\",\"isPartOf\":{\"@id\":\"https:\/\/new.divani.ro\/en\/#website\"},\"primaryImageOfPage\":{\"@id\":\"https:\/\/new.divani.ro\/en\/product\/canapea-modulara-allure\/#primaryimage\"},\"image\":{\"@id\":\"https:\/\/new.divani.ro\/en\/product\/canapea-modulara-allure\/#primaryimage\"},\"thumbnailUrl\":\"https:\/\/new.divani.ro\/wp-content\/uploads\/2025\/05\/r6mb2854-enhanced-nr.jpg\",\"datePublished\":\"2025-05-30T13:21:28+00:00\",\"dateModified\":\"2026-03-25T07:19:09+00:00\",\"description\":\"Canapeaua modular\u0103 Allure \u2014 o \u00eembr\u0103\u021bi\u0219are de stil \u0219i confort Modelul Allure de la Di\u2019vani este o canapea modular\u0103 g\u00e2ndit\u0103 pentru a aduce relaxare total\u0103 \u0219i elegan\u021b\u0103 fluid\u0103 \u00een orice spa\u021biu. Compozi\u021bia este format\u0103 din module individuale care pot fi rearanjate cu u\u0219urin\u021b\u0103, adapt\u00e2ndu-se la nevoile fiec\u0103rui c\u0103min. Formele rotunjite \u0219i voluminoase creeaz\u0103 o prezen\u021b\u0103 cald\u0103 \u0219i atr\u0103g\u0103toare \u00een decor. Materialul de tapi\u021berie este o \u021bes\u0103tur\u0103 boucle, \u00eentr-o nuan\u021b\u0103 crem natural\u0103, moale \u0219i pl\u0103cut\u0103 la atingere. Pernele mari \u0219i pufoase, inclusiv un accesoriu decorativ sferic, ofer\u0103 suport delicat \u0219i accentueaz\u0103 confortul vizual \u0219i fizic. Designul f\u0103r\u0103 picioare vizibile confer\u0103 o imagine solid\u0103 \u0219i coerent\u0103 \u2014 perfect\u0103 pentru spa\u021bii \u00een stil minimalist, scandinav sau retro-modern. Allure devine rapid piesa central\u0103 \u00eentr-un living generos, un col\u021b de relaxare sau un open space contemporan. Este o canapea care invit\u0103 la odihn\u0103 autentic\u0103 \u0219i prezen\u021b\u0103 stilistic\u0103.\",\"breadcrumb\":{\"@id\":\"https:\/\/new.divani.ro\/en\/product\/canapea-modulara-allure\/#breadcrumb\"},\"inLanguage\":\"en-US\",\"potentialAction\":[{\"@type\":\"ReadAction\",\"target\":[\"https:\/\/new.divani.ro\/en\/product\/canapea-modulara-allure\/\"]}]},{\"@type\":\"ImageObject\",\"inLanguage\":\"en-US\",\"@id\":\"https:\/\/new.divani.ro\/en\/product\/canapea-modulara-allure\/#primaryimage\",\"url\":\"https:\/\/new.divani.ro\/wp-content\/uploads\/2025\/05\/r6mb2854-enhanced-nr.jpg\",\"contentUrl\":\"https:\/\/new.divani.ro\/wp-content\/uploads\/2025\/05\/r6mb2854-enhanced-nr.jpg\",\"width\":2000,\"height\":1333},{\"@type\":\"BreadcrumbList\",\"@id\":\"https:\/\/new.divani.ro\/en\/product\/canapea-modulara-allure\/#breadcrumb\",\"itemListElement\":[{\"@type\":\"ListItem\",\"position\":1,\"name\":\"Home\",\"item\":\"https:\/\/new.divani.ro\/en\/\"},{\"@type\":\"ListItem\",\"position\":2,\"name\":\"Catalog\",\"item\":\"https:\/\/new.divani.ro\/magazin\/\"},{\"@type\":\"ListItem\",\"position\":3,\"name\":\"Corner Sofas\",\"item\":\"https:\/\/new.divani.ro\/en\/product-category\/corner-sofas\/\"},{\"@type\":\"ListItem\",\"position\":4,\"name\":\"Canapea modular\u0103 ALLURE\"}]},{\"@type\":\"WebSite\",\"@id\":\"https:\/\/new.divani.ro\/en\/#website\",\"url\":\"https:\/\/new.divani.ro\/en\/\",\"name\":\"DI'VANI\",\"description\":\"\",\"publisher\":{\"@id\":\"https:\/\/new.divani.ro\/en\/#organization\"},\"potentialAction\":[{\"@type\":\"SearchAction\",\"target\":{\"@type\":\"EntryPoint\",\"urlTemplate\":\"https:\/\/new.divani.ro\/en\/?s={search_term_string}\"},\"query-input\":{\"@type\":\"PropertyValueSpecification\",\"valueRequired\":true,\"valueName\":\"search_term_string\"}}],\"inLanguage\":\"en-US\"},{\"@type\":\"Organization\",\"@id\":\"https:\/\/new.divani.ro\/en\/#organization\",\"name\":\"DI'VANI\",\"url\":\"https:\/\/new.divani.ro\/en\/\",\"logo\":{\"@type\":\"ImageObject\",\"inLanguage\":\"en-US\",\"@id\":\"https:\/\/new.divani.ro\/en\/#\/schema\/logo\/image\/\",\"url\":\"https:\/\/new.divani.ro\/wp-content\/uploads\/2024\/04\/divanilogo.svg\",\"contentUrl\":\"https:\/\/new.divani.ro\/wp-content\/uploads\/2024\/04\/divanilogo.svg\",\"width\":1715,\"height\":634,\"caption\":\"DI'VANI\"},\"image\":{\"@id\":\"https:\/\/new.divani.ro\/en\/#\/schema\/logo\/image\/\"}}]}<\/script>\n<meta property=\"product:price:amount\" content=\"40500\" \/>\n<meta property=\"product:price:currency\" content=\"MDL\" \/>\n<meta property=\"og:availability\" content=\"instock\" \/>\n<meta property=\"product:availability\" content=\"instock\" \/>\n<meta property=\"product:condition\" content=\"new\" \/>\n<!-- \/ Yoast SEO Premium plugin. -->","yoast_head_json":{"title":"Canapea modular\u0103 ALLURE \ufe0f","description":"Canapeaua modular\u0103 Allure \u2014 o \u00eembr\u0103\u021bi\u0219are de stil \u0219i confort Modelul Allure de la Di\u2019vani este o canapea modular\u0103 g\u00e2ndit\u0103 pentru a aduce relaxare total\u0103 \u0219i elegan\u021b\u0103 fluid\u0103 \u00een orice spa\u021biu. Compozi\u021bia este format\u0103 din module individuale care pot fi rearanjate cu u\u0219urin\u021b\u0103, adapt\u00e2ndu-se la nevoile fiec\u0103rui c\u0103min. Formele rotunjite \u0219i voluminoase creeaz\u0103 o prezen\u021b\u0103 cald\u0103 \u0219i atr\u0103g\u0103toare \u00een decor.  Materialul de tapi\u021berie este o \u021bes\u0103tur\u0103 boucle, \u00eentr-o nuan\u021b\u0103 crem natural\u0103, moale \u0219i pl\u0103cut\u0103 la atingere. Pernele mari \u0219i pufoase, inclusiv un accesoriu decorativ sferic, ofer\u0103 suport delicat \u0219i accentueaz\u0103 confortul vizual \u0219i fizic. Designul f\u0103r\u0103 picioare vizibile confer\u0103 o imagine solid\u0103 \u0219i coerent\u0103 \u2014 perfect\u0103 pentru spa\u021bii \u00een stil minimalist, scandinav sau retro-modern.  Allure devine rapid piesa central\u0103 \u00eentr-un living generos, un col\u021b de relaxare sau un open space contemporan. Este o canapea care invit\u0103 la odihn\u0103 autentic\u0103 \u0219i prezen\u021b\u0103 stilistic\u0103.","robots":{"index":"noindex","follow":"follow","max-snippet":"max-snippet:-1","max-image-preview":"max-image-preview:large","max-video-preview":"max-video-preview:-1"},"og_locale":"en_US","og_type":"article","og_title":"Canapea modular\u0103 ALLURE","og_description":"Canapeaua modular\u0103 Allure \u2014 o \u00eembr\u0103\u021bi\u0219are de stil \u0219i confort Modelul Allure de la Di\u2019vani este o canapea modular\u0103 g\u00e2ndit\u0103 pentru a aduce relaxare total\u0103 \u0219i elegan\u021b\u0103 fluid\u0103 \u00een orice spa\u021biu. Compozi\u021bia este format\u0103 din module individuale care pot fi rearanjate cu u\u0219urin\u021b\u0103, adapt\u00e2ndu-se la nevoile fiec\u0103rui c\u0103min. Formele rotunjite \u0219i voluminoase creeaz\u0103 o prezen\u021b\u0103 cald\u0103 \u0219i atr\u0103g\u0103toare \u00een decor.  Materialul de tapi\u021berie este o \u021bes\u0103tur\u0103 boucle, \u00eentr-o nuan\u021b\u0103 crem natural\u0103, moale \u0219i pl\u0103cut\u0103 la atingere. Pernele mari \u0219i pufoase, inclusiv un accesoriu decorativ sferic, ofer\u0103 suport delicat \u0219i accentueaz\u0103 confortul vizual \u0219i fizic. Designul f\u0103r\u0103 picioare vizibile confer\u0103 o imagine solid\u0103 \u0219i coerent\u0103 \u2014 perfect\u0103 pentru spa\u021bii \u00een stil minimalist, scandinav sau retro-modern.  Allure devine rapid piesa central\u0103 \u00eentr-un living generos, un col\u021b de relaxare sau un open space contemporan. Este o canapea care invit\u0103 la odihn\u0103 autentic\u0103 \u0219i prezen\u021b\u0103 stilistic\u0103.","og_url":"https:\/\/new.divani.ro\/en\/product\/canapea-modulara-allure\/","og_site_name":"DI&#039;VANI","article_modified_time":"2026-03-25T07:19:09+00:00","og_image":[{"width":2000,"height":1333,"url":"http:\/\/new.divani.ro\/wp-content\/uploads\/2025\/05\/r6mb2854-enhanced-nr.jpg","type":"image\/jpeg"}],"twitter_card":"summary_large_image","twitter_misc":{"Price":"40 500&nbsp;MDL","Availability":"In stock"},"schema":{"@context":"https:\/\/schema.org","@graph":[{"@type":"WebPage","@id":"https:\/\/new.divani.ro\/en\/product\/canapea-modulara-allure\/","url":"https:\/\/new.divani.ro\/en\/product\/canapea-modulara-allure\/","name":"Canapea modular\u0103 ALLURE \ufe0f","isPartOf":{"@id":"https:\/\/new.divani.ro\/en\/#website"},"primaryImageOfPage":{"@id":"https:\/\/new.divani.ro\/en\/product\/canapea-modulara-allure\/#primaryimage"},"image":{"@id":"https:\/\/new.divani.ro\/en\/product\/canapea-modulara-allure\/#primaryimage"},"thumbnailUrl":"https:\/\/new.divani.ro\/wp-content\/uploads\/2025\/05\/r6mb2854-enhanced-nr.jpg","datePublished":"2025-05-30T13:21:28+00:00","dateModified":"2026-03-25T07:19:09+00:00","description":"Canapeaua modular\u0103 Allure \u2014 o \u00eembr\u0103\u021bi\u0219are de stil \u0219i confort Modelul Allure de la Di\u2019vani este o canapea modular\u0103 g\u00e2ndit\u0103 pentru a aduce relaxare total\u0103 \u0219i elegan\u021b\u0103 fluid\u0103 \u00een orice spa\u021biu. Compozi\u021bia este format\u0103 din module individuale care pot fi rearanjate cu u\u0219urin\u021b\u0103, adapt\u00e2ndu-se la nevoile fiec\u0103rui c\u0103min. Formele rotunjite \u0219i voluminoase creeaz\u0103 o prezen\u021b\u0103 cald\u0103 \u0219i atr\u0103g\u0103toare \u00een decor. Materialul de tapi\u021berie este o \u021bes\u0103tur\u0103 boucle, \u00eentr-o nuan\u021b\u0103 crem natural\u0103, moale \u0219i pl\u0103cut\u0103 la atingere. Pernele mari \u0219i pufoase, inclusiv un accesoriu decorativ sferic, ofer\u0103 suport delicat \u0219i accentueaz\u0103 confortul vizual \u0219i fizic. Designul f\u0103r\u0103 picioare vizibile confer\u0103 o imagine solid\u0103 \u0219i coerent\u0103 \u2014 perfect\u0103 pentru spa\u021bii \u00een stil minimalist, scandinav sau retro-modern. Allure devine rapid piesa central\u0103 \u00eentr-un living generos, un col\u021b de relaxare sau un open space contemporan. Este o canapea care invit\u0103 la odihn\u0103 autentic\u0103 \u0219i prezen\u021b\u0103 stilistic\u0103.","breadcrumb":{"@id":"https:\/\/new.divani.ro\/en\/product\/canapea-modulara-allure\/#breadcrumb"},"inLanguage":"en-US","potentialAction":[{"@type":"ReadAction","target":["https:\/\/new.divani.ro\/en\/product\/canapea-modulara-allure\/"]}]},{"@type":"ImageObject","inLanguage":"en-US","@id":"https:\/\/new.divani.ro\/en\/product\/canapea-modulara-allure\/#primaryimage","url":"https:\/\/new.divani.ro\/wp-content\/uploads\/2025\/05\/r6mb2854-enhanced-nr.jpg","contentUrl":"https:\/\/new.divani.ro\/wp-content\/uploads\/2025\/05\/r6mb2854-enhanced-nr.jpg","width":2000,"height":1333},{"@type":"BreadcrumbList","@id":"https:\/\/new.divani.ro\/en\/product\/canapea-modulara-allure\/#breadcrumb","itemListElement":[{"@type":"ListItem","position":1,"name":"Home","item":"https:\/\/new.divani.ro\/en\/"},{"@type":"ListItem","position":2,"name":"Catalog","item":"https:\/\/new.divani.ro\/magazin\/"},{"@type":"ListItem","position":3,"name":"Corner Sofas","item":"https:\/\/new.divani.ro\/en\/product-category\/corner-sofas\/"},{"@type":"ListItem","position":4,"name":"Canapea modular\u0103 ALLURE"}]},{"@type":"WebSite","@id":"https:\/\/new.divani.ro\/en\/#website","url":"https:\/\/new.divani.ro\/en\/","name":"DI'VANI","description":"","publisher":{"@id":"https:\/\/new.divani.ro\/en\/#organization"},"potentialAction":[{"@type":"SearchAction","target":{"@type":"EntryPoint","urlTemplate":"https:\/\/new.divani.ro\/en\/?s={search_term_string}"},"query-input":{"@type":"PropertyValueSpecification","valueRequired":true,"valueName":"search_term_string"}}],"inLanguage":"en-US"},{"@type":"Organization","@id":"https:\/\/new.divani.ro\/en\/#organization","name":"DI'VANI","url":"https:\/\/new.divani.ro\/en\/","logo":{"@type":"ImageObject","inLanguage":"en-US","@id":"https:\/\/new.divani.ro\/en\/#\/schema\/logo\/image\/","url":"https:\/\/new.divani.ro\/wp-content\/uploads\/2024\/04\/divanilogo.svg","contentUrl":"https:\/\/new.divani.ro\/wp-content\/uploads\/2024\/04\/divanilogo.svg","width":1715,"height":634,"caption":"DI'VANI"},"image":{"@id":"https:\/\/new.divani.ro\/en\/#\/schema\/logo\/image\/"}}]},"product_price_amount":"40500","product_price_currency":"MDL","og_availability":"instock","product_availability":"instock","product_condition":"new"},"_links":{"self":[{"href":"https:\/\/new.divani.ro\/en\/wp-json\/wp\/v2\/product\/12766","targetHints":{"allow":["GET"]}}],"collection":[{"href":"https:\/\/new.divani.ro\/en\/wp-json\/wp\/v2\/product"}],"about":[{"href":"https:\/\/new.divani.ro\/en\/wp-json\/wp\/v2\/types\/product"}],"wp:featuredmedia":[{"embeddable":true,"href":"https:\/\/new.divani.ro\/en\/wp-json\/wp\/v2\/media\/12770"}],"wp:attachment":[{"href":"https:\/\/new.divani.ro\/en\/wp-json\/wp\/v2\/media?parent=12766"}],"wp:term":[{"taxonomy":"product_brand","embeddable":true,"href":"https:\/\/new.divani.ro\/en\/wp-json\/wp\/v2\/product_brand?post=12766"},{"taxonomy":"product_cat","embeddable":true,"href":"https:\/\/new.divani.ro\/en\/wp-json\/wp\/v2\/product_cat?post=12766"},{"taxonomy":"product_tag","embeddable":true,"href":"https:\/\/new.divani.ro\/en\/wp-json\/wp\/v2\/product_tag?post=12766"}],"curies":[{"name":"wp","href":"https:\/\/api.w.org\/{rel}","templated":true}]}}