{"id":12683,"date":"2025-05-30T16:07:35","date_gmt":"2025-05-30T13:07:35","guid":{"rendered":"http:\/\/new.divani.ro\/?post_type=product&#038;p=12683"},"modified":"2026-03-25T11:41:15","modified_gmt":"2026-03-25T09:41:15","slug":"canapea-modulara-vogue","status":"publish","type":"product","link":"https:\/\/new.divani.ro\/en\/product\/canapea-modulara-vogue\/","title":{"rendered":"Canapea modular\u0103 Vogue"},"content":{"rendered":"<p>Elegant\u0103 \u0219i extrem de versatil\u0103, canapeaua modular\u0103 VOGUE de la Di&#8217;vani aduce libertate \u00een amenajare, confort absolut \u0219i un rafinament discret \u00een orice locuin\u021b\u0103 modern\u0103.<\/p>\n","protected":false},"excerpt":{"rendered":"<h3>Canapeaua modular\u0103 VOGUE de la Di&#8217;vani \u2014 design inteligent \u0219i confort deplin<\/h3>\n<p>Modelul VOGUE este o canapea modular\u0103 ce combin\u0103 liniile elegante cu func\u021bionalitatea adaptabil\u0103. Sistemul este compus din module independente, u\u0219or de configurat \u00een func\u021bie de spa\u021biu: aranjament clasic, col\u021bar deschis sau zon\u0103 relax cu \u0219ezlong. Un modul pivotant ofer\u0103 flexibilitate \u0219i sprijin ergonomic suplimentar.<\/p>\n<p>\u021aes\u0103tura principal\u0103 este o p\u00e2nz\u0103 de calitate, cu textur\u0103 vizibil\u0103 \u0219i nuan\u021b\u0103 melanj bej deschis \u2014 moale la atingere, dar rezistent\u0103 \u0219i u\u0219or de \u00eentre\u021binut. Lateralele sunt finisate \u00eentr-o piele ecologic\u0103 tip catifea, \u00eentr-o nuan\u021b\u0103 cald\u0103 caramel, aduc\u00e2nd un contrast sofisticat. Picioarele metalice negre accentueaz\u0103 elegan\u021ba modern\u0103, iar \u00een\u0103l\u021bimea permite trecerea facil\u0103 a aspiratorului robot.<\/p>\n<p>Perfect\u0103 pentru livinguri contemporane sau spa\u021bii tip open space, canapeaua VOGUE este o alegere inteligent\u0103 care ofer\u0103 stil, confort \u0219i flexibilitate \u00eentr-un singur produs.<\/p>\n","protected":false},"featured_media":12690,"template":"","meta":{"_acf_changed":false,"inline_featured_image":false},"product_brand":[],"product_cat":[20,428],"product_tag":[],"class_list":{"0":"post-12683","1":"product","2":"type-product","3":"status-publish","4":"has-post-thumbnail","6":"product_cat-coltare","7":"product_cat-modele-in-3d","9":"first","10":"instock","11":"shipping-taxable","12":"purchasable","13":"product-type-simple"},"acf":[],"yoast_head":"<!-- This site is optimized with the Yoast SEO Premium plugin v23.2 (Yoast SEO v27.2) - https:\/\/yoast.com\/product\/yoast-seo-premium-wordpress\/ -->\n<title>Canapea modular\u0103 Vogue \ufe0f<\/title>\n<meta name=\"description\" content=\"Canapeaua modular\u0103 VOGUE de la Di&#039;vani \u2014 design inteligent \u0219i confort deplin Modelul VOGUE este o canapea modular\u0103 ce combin\u0103 liniile elegante cu func\u021bionalitatea adaptabil\u0103. Sistemul este compus din module independente, u\u0219or de configurat \u00een func\u021bie de spa\u021biu: aranjament clasic, col\u021bar deschis sau zon\u0103 relax cu \u0219ezlong. Un modul pivotant ofer\u0103 flexibilitate \u0219i sprijin ergonomic suplimentar.  \u021aes\u0103tura principal\u0103 este o p\u00e2nz\u0103 de calitate, cu textur\u0103 vizibil\u0103 \u0219i nuan\u021b\u0103 melanj bej deschis \u2014 moale la atingere, dar rezistent\u0103 \u0219i u\u0219or de \u00eentre\u021binut. Lateralele sunt finisate \u00eentr-o piele ecologic\u0103 tip catifea, \u00eentr-o nuan\u021b\u0103 cald\u0103 caramel, aduc\u00e2nd un contrast sofisticat. Picioarele metalice negre accentueaz\u0103 elegan\u021ba modern\u0103, iar \u00een\u0103l\u021bimea permite trecerea facil\u0103 a aspiratorului robot.  Perfect\u0103 pentru livinguri contemporane sau spa\u021bii tip open space, canapeaua VOGUE este o alegere inteligent\u0103 care ofer\u0103 stil, confort \u0219i flexibilitate \u00eentr-un singur produs.\" \/>\n<meta name=\"robots\" content=\"noindex, follow, max-snippet:-1, max-image-preview:large, max-video-preview:-1\" \/>\n<meta property=\"og:locale\" content=\"en_US\" \/>\n<meta property=\"og:type\" content=\"article\" \/>\n<meta property=\"og:title\" content=\"Canapea modular\u0103 Vogue\" \/>\n<meta property=\"og:description\" content=\"Canapeaua modular\u0103 VOGUE de la Di&#039;vani \u2014 design inteligent \u0219i confort deplin Modelul VOGUE este o canapea modular\u0103 ce combin\u0103 liniile elegante cu func\u021bionalitatea adaptabil\u0103. Sistemul este compus din module independente, u\u0219or de configurat \u00een func\u021bie de spa\u021biu: aranjament clasic, col\u021bar deschis sau zon\u0103 relax cu \u0219ezlong. Un modul pivotant ofer\u0103 flexibilitate \u0219i sprijin ergonomic suplimentar.  \u021aes\u0103tura principal\u0103 este o p\u00e2nz\u0103 de calitate, cu textur\u0103 vizibil\u0103 \u0219i nuan\u021b\u0103 melanj bej deschis \u2014 moale la atingere, dar rezistent\u0103 \u0219i u\u0219or de \u00eentre\u021binut. Lateralele sunt finisate \u00eentr-o piele ecologic\u0103 tip catifea, \u00eentr-o nuan\u021b\u0103 cald\u0103 caramel, aduc\u00e2nd un contrast sofisticat. Picioarele metalice negre accentueaz\u0103 elegan\u021ba modern\u0103, iar \u00een\u0103l\u021bimea permite trecerea facil\u0103 a aspiratorului robot.  Perfect\u0103 pentru livinguri contemporane sau spa\u021bii tip open space, canapeaua VOGUE este o alegere inteligent\u0103 care ofer\u0103 stil, confort \u0219i flexibilitate \u00eentr-un singur produs.\" \/>\n<meta property=\"og:url\" content=\"https:\/\/new.divani.ro\/en\/product\/canapea-modulara-vogue\/\" \/>\n<meta property=\"og:site_name\" content=\"DI&#039;VANI\" \/>\n<meta property=\"article:modified_time\" content=\"2026-03-25T09:41:15+00:00\" \/>\n<meta property=\"og:image\" content=\"http:\/\/new.divani.ro\/wp-content\/uploads\/2025\/05\/r6mb2397-enhanced-nr.jpg\" \/>\n\t<meta property=\"og:image:width\" content=\"2000\" \/>\n\t<meta property=\"og:image:height\" content=\"1333\" \/>\n\t<meta property=\"og:image:type\" content=\"image\/jpeg\" \/>\n<meta name=\"twitter:card\" content=\"summary_large_image\" \/>\n<meta name=\"twitter:label1\" content=\"Price\" \/>\n\t<meta name=\"twitter:data1\" content=\"65 500&nbsp;MDL\" \/>\n\t<meta name=\"twitter:label2\" content=\"Availability\" \/>\n\t<meta name=\"twitter:data2\" content=\"In stock\" \/>\n<script type=\"application\/ld+json\" class=\"yoast-schema-graph\">{\"@context\":\"https:\/\/schema.org\",\"@graph\":[{\"@type\":\"WebPage\",\"@id\":\"https:\/\/new.divani.ro\/en\/product\/canapea-modulara-vogue\/\",\"url\":\"https:\/\/new.divani.ro\/en\/product\/canapea-modulara-vogue\/\",\"name\":\"Canapea modular\u0103 Vogue \ufe0f\",\"isPartOf\":{\"@id\":\"https:\/\/new.divani.ro\/en\/#website\"},\"primaryImageOfPage\":{\"@id\":\"https:\/\/new.divani.ro\/en\/product\/canapea-modulara-vogue\/#primaryimage\"},\"image\":{\"@id\":\"https:\/\/new.divani.ro\/en\/product\/canapea-modulara-vogue\/#primaryimage\"},\"thumbnailUrl\":\"https:\/\/new.divani.ro\/wp-content\/uploads\/2025\/05\/r6mb2397-enhanced-nr.jpg\",\"datePublished\":\"2025-05-30T13:07:35+00:00\",\"dateModified\":\"2026-03-25T09:41:15+00:00\",\"description\":\"Canapeaua modular\u0103 VOGUE de la Di'vani \u2014 design inteligent \u0219i confort deplin Modelul VOGUE este o canapea modular\u0103 ce combin\u0103 liniile elegante cu func\u021bionalitatea adaptabil\u0103. Sistemul este compus din module independente, u\u0219or de configurat \u00een func\u021bie de spa\u021biu: aranjament clasic, col\u021bar deschis sau zon\u0103 relax cu \u0219ezlong. Un modul pivotant ofer\u0103 flexibilitate \u0219i sprijin ergonomic suplimentar. \u021aes\u0103tura principal\u0103 este o p\u00e2nz\u0103 de calitate, cu textur\u0103 vizibil\u0103 \u0219i nuan\u021b\u0103 melanj bej deschis \u2014 moale la atingere, dar rezistent\u0103 \u0219i u\u0219or de \u00eentre\u021binut. Lateralele sunt finisate \u00eentr-o piele ecologic\u0103 tip catifea, \u00eentr-o nuan\u021b\u0103 cald\u0103 caramel, aduc\u00e2nd un contrast sofisticat. Picioarele metalice negre accentueaz\u0103 elegan\u021ba modern\u0103, iar \u00een\u0103l\u021bimea permite trecerea facil\u0103 a aspiratorului robot. Perfect\u0103 pentru livinguri contemporane sau spa\u021bii tip open space, canapeaua VOGUE este o alegere inteligent\u0103 care ofer\u0103 stil, confort \u0219i flexibilitate \u00eentr-un singur produs.\",\"breadcrumb\":{\"@id\":\"https:\/\/new.divani.ro\/en\/product\/canapea-modulara-vogue\/#breadcrumb\"},\"inLanguage\":\"en-US\",\"potentialAction\":[{\"@type\":\"ReadAction\",\"target\":[\"https:\/\/new.divani.ro\/en\/product\/canapea-modulara-vogue\/\"]}]},{\"@type\":\"ImageObject\",\"inLanguage\":\"en-US\",\"@id\":\"https:\/\/new.divani.ro\/en\/product\/canapea-modulara-vogue\/#primaryimage\",\"url\":\"https:\/\/new.divani.ro\/wp-content\/uploads\/2025\/05\/r6mb2397-enhanced-nr.jpg\",\"contentUrl\":\"https:\/\/new.divani.ro\/wp-content\/uploads\/2025\/05\/r6mb2397-enhanced-nr.jpg\",\"width\":2000,\"height\":1333},{\"@type\":\"BreadcrumbList\",\"@id\":\"https:\/\/new.divani.ro\/en\/product\/canapea-modulara-vogue\/#breadcrumb\",\"itemListElement\":[{\"@type\":\"ListItem\",\"position\":1,\"name\":\"Home\",\"item\":\"https:\/\/new.divani.ro\/en\/\"},{\"@type\":\"ListItem\",\"position\":2,\"name\":\"Catalog\",\"item\":\"https:\/\/new.divani.ro\/magazin\/\"},{\"@type\":\"ListItem\",\"position\":3,\"name\":\"Corner Sofas\",\"item\":\"https:\/\/new.divani.ro\/en\/product-category\/corner-sofas\/\"},{\"@type\":\"ListItem\",\"position\":4,\"name\":\"Canapea modular\u0103 Vogue\"}]},{\"@type\":\"WebSite\",\"@id\":\"https:\/\/new.divani.ro\/en\/#website\",\"url\":\"https:\/\/new.divani.ro\/en\/\",\"name\":\"DI'VANI\",\"description\":\"\",\"publisher\":{\"@id\":\"https:\/\/new.divani.ro\/en\/#organization\"},\"potentialAction\":[{\"@type\":\"SearchAction\",\"target\":{\"@type\":\"EntryPoint\",\"urlTemplate\":\"https:\/\/new.divani.ro\/en\/?s={search_term_string}\"},\"query-input\":{\"@type\":\"PropertyValueSpecification\",\"valueRequired\":true,\"valueName\":\"search_term_string\"}}],\"inLanguage\":\"en-US\"},{\"@type\":\"Organization\",\"@id\":\"https:\/\/new.divani.ro\/en\/#organization\",\"name\":\"DI'VANI\",\"url\":\"https:\/\/new.divani.ro\/en\/\",\"logo\":{\"@type\":\"ImageObject\",\"inLanguage\":\"en-US\",\"@id\":\"https:\/\/new.divani.ro\/en\/#\/schema\/logo\/image\/\",\"url\":\"https:\/\/new.divani.ro\/wp-content\/uploads\/2024\/04\/divanilogo.svg\",\"contentUrl\":\"https:\/\/new.divani.ro\/wp-content\/uploads\/2024\/04\/divanilogo.svg\",\"width\":1715,\"height\":634,\"caption\":\"DI'VANI\"},\"image\":{\"@id\":\"https:\/\/new.divani.ro\/en\/#\/schema\/logo\/image\/\"}}]}<\/script>\n<meta property=\"product:price:amount\" content=\"65500\" \/>\n<meta property=\"product:price:currency\" content=\"MDL\" \/>\n<meta property=\"og:availability\" content=\"instock\" \/>\n<meta property=\"product:availability\" content=\"instock\" \/>\n<meta property=\"product:condition\" content=\"new\" \/>\n<!-- \/ Yoast SEO Premium plugin. -->","yoast_head_json":{"title":"Canapea modular\u0103 Vogue \ufe0f","description":"Canapeaua modular\u0103 VOGUE de la Di'vani \u2014 design inteligent \u0219i confort deplin Modelul VOGUE este o canapea modular\u0103 ce combin\u0103 liniile elegante cu func\u021bionalitatea adaptabil\u0103. Sistemul este compus din module independente, u\u0219or de configurat \u00een func\u021bie de spa\u021biu: aranjament clasic, col\u021bar deschis sau zon\u0103 relax cu \u0219ezlong. Un modul pivotant ofer\u0103 flexibilitate \u0219i sprijin ergonomic suplimentar.  \u021aes\u0103tura principal\u0103 este o p\u00e2nz\u0103 de calitate, cu textur\u0103 vizibil\u0103 \u0219i nuan\u021b\u0103 melanj bej deschis \u2014 moale la atingere, dar rezistent\u0103 \u0219i u\u0219or de \u00eentre\u021binut. Lateralele sunt finisate \u00eentr-o piele ecologic\u0103 tip catifea, \u00eentr-o nuan\u021b\u0103 cald\u0103 caramel, aduc\u00e2nd un contrast sofisticat. Picioarele metalice negre accentueaz\u0103 elegan\u021ba modern\u0103, iar \u00een\u0103l\u021bimea permite trecerea facil\u0103 a aspiratorului robot.  Perfect\u0103 pentru livinguri contemporane sau spa\u021bii tip open space, canapeaua VOGUE este o alegere inteligent\u0103 care ofer\u0103 stil, confort \u0219i flexibilitate \u00eentr-un singur produs.","robots":{"index":"noindex","follow":"follow","max-snippet":"max-snippet:-1","max-image-preview":"max-image-preview:large","max-video-preview":"max-video-preview:-1"},"og_locale":"en_US","og_type":"article","og_title":"Canapea modular\u0103 Vogue","og_description":"Canapeaua modular\u0103 VOGUE de la Di'vani \u2014 design inteligent \u0219i confort deplin Modelul VOGUE este o canapea modular\u0103 ce combin\u0103 liniile elegante cu func\u021bionalitatea adaptabil\u0103. Sistemul este compus din module independente, u\u0219or de configurat \u00een func\u021bie de spa\u021biu: aranjament clasic, col\u021bar deschis sau zon\u0103 relax cu \u0219ezlong. Un modul pivotant ofer\u0103 flexibilitate \u0219i sprijin ergonomic suplimentar.  \u021aes\u0103tura principal\u0103 este o p\u00e2nz\u0103 de calitate, cu textur\u0103 vizibil\u0103 \u0219i nuan\u021b\u0103 melanj bej deschis \u2014 moale la atingere, dar rezistent\u0103 \u0219i u\u0219or de \u00eentre\u021binut. Lateralele sunt finisate \u00eentr-o piele ecologic\u0103 tip catifea, \u00eentr-o nuan\u021b\u0103 cald\u0103 caramel, aduc\u00e2nd un contrast sofisticat. Picioarele metalice negre accentueaz\u0103 elegan\u021ba modern\u0103, iar \u00een\u0103l\u021bimea permite trecerea facil\u0103 a aspiratorului robot.  Perfect\u0103 pentru livinguri contemporane sau spa\u021bii tip open space, canapeaua VOGUE este o alegere inteligent\u0103 care ofer\u0103 stil, confort \u0219i flexibilitate \u00eentr-un singur produs.","og_url":"https:\/\/new.divani.ro\/en\/product\/canapea-modulara-vogue\/","og_site_name":"DI&#039;VANI","article_modified_time":"2026-03-25T09:41:15+00:00","og_image":[{"width":2000,"height":1333,"url":"http:\/\/new.divani.ro\/wp-content\/uploads\/2025\/05\/r6mb2397-enhanced-nr.jpg","type":"image\/jpeg"}],"twitter_card":"summary_large_image","twitter_misc":{"Price":"65 500&nbsp;MDL","Availability":"In stock"},"schema":{"@context":"https:\/\/schema.org","@graph":[{"@type":"WebPage","@id":"https:\/\/new.divani.ro\/en\/product\/canapea-modulara-vogue\/","url":"https:\/\/new.divani.ro\/en\/product\/canapea-modulara-vogue\/","name":"Canapea modular\u0103 Vogue \ufe0f","isPartOf":{"@id":"https:\/\/new.divani.ro\/en\/#website"},"primaryImageOfPage":{"@id":"https:\/\/new.divani.ro\/en\/product\/canapea-modulara-vogue\/#primaryimage"},"image":{"@id":"https:\/\/new.divani.ro\/en\/product\/canapea-modulara-vogue\/#primaryimage"},"thumbnailUrl":"https:\/\/new.divani.ro\/wp-content\/uploads\/2025\/05\/r6mb2397-enhanced-nr.jpg","datePublished":"2025-05-30T13:07:35+00:00","dateModified":"2026-03-25T09:41:15+00:00","description":"Canapeaua modular\u0103 VOGUE de la Di'vani \u2014 design inteligent \u0219i confort deplin Modelul VOGUE este o canapea modular\u0103 ce combin\u0103 liniile elegante cu func\u021bionalitatea adaptabil\u0103. Sistemul este compus din module independente, u\u0219or de configurat \u00een func\u021bie de spa\u021biu: aranjament clasic, col\u021bar deschis sau zon\u0103 relax cu \u0219ezlong. Un modul pivotant ofer\u0103 flexibilitate \u0219i sprijin ergonomic suplimentar. \u021aes\u0103tura principal\u0103 este o p\u00e2nz\u0103 de calitate, cu textur\u0103 vizibil\u0103 \u0219i nuan\u021b\u0103 melanj bej deschis \u2014 moale la atingere, dar rezistent\u0103 \u0219i u\u0219or de \u00eentre\u021binut. Lateralele sunt finisate \u00eentr-o piele ecologic\u0103 tip catifea, \u00eentr-o nuan\u021b\u0103 cald\u0103 caramel, aduc\u00e2nd un contrast sofisticat. Picioarele metalice negre accentueaz\u0103 elegan\u021ba modern\u0103, iar \u00een\u0103l\u021bimea permite trecerea facil\u0103 a aspiratorului robot. Perfect\u0103 pentru livinguri contemporane sau spa\u021bii tip open space, canapeaua VOGUE este o alegere inteligent\u0103 care ofer\u0103 stil, confort \u0219i flexibilitate \u00eentr-un singur produs.","breadcrumb":{"@id":"https:\/\/new.divani.ro\/en\/product\/canapea-modulara-vogue\/#breadcrumb"},"inLanguage":"en-US","potentialAction":[{"@type":"ReadAction","target":["https:\/\/new.divani.ro\/en\/product\/canapea-modulara-vogue\/"]}]},{"@type":"ImageObject","inLanguage":"en-US","@id":"https:\/\/new.divani.ro\/en\/product\/canapea-modulara-vogue\/#primaryimage","url":"https:\/\/new.divani.ro\/wp-content\/uploads\/2025\/05\/r6mb2397-enhanced-nr.jpg","contentUrl":"https:\/\/new.divani.ro\/wp-content\/uploads\/2025\/05\/r6mb2397-enhanced-nr.jpg","width":2000,"height":1333},{"@type":"BreadcrumbList","@id":"https:\/\/new.divani.ro\/en\/product\/canapea-modulara-vogue\/#breadcrumb","itemListElement":[{"@type":"ListItem","position":1,"name":"Home","item":"https:\/\/new.divani.ro\/en\/"},{"@type":"ListItem","position":2,"name":"Catalog","item":"https:\/\/new.divani.ro\/magazin\/"},{"@type":"ListItem","position":3,"name":"Corner Sofas","item":"https:\/\/new.divani.ro\/en\/product-category\/corner-sofas\/"},{"@type":"ListItem","position":4,"name":"Canapea modular\u0103 Vogue"}]},{"@type":"WebSite","@id":"https:\/\/new.divani.ro\/en\/#website","url":"https:\/\/new.divani.ro\/en\/","name":"DI'VANI","description":"","publisher":{"@id":"https:\/\/new.divani.ro\/en\/#organization"},"potentialAction":[{"@type":"SearchAction","target":{"@type":"EntryPoint","urlTemplate":"https:\/\/new.divani.ro\/en\/?s={search_term_string}"},"query-input":{"@type":"PropertyValueSpecification","valueRequired":true,"valueName":"search_term_string"}}],"inLanguage":"en-US"},{"@type":"Organization","@id":"https:\/\/new.divani.ro\/en\/#organization","name":"DI'VANI","url":"https:\/\/new.divani.ro\/en\/","logo":{"@type":"ImageObject","inLanguage":"en-US","@id":"https:\/\/new.divani.ro\/en\/#\/schema\/logo\/image\/","url":"https:\/\/new.divani.ro\/wp-content\/uploads\/2024\/04\/divanilogo.svg","contentUrl":"https:\/\/new.divani.ro\/wp-content\/uploads\/2024\/04\/divanilogo.svg","width":1715,"height":634,"caption":"DI'VANI"},"image":{"@id":"https:\/\/new.divani.ro\/en\/#\/schema\/logo\/image\/"}}]},"product_price_amount":"65500","product_price_currency":"MDL","og_availability":"instock","product_availability":"instock","product_condition":"new"},"_links":{"self":[{"href":"https:\/\/new.divani.ro\/en\/wp-json\/wp\/v2\/product\/12683","targetHints":{"allow":["GET"]}}],"collection":[{"href":"https:\/\/new.divani.ro\/en\/wp-json\/wp\/v2\/product"}],"about":[{"href":"https:\/\/new.divani.ro\/en\/wp-json\/wp\/v2\/types\/product"}],"wp:featuredmedia":[{"embeddable":true,"href":"https:\/\/new.divani.ro\/en\/wp-json\/wp\/v2\/media\/12690"}],"wp:attachment":[{"href":"https:\/\/new.divani.ro\/en\/wp-json\/wp\/v2\/media?parent=12683"}],"wp:term":[{"taxonomy":"product_brand","embeddable":true,"href":"https:\/\/new.divani.ro\/en\/wp-json\/wp\/v2\/product_brand?post=12683"},{"taxonomy":"product_cat","embeddable":true,"href":"https:\/\/new.divani.ro\/en\/wp-json\/wp\/v2\/product_cat?post=12683"},{"taxonomy":"product_tag","embeddable":true,"href":"https:\/\/new.divani.ro\/en\/wp-json\/wp\/v2\/product_tag?post=12683"}],"curies":[{"name":"wp","href":"https:\/\/api.w.org\/{rel}","templated":true}]}}