{"id":10743,"date":"2025-04-09T20:00:27","date_gmt":"2025-04-09T17:00:27","guid":{"rendered":"http:\/\/new.divani.ro\/?post_type=product&#038;p=10743"},"modified":"2025-07-30T10:30:01","modified_gmt":"2025-07-30T07:30:01","slug":"oglinda-sahari-negru","status":"publish","type":"product","link":"https:\/\/new.divani.ro\/en\/product\/oglinda-sahari-negru\/","title":{"rendered":"Oglind\u0103 Sahari Negru"},"content":{"rendered":"<p>Nu am creat nimic care s\u0103 ofere o perspectiv\u0103 mai distinctiv\u0103 dec\u00e2t oglinda Sahari. Aceast\u0103 oglind\u0103 neagr\u0103 de designer nu este doar o pies\u0103 statement, ci \u0219i o oper\u0103 de art\u0103 \u00een sine, cu detalii complexe care vor influen\u021ba atmosfera oric\u0103rui spa\u021biu \u00een care alegi s\u0103 o amplasezi. Realizat\u0103 cu m\u0103iestrie din sticl\u0103 de \u00eenalt\u0103 calitate, oglinda neagr\u0103 de perete ofer\u0103 o reflexie clar\u0103, f\u0103r\u0103 umbre dure, ad\u0103ug\u00e2nd profunzime \u0219i elegan\u021b\u0103 \u00eenc\u0103perii. Codri reu\u0219e\u0219te s\u0103 creeze un echilibru excelent \u00eentre design \u0219i calitate \u00een fiecare produs. A\u0219adar, a sosit momentul s\u0103 \u00eenlocuie\u0219ti vechea oglind\u0103 cu una nou\u0103, de perete \u2013 un element care nu doar completeaz\u0103 spa\u021biul, ci \u00eel transform\u0103. Aceste oglinzi sunt ideale pentru orice tip de ambient, oferind stil \u0219i durabilitate pe termen lung.<\/p>\n","protected":false},"excerpt":{"rendered":"<p>Nu am creat nimic care s\u0103 ofere o perspectiv\u0103 mai distinctiv\u0103 dec\u00e2t oglinda Sahari. Aceast\u0103 oglind\u0103 neagr\u0103 de designer nu este doar o pies\u0103 statement, ci \u0219i o oper\u0103 de art\u0103 \u00een sine, cu detalii complexe care vor influen\u021ba atmosfera oric\u0103rui spa\u021biu \u00een care alegi s\u0103 o amplasezi. Realizat\u0103 cu m\u0103iestrie din sticl\u0103 de \u00eenalt\u0103 calitate, oglinda neagr\u0103 de perete ofer\u0103 o reflexie clar\u0103, f\u0103r\u0103 umbre dure, ad\u0103ug\u00e2nd profunzime \u0219i elegan\u021b\u0103 \u00eenc\u0103perii. Codri reu\u0219e\u0219te s\u0103 creeze un echilibru excelent \u00eentre design \u0219i calitate \u00een fiecare produs. A\u0219adar, a sosit momentul s\u0103 \u00eenlocuie\u0219ti vechea oglind\u0103 cu una nou\u0103, de perete \u2013 un element care nu doar completeaz\u0103 spa\u021biul, ci \u00eel transform\u0103. Aceste oglinzi sunt ideale pentru orice tip de ambient, oferind stil \u0219i durabilitate pe termen lung.<\/p>\n","protected":false},"featured_media":10744,"template":"","meta":{"_acf_changed":false,"inline_featured_image":false},"product_brand":[],"product_cat":[165],"product_tag":[403],"class_list":{"0":"post-10743","1":"product","2":"type-product","3":"status-publish","4":"has-post-thumbnail","6":"product_cat-mirrors","7":"product_tag-wood","8":"pa_material-ash","10":"first","11":"instock","12":"purchasable","13":"product-type-simple"},"acf":[],"yoast_head":"<!-- This site is optimized with the Yoast SEO Premium plugin v23.2 (Yoast SEO v27.2) - https:\/\/yoast.com\/product\/yoast-seo-premium-wordpress\/ -->\n<title>Oglind\u0103 Sahari Negru \ufe0f<\/title>\n<meta name=\"description\" content=\"We have created no other thing that provides a more distinct viewpoint than the Sahari Mirror. This Designer Black Mirror not only stands out as a statement piece but also has complexities throughout the design that will set off the mood of any space you pick it for. Designer Black Mirror for Walls is exquisitely crafted from high-quality glass that provides a clear reflection with no harsh shadows. Codri provides an excellent balance of design and quality in its products. As a result, it is time to replace your old mirror with a new wall mirror. Furthermore, they are ideal for any setting, ensuring flair and long-term endurance.\" \/>\n<meta name=\"robots\" content=\"noindex, follow, max-snippet:-1, max-image-preview:large, max-video-preview:-1\" \/>\n<meta property=\"og:locale\" content=\"en_US\" \/>\n<meta property=\"og:type\" content=\"article\" \/>\n<meta property=\"og:title\" content=\"Oglind\u0103 Sahari Negru\" \/>\n<meta property=\"og:description\" content=\"We have created no other thing that provides a more distinct viewpoint than the Sahari Mirror. This Designer Black Mirror not only stands out as a statement piece but also has complexities throughout the design that will set off the mood of any space you pick it for. Designer Black Mirror for Walls is exquisitely crafted from high-quality glass that provides a clear reflection with no harsh shadows. Codri provides an excellent balance of design and quality in its products. As a result, it is time to replace your old mirror with a new wall mirror. Furthermore, they are ideal for any setting, ensuring flair and long-term endurance.\" \/>\n<meta property=\"og:url\" content=\"https:\/\/new.divani.ro\/en\/product\/oglinda-sahari-negru\/\" \/>\n<meta property=\"og:site_name\" content=\"DI&#039;VANI\" \/>\n<meta property=\"article:modified_time\" content=\"2025-07-30T07:30:01+00:00\" \/>\n<meta property=\"og:image\" content=\"https:\/\/new.divani.ro\/wp-content\/uploads\/2025\/03\/4u2a1340-scaled-1.jpg\" \/>\n\t<meta property=\"og:image:width\" content=\"2560\" \/>\n\t<meta property=\"og:image:height\" content=\"2560\" \/>\n\t<meta property=\"og:image:type\" content=\"image\/jpeg\" \/>\n<meta name=\"twitter:card\" content=\"summary_large_image\" \/>\n<meta name=\"twitter:label1\" content=\"Price\" \/>\n\t<meta name=\"twitter:data1\" content=\"16 000&nbsp;MDL\" \/>\n\t<meta name=\"twitter:label2\" content=\"Availability\" \/>\n\t<meta name=\"twitter:data2\" content=\"In stock\" \/>\n<script type=\"application\/ld+json\" class=\"yoast-schema-graph\">{\"@context\":\"https:\/\/schema.org\",\"@graph\":[{\"@type\":\"WebPage\",\"@id\":\"https:\/\/new.divani.ro\/en\/product\/oglinda-sahari-negru\/\",\"url\":\"https:\/\/new.divani.ro\/en\/product\/oglinda-sahari-negru\/\",\"name\":\"Oglind\u0103 Sahari Negru \ufe0f\",\"isPartOf\":{\"@id\":\"https:\/\/new.divani.ro\/en\/#website\"},\"primaryImageOfPage\":{\"@id\":\"https:\/\/new.divani.ro\/en\/product\/oglinda-sahari-negru\/#primaryimage\"},\"image\":{\"@id\":\"https:\/\/new.divani.ro\/en\/product\/oglinda-sahari-negru\/#primaryimage\"},\"thumbnailUrl\":\"https:\/\/new.divani.ro\/wp-content\/uploads\/2025\/03\/4u2a1340-scaled-1.jpg\",\"datePublished\":\"2025-04-09T17:00:27+00:00\",\"dateModified\":\"2025-07-30T07:30:01+00:00\",\"description\":\"We have created no other thing that provides a more distinct viewpoint than the Sahari Mirror. This Designer Black Mirror not only stands out as a statement piece but also has complexities throughout the design that will set off the mood of any space you pick it for. Designer Black Mirror for Walls is exquisitely crafted from high-quality glass that provides a clear reflection with no harsh shadows. Codri provides an excellent balance of design and quality in its products. As a result, it is time to replace your old mirror with a new wall mirror. Furthermore, they are ideal for any setting, ensuring flair and long-term endurance.\",\"breadcrumb\":{\"@id\":\"https:\/\/new.divani.ro\/en\/product\/oglinda-sahari-negru\/#breadcrumb\"},\"inLanguage\":\"en-US\",\"potentialAction\":[{\"@type\":\"ReadAction\",\"target\":[\"https:\/\/new.divani.ro\/en\/product\/oglinda-sahari-negru\/\"]}]},{\"@type\":\"ImageObject\",\"inLanguage\":\"en-US\",\"@id\":\"https:\/\/new.divani.ro\/en\/product\/oglinda-sahari-negru\/#primaryimage\",\"url\":\"https:\/\/new.divani.ro\/wp-content\/uploads\/2025\/03\/4u2a1340-scaled-1.jpg\",\"contentUrl\":\"https:\/\/new.divani.ro\/wp-content\/uploads\/2025\/03\/4u2a1340-scaled-1.jpg\",\"width\":2560,\"height\":2560},{\"@type\":\"BreadcrumbList\",\"@id\":\"https:\/\/new.divani.ro\/en\/product\/oglinda-sahari-negru\/#breadcrumb\",\"itemListElement\":[{\"@type\":\"ListItem\",\"position\":1,\"name\":\"Home\",\"item\":\"https:\/\/new.divani.ro\/en\/\"},{\"@type\":\"ListItem\",\"position\":2,\"name\":\"Catalog\",\"item\":\"https:\/\/new.divani.ro\/magazin\/\"},{\"@type\":\"ListItem\",\"position\":3,\"name\":\"Mirrors\",\"item\":\"https:\/\/new.divani.ro\/en\/product-category\/mirrors\/\"},{\"@type\":\"ListItem\",\"position\":4,\"name\":\"Oglind\u0103 Sahari Negru\"}]},{\"@type\":\"WebSite\",\"@id\":\"https:\/\/new.divani.ro\/en\/#website\",\"url\":\"https:\/\/new.divani.ro\/en\/\",\"name\":\"DI'VANI\",\"description\":\"\",\"publisher\":{\"@id\":\"https:\/\/new.divani.ro\/en\/#organization\"},\"potentialAction\":[{\"@type\":\"SearchAction\",\"target\":{\"@type\":\"EntryPoint\",\"urlTemplate\":\"https:\/\/new.divani.ro\/en\/?s={search_term_string}\"},\"query-input\":{\"@type\":\"PropertyValueSpecification\",\"valueRequired\":true,\"valueName\":\"search_term_string\"}}],\"inLanguage\":\"en-US\"},{\"@type\":\"Organization\",\"@id\":\"https:\/\/new.divani.ro\/en\/#organization\",\"name\":\"DI'VANI\",\"url\":\"https:\/\/new.divani.ro\/en\/\",\"logo\":{\"@type\":\"ImageObject\",\"inLanguage\":\"en-US\",\"@id\":\"https:\/\/new.divani.ro\/en\/#\/schema\/logo\/image\/\",\"url\":\"https:\/\/new.divani.ro\/wp-content\/uploads\/2024\/04\/divanilogo.svg\",\"contentUrl\":\"https:\/\/new.divani.ro\/wp-content\/uploads\/2024\/04\/divanilogo.svg\",\"width\":1715,\"height\":634,\"caption\":\"DI'VANI\"},\"image\":{\"@id\":\"https:\/\/new.divani.ro\/en\/#\/schema\/logo\/image\/\"}}]}<\/script>\n<meta property=\"product:price:amount\" content=\"16000\" \/>\n<meta property=\"product:price:currency\" content=\"MDL\" \/>\n<meta property=\"og:availability\" content=\"instock\" \/>\n<meta property=\"product:availability\" content=\"instock\" \/>\n<meta property=\"product:condition\" content=\"new\" \/>\n<!-- \/ Yoast SEO Premium plugin. -->","yoast_head_json":{"title":"Oglind\u0103 Sahari Negru \ufe0f","description":"We have created no other thing that provides a more distinct viewpoint than the Sahari Mirror. This Designer Black Mirror not only stands out as a statement piece but also has complexities throughout the design that will set off the mood of any space you pick it for. Designer Black Mirror for Walls is exquisitely crafted from high-quality glass that provides a clear reflection with no harsh shadows. Codri provides an excellent balance of design and quality in its products. As a result, it is time to replace your old mirror with a new wall mirror. Furthermore, they are ideal for any setting, ensuring flair and long-term endurance.","robots":{"index":"noindex","follow":"follow","max-snippet":"max-snippet:-1","max-image-preview":"max-image-preview:large","max-video-preview":"max-video-preview:-1"},"og_locale":"en_US","og_type":"article","og_title":"Oglind\u0103 Sahari Negru","og_description":"We have created no other thing that provides a more distinct viewpoint than the Sahari Mirror. This Designer Black Mirror not only stands out as a statement piece but also has complexities throughout the design that will set off the mood of any space you pick it for. Designer Black Mirror for Walls is exquisitely crafted from high-quality glass that provides a clear reflection with no harsh shadows. Codri provides an excellent balance of design and quality in its products. As a result, it is time to replace your old mirror with a new wall mirror. Furthermore, they are ideal for any setting, ensuring flair and long-term endurance.","og_url":"https:\/\/new.divani.ro\/en\/product\/oglinda-sahari-negru\/","og_site_name":"DI&#039;VANI","article_modified_time":"2025-07-30T07:30:01+00:00","og_image":[{"width":2560,"height":2560,"url":"https:\/\/new.divani.ro\/wp-content\/uploads\/2025\/03\/4u2a1340-scaled-1.jpg","type":"image\/jpeg"}],"twitter_card":"summary_large_image","twitter_misc":{"Price":"16 000&nbsp;MDL","Availability":"In stock"},"schema":{"@context":"https:\/\/schema.org","@graph":[{"@type":"WebPage","@id":"https:\/\/new.divani.ro\/en\/product\/oglinda-sahari-negru\/","url":"https:\/\/new.divani.ro\/en\/product\/oglinda-sahari-negru\/","name":"Oglind\u0103 Sahari Negru \ufe0f","isPartOf":{"@id":"https:\/\/new.divani.ro\/en\/#website"},"primaryImageOfPage":{"@id":"https:\/\/new.divani.ro\/en\/product\/oglinda-sahari-negru\/#primaryimage"},"image":{"@id":"https:\/\/new.divani.ro\/en\/product\/oglinda-sahari-negru\/#primaryimage"},"thumbnailUrl":"https:\/\/new.divani.ro\/wp-content\/uploads\/2025\/03\/4u2a1340-scaled-1.jpg","datePublished":"2025-04-09T17:00:27+00:00","dateModified":"2025-07-30T07:30:01+00:00","description":"We have created no other thing that provides a more distinct viewpoint than the Sahari Mirror. This Designer Black Mirror not only stands out as a statement piece but also has complexities throughout the design that will set off the mood of any space you pick it for. Designer Black Mirror for Walls is exquisitely crafted from high-quality glass that provides a clear reflection with no harsh shadows. Codri provides an excellent balance of design and quality in its products. As a result, it is time to replace your old mirror with a new wall mirror. Furthermore, they are ideal for any setting, ensuring flair and long-term endurance.","breadcrumb":{"@id":"https:\/\/new.divani.ro\/en\/product\/oglinda-sahari-negru\/#breadcrumb"},"inLanguage":"en-US","potentialAction":[{"@type":"ReadAction","target":["https:\/\/new.divani.ro\/en\/product\/oglinda-sahari-negru\/"]}]},{"@type":"ImageObject","inLanguage":"en-US","@id":"https:\/\/new.divani.ro\/en\/product\/oglinda-sahari-negru\/#primaryimage","url":"https:\/\/new.divani.ro\/wp-content\/uploads\/2025\/03\/4u2a1340-scaled-1.jpg","contentUrl":"https:\/\/new.divani.ro\/wp-content\/uploads\/2025\/03\/4u2a1340-scaled-1.jpg","width":2560,"height":2560},{"@type":"BreadcrumbList","@id":"https:\/\/new.divani.ro\/en\/product\/oglinda-sahari-negru\/#breadcrumb","itemListElement":[{"@type":"ListItem","position":1,"name":"Home","item":"https:\/\/new.divani.ro\/en\/"},{"@type":"ListItem","position":2,"name":"Catalog","item":"https:\/\/new.divani.ro\/magazin\/"},{"@type":"ListItem","position":3,"name":"Mirrors","item":"https:\/\/new.divani.ro\/en\/product-category\/mirrors\/"},{"@type":"ListItem","position":4,"name":"Oglind\u0103 Sahari Negru"}]},{"@type":"WebSite","@id":"https:\/\/new.divani.ro\/en\/#website","url":"https:\/\/new.divani.ro\/en\/","name":"DI'VANI","description":"","publisher":{"@id":"https:\/\/new.divani.ro\/en\/#organization"},"potentialAction":[{"@type":"SearchAction","target":{"@type":"EntryPoint","urlTemplate":"https:\/\/new.divani.ro\/en\/?s={search_term_string}"},"query-input":{"@type":"PropertyValueSpecification","valueRequired":true,"valueName":"search_term_string"}}],"inLanguage":"en-US"},{"@type":"Organization","@id":"https:\/\/new.divani.ro\/en\/#organization","name":"DI'VANI","url":"https:\/\/new.divani.ro\/en\/","logo":{"@type":"ImageObject","inLanguage":"en-US","@id":"https:\/\/new.divani.ro\/en\/#\/schema\/logo\/image\/","url":"https:\/\/new.divani.ro\/wp-content\/uploads\/2024\/04\/divanilogo.svg","contentUrl":"https:\/\/new.divani.ro\/wp-content\/uploads\/2024\/04\/divanilogo.svg","width":1715,"height":634,"caption":"DI'VANI"},"image":{"@id":"https:\/\/new.divani.ro\/en\/#\/schema\/logo\/image\/"}}]},"product_price_amount":"16000","product_price_currency":"MDL","og_availability":"instock","product_availability":"instock","product_condition":"new"},"_links":{"self":[{"href":"https:\/\/new.divani.ro\/en\/wp-json\/wp\/v2\/product\/10743","targetHints":{"allow":["GET"]}}],"collection":[{"href":"https:\/\/new.divani.ro\/en\/wp-json\/wp\/v2\/product"}],"about":[{"href":"https:\/\/new.divani.ro\/en\/wp-json\/wp\/v2\/types\/product"}],"wp:featuredmedia":[{"embeddable":true,"href":"https:\/\/new.divani.ro\/en\/wp-json\/wp\/v2\/media\/10744"}],"wp:attachment":[{"href":"https:\/\/new.divani.ro\/en\/wp-json\/wp\/v2\/media?parent=10743"}],"wp:term":[{"taxonomy":"product_brand","embeddable":true,"href":"https:\/\/new.divani.ro\/en\/wp-json\/wp\/v2\/product_brand?post=10743"},{"taxonomy":"product_cat","embeddable":true,"href":"https:\/\/new.divani.ro\/en\/wp-json\/wp\/v2\/product_cat?post=10743"},{"taxonomy":"product_tag","embeddable":true,"href":"https:\/\/new.divani.ro\/en\/wp-json\/wp\/v2\/product_tag?post=10743"}],"curies":[{"name":"wp","href":"https:\/\/api.w.org\/{rel}","templated":true}]}}